{"id":1544,"date":"2025-12-01T18:28:00","date_gmt":"2025-12-01T17:28:00","guid":{"rendered":"http:\/\/macozag.com\/?post_type=product&#038;p=1544"},"modified":"2025-12-01T18:29:10","modified_gmt":"2025-12-01T17:29:10","slug":"zj0303l-3-d4","status":"publish","type":"product","link":"https:\/\/macozag.com\/?product=zj0303l-3-d4","title":{"rendered":"ZJ0303L-3-D4"},"content":{"rendered":"<div class=\"elementor-element elementor-element-405ab78 e-con-full e-flex e-con e-child\" data-id=\"405ab78\" data-element_type=\"container\">\n<div class=\"elementor-element elementor-element-a2fe8c7 elementor-widget elementor-widget-text-editor\" data-id=\"a2fe8c7\" data-element_type=\"widget\" data-widget_type=\"text-editor.default\">\n<div class=\"elementor-widget-container\">\n<p>La\u00a0<strong>ZOJE ZJ0303L-3-D4<\/strong>\u00a0es una m\u00e1quina de coser vers\u00e1til, especialmente dise\u00f1ada para trabajos de tapicer\u00eda y cuero, ideal para materiales pesados. Est\u00e1 equipada con un sistema de arrastre compuesto (doble arrastre por prensatelas y diente), lo que garantiza un avance uniforme del material. Adem\u00e1s, cuenta con una bobina de gran capacidad.<\/p>\n<p>Ofrece una\u00a0<strong>velocidad m\u00e1xima de costura de 2000 rpm<\/strong>, una\u00a0<strong>longitud de puntada de hasta 8 mm<\/strong>\u00a0y una\u00a0<strong>elevaci\u00f3n del prensatelas superior de 5 mm<\/strong>. La amplia separaci\u00f3n entre el prensatelas y la tela (16 mm) facilita el manejo de materiales voluminosos. Tambi\u00e9n destaca por su\u00a0<strong>amplio campo de trabajo<\/strong>, con una distancia de 33,5 cm entre la barra de agujas y el brazo de la m\u00e1quina, e incorpora un\u00a0<strong>bot\u00f3n de compensaci\u00f3n electr\u00f3nica de puntada<\/strong> para mayor precisi\u00f3n.<\/p>\n<\/div>\n<\/div>\n<\/div>\n<div class=\"elementor-element elementor-element-0611197 e-con-full e-flex e-con e-child\" data-id=\"0611197\" data-element_type=\"container\">\n<div class=\"elementor-element elementor-element-d3f7ffc elementor-widget elementor-widget-text-editor\" data-id=\"d3f7ffc\" data-element_type=\"widget\" data-widget_type=\"text-editor.default\">\n<div class=\"elementor-widget-container\">\n<p><strong>Especificaciones t\u00e9cnicas:<\/strong><\/p>\n<table width=\"340\">\n<tbody>\n<tr>\n<td>Tipo de material de costura<\/td>\n<td>medio grueso<\/td>\n<\/tr>\n<tr>\n<td>Tipo de alimentaci\u00f3n<\/td>\n<td>doble arrastre,<\/p>\n<p>presatelas diente<\/td>\n<\/tr>\n<tr>\n<td>Posicionamiento autom\u00e1tico de la aguja<\/td>\n<td>S\u00ed<\/td>\n<\/tr>\n<tr>\n<td>Recorte autom\u00e1tico de hilo<\/td>\n<td>S\u00ed<\/td>\n<\/tr>\n<tr>\n<td>Elevador de pie autom\u00e1tico<\/td>\n<td>S\u00ed<\/td>\n<\/tr>\n<tr>\n<td>Atacado autom\u00e1tico<\/td>\n<td>S\u00ed<\/td>\n<\/tr>\n<tr>\n<td>Lubricaci\u00f3n autom\u00e1tica<\/td>\n<td>por c\u00e1rter<\/td>\n<\/tr>\n<tr>\n<td>Bot\u00f3n de compensaci\u00f3n de puntada<\/td>\n<td>S\u00ed<\/td>\n<\/tr>\n<tr>\n<td>Tipo de lubricaci\u00f3n<\/td>\n<td>engrase autom\u00e1tico por bomba de aceite<\/td>\n<\/tr>\n<tr>\n<td>Recortadora lateral<\/td>\n<td>No<\/td>\n<\/tr>\n<tr>\n<td>Iluminaci\u00f3n LED del campo de trabajo<\/td>\n<td>S\u00ed<\/td>\n<\/tr>\n<tr>\n<td>Longitud m\u00e1xima de puntada<\/td>\n<td>8,0 mil\u00edmetros<\/td>\n<\/tr>\n<tr>\n<td>Altura de elevaci\u00f3n del prensatelas<\/td>\n<td>16 mil\u00edmetros<\/td>\n<\/tr>\n<tr>\n<td>Velocidad m\u00e1xima de costura<\/td>\n<td>2000 ppm<\/td>\n<\/tr>\n<tr>\n<td>Servomotor de CA incorporado<\/td>\n<td>S\u00ed<\/td>\n<\/tr>\n<tr>\n<td>Sistema de agujas<\/td>\n<td>135X17<\/td>\n<\/tr>\n<tr>\n<td>Equipo<\/td>\n<td>Tablero y patas<\/td>\n<\/tr>\n<\/tbody>\n<\/table>\n<\/div>\n<\/div>\n<\/div>\n","protected":false},"excerpt":{"rendered":"<h2>M\u00e1quina industrial ZOJE ZJ0303L-3-D4<\/h2>\n<p>M\u00e1quina de 1 aguja arrastre por prensatelas y diente, puente largo 13\u201d (33 cms) para g\u00e9neros medios y gruesos, m\u00e1xima longitud de puntada 8mm, garfio gran capacidad. Equipada con cortah\u00edlos, remates, retirahilos y alzaprensatelas autom\u00e1tico.<br \/>\nMotorservo incorporado en el cabezal y luz de LEDs.<\/p>\n","protected":false},"featured_media":1545,"comment_status":"open","ping_status":"closed","template":"","meta":[],"product_brand":[],"product_cat":[109,29],"product_tag":[],"class_list":{"0":"post-1544","1":"product","2":"type-product","3":"status-publish","4":"has-post-thumbnail","6":"product_cat-zoje-doble-arrastre","7":"product_cat-doble-arrastre","9":"first","10":"instock","11":"taxable","12":"shipping-taxable","13":"product-type-simple"},"_links":{"self":[{"href":"https:\/\/macozag.com\/index.php?rest_route=\/wp\/v2\/product\/1544","targetHints":{"allow":["GET"]}}],"collection":[{"href":"https:\/\/macozag.com\/index.php?rest_route=\/wp\/v2\/product"}],"about":[{"href":"https:\/\/macozag.com\/index.php?rest_route=\/wp\/v2\/types\/product"}],"replies":[{"embeddable":true,"href":"https:\/\/macozag.com\/index.php?rest_route=%2Fwp%2Fv2%2Fcomments&post=1544"}],"wp:featuredmedia":[{"embeddable":true,"href":"https:\/\/macozag.com\/index.php?rest_route=\/wp\/v2\/media\/1545"}],"wp:attachment":[{"href":"https:\/\/macozag.com\/index.php?rest_route=%2Fwp%2Fv2%2Fmedia&parent=1544"}],"wp:term":[{"taxonomy":"product_brand","embeddable":true,"href":"https:\/\/macozag.com\/index.php?rest_route=%2Fwp%2Fv2%2Fproduct_brand&post=1544"},{"taxonomy":"product_cat","embeddable":true,"href":"https:\/\/macozag.com\/index.php?rest_route=%2Fwp%2Fv2%2Fproduct_cat&post=1544"},{"taxonomy":"product_tag","embeddable":true,"href":"https:\/\/macozag.com\/index.php?rest_route=%2Fwp%2Fv2%2Fproduct_tag&post=1544"}],"curies":[{"name":"wp","href":"https:\/\/api.w.org\/{rel}","templated":true}]}}