{"id":1530,"date":"2025-11-19T18:40:06","date_gmt":"2025-11-19T17:40:06","guid":{"rendered":"http:\/\/macozag.com\/?post_type=product&#038;p=1530"},"modified":"2025-12-01T17:39:12","modified_gmt":"2025-12-01T16:39:12","slug":"sl777b-32-32","status":"publish","type":"product","link":"https:\/\/macozag.com\/?product=sl777b-32-32","title":{"rendered":"SL777B-32-32"},"content":{"rendered":"<p>Cambia entre costura normal y corte durante la costura con un simple toque<br \/>\nLa cuchilla lateral puede subirse y bajarse con un simple toque mediante una palanca de f\u00e1cil uso. Esto le permite cambiar m\u00e1s f\u00e1cilmente entre costura normal y corte durante la costura.<br \/>\nOrificio para eliminar el polvo de 29,5 mm de anchura<br \/>\nLos retales cortados del material se transportan suavemente a trav\u00e9s de este orificio para limpiar el polvo al vertedero. Esto mantiene la parte superior de la mesa de trabajo limpia y permite seguir con la siguiente operaci\u00f3n sin ning\u00fan problema. Adem\u00e1s, si no se est\u00e1 utilizando la cuchilla lateral, la m\u00e1quinas de coser puede emplearse como pespunteador normal adjuntando una cubierta de placa de aguja.<br \/>\nConstruido dentro del brazo para mejorar considerablemente la facilidad de manejo<br \/>\nEl mecanismo de accionamiento de la cuchilla est\u00e1 construido dentro del brazo, lo que permite contar con m\u00e1s espacio alrededor de la aguja y favorece generalmente el manejo del material.<br \/>\nPuntada Pespunte<br \/>\nAplicaci\u00f3n Materiales medianos<br \/>\nLubricaci\u00f3n Lubricaci\u00f3n por mecha<br \/>\nVelocidad m\u00e1x. de costura 4500 puntadas\/minuto<br \/>\nLongitud m\u00e1x. de puntada 4,0 mm<br \/>\nAltura del prensatelas Palanca alza-prensatelas: 6 mm, elevador de rodilla: 13 mm<\/p>\n","protected":false},"excerpt":{"rendered":"<h1 class=\"product_title entry-title\">Brother puntada recta SL777B-32-32<\/h1>\n<p class=\"price\">Ideal para coser cuellos y solapas, tambi\u00e9n para puntada plana de dobladillos. El modo puede cambiarse a costura normal con un simple toque.Ancho de corte 3,2 mm,Una aguja, alimentaci\u00f3n, sin cortahilos, con cortador lateral vertical<\/p>\n<div class=\"woocommerce-product-details__short-description\">\n<p>.La m\u00e1quina se entrega con patas y tablero instalados.<\/p>\n<\/div>\n","protected":false},"featured_media":1531,"comment_status":"open","ping_status":"closed","template":"","meta":[],"product_brand":[],"product_cat":[95,27,24],"product_tag":[],"class_list":{"0":"post-1530","1":"product","2":"type-product","3":"status-publish","4":"has-post-thumbnail","6":"product_cat-brother-cortahilos","7":"product_cat-cortahilos","8":"product_cat-pespunte-recto","10":"first","11":"instock","12":"taxable","13":"shipping-taxable","14":"product-type-simple"},"_links":{"self":[{"href":"https:\/\/macozag.com\/index.php?rest_route=\/wp\/v2\/product\/1530","targetHints":{"allow":["GET"]}}],"collection":[{"href":"https:\/\/macozag.com\/index.php?rest_route=\/wp\/v2\/product"}],"about":[{"href":"https:\/\/macozag.com\/index.php?rest_route=\/wp\/v2\/types\/product"}],"replies":[{"embeddable":true,"href":"https:\/\/macozag.com\/index.php?rest_route=%2Fwp%2Fv2%2Fcomments&post=1530"}],"wp:featuredmedia":[{"embeddable":true,"href":"https:\/\/macozag.com\/index.php?rest_route=\/wp\/v2\/media\/1531"}],"wp:attachment":[{"href":"https:\/\/macozag.com\/index.php?rest_route=%2Fwp%2Fv2%2Fmedia&parent=1530"}],"wp:term":[{"taxonomy":"product_brand","embeddable":true,"href":"https:\/\/macozag.com\/index.php?rest_route=%2Fwp%2Fv2%2Fproduct_brand&post=1530"},{"taxonomy":"product_cat","embeddable":true,"href":"https:\/\/macozag.com\/index.php?rest_route=%2Fwp%2Fv2%2Fproduct_cat&post=1530"},{"taxonomy":"product_tag","embeddable":true,"href":"https:\/\/macozag.com\/index.php?rest_route=%2Fwp%2Fv2%2Fproduct_tag&post=1530"}],"curies":[{"name":"wp","href":"https:\/\/api.w.org\/{rel}","templated":true}]}}