{"id":1528,"date":"2025-11-19T18:35:40","date_gmt":"2025-11-19T17:35:40","guid":{"rendered":"http:\/\/macozag.com\/?post_type=product&#038;p=1528"},"modified":"2025-11-19T18:35:40","modified_gmt":"2025-11-19T17:35:40","slug":"s7300a-905","status":"publish","type":"product","link":"https:\/\/macozag.com\/?product=s7300a-905","title":{"rendered":"S7300A 905"},"content":{"rendered":"<p>Tipo de lubricaci\u00f3n m\u00ednima: pesada<\/p>\n<p>Una aguja, accionamiento directo, sistema de transporte electr\u00f3nico<\/p>\n<p>DIGIFLEX FEED conectado directamente al motor paso a paso,<\/p>\n<p>cortahilos con cuchilla m\u00f3vil doble: corte de hilo corto,<\/p>\n<p>cortahilos, parada autom\u00e1tica,<\/p>\n<p>elevador de pie electromagn\u00e9tico.<\/p>\n<p>Dispositivo de sujeci\u00f3n de alambre superior.<\/p>\n<p>Panel de operaci\u00f3n LCD a color y luz integrada.<\/p>\n<p>Sensor para detecci\u00f3n de espesor \u2013 Puntada ornamental.<\/p>\n<p>Equipado con puerto USB.<\/p>\n<p>m\u00e1x. velocidad de costura 4000 \u2013 5000 puntadas\/min.<\/p>\n<p>m\u00e1x. longitud de puntada 5,0 \u2013 7,0 mm.<\/p>\n<p>Costura de alta calidad, ahorro de energ\u00eda<\/p>\n<p>El primer directorio de control de alimentaci\u00f3n electr\u00f3nica del mundo conectado con un motor paso a paso<\/p>\n<div class=\"mod-compoundA011\">\n<div class=\"mod-compoundA011_inner\">\n<div class=\"mod-compoundA011_item\">\n<div class=\"mod-compoundA011_grid\">\n<div class=\"mod-compoundA011_text\">\n<p>Adopt\u00f3 la primera funci\u00f3n del mundo que utiliza un sistema de alimentaci\u00f3n electr\u00f3nica y es capaz de cambiar el movimiento de alimentaci\u00f3n seg\u00fan el uso.<\/p>\n<\/div>\n<div id=\"cphMain_machineproducttop_0_rptMainFeature_divMainFeatureImg_0\">\n<div class=\"mod-compoundA011_img js-modal\"><a class=\"js-modal_trigger\" href=\"https:\/\/industrialsewingmachine.global.brother\/-\/media\/machinery\/ism\/product\/ism\/img\/s7300a\/digiflex-detail_en.ashx\"><img loading=\"lazy\" decoding=\"async\" class=\"\" src=\"https:\/\/industrialsewingmachine.global.brother\/-\/media\/machinery\/ism\/product\/ism\/img\/s7300a\/digiflex-detail_en.ashx\" alt=\"El primer directorio de control de alimentaci\u00f3n electr\u00f3nica del mundo conectado con un motor paso a paso\" width=\"499\" height=\"334\" \/><\/a><\/div>\n<\/div>\n<\/div>\n<\/div>\n<div class=\"mod-compoundA011_item\">\n<div class=\"mod-compoundA011_lead\">Funci\u00f3n de prevenci\u00f3n de rotura de aguja<\/div>\n<div class=\"mod-compoundA011_grid\">\n<div class=\"mod-compoundA011_text\">\n<p>Con el sistema de alimentaci\u00f3n electr\u00f3nica, controla la sincronizaci\u00f3n del movimiento de la aguja y el perro de alimentaci\u00f3n mientras cose y evita que se rompa la aguja.<\/p>\n<\/div>\n<div id=\"cphMain_machineproducttop_0_rptMainFeature_divMainFeatureImg_1\">\n<div class=\"mod-compoundA011_img js-modal\"><a class=\"js-modal_trigger\" href=\"https:\/\/industrialsewingmachine.global.brother\/-\/media\/machinery\/ism\/product\/ism\/img\/s7300a\/hariore-detail.ashx\"><img loading=\"lazy\" decoding=\"async\" class=\"\" src=\"https:\/\/industrialsewingmachine.global.brother\/-\/media\/machinery\/ism\/product\/ism\/img\/s7300a\/hariore-detail.ashx\" alt=\"Funci\u00f3n de prevenci\u00f3n de rotura de aguja\" width=\"506\" height=\"339\" \/><\/a><\/div>\n<\/div>\n<\/div>\n<\/div>\n<div class=\"mod-compoundA011_item\">\n<div class=\"mod-compoundA011_lead\">Nuevo sistema de corte de hilo de doble acci\u00f3n<\/div>\n<div class=\"mod-compoundA011_grid\">\n<div class=\"mod-compoundA011_text\">\n<p>Rosca restante corta m\u00ednima 3 mm.\u00a0Mejora la calidad de la costura mediante la reducci\u00f3n del nido de p\u00e1jaro.<\/p>\n<\/div>\n<div id=\"cphMain_machineproducttop_0_rptMainFeature_divMainFeatureImg_2\">\n<div class=\"mod-compoundA011_img js-modal\"><a class=\"js-modal_trigger\" href=\"https:\/\/industrialsewingmachine.global.brother\/-\/media\/machinery\/ism\/product\/ism\/img\/s7300a\/zantan-detail_en.ashx\"><img loading=\"lazy\" decoding=\"async\" class=\"\" src=\"https:\/\/industrialsewingmachine.global.brother\/-\/media\/machinery\/ism\/product\/ism\/img\/s7300a\/zantan-detail_en.ashx\" alt=\"Nuevo sistema de corte de hilo de doble acci\u00f3n\" width=\"541\" height=\"362\" \/><\/a><\/div>\n<\/div>\n<\/div>\n<\/div>\n<div class=\"mod-compoundA011_item\">\n<div class=\"mod-compoundA011_lead\">Mejora de la productividad al mejorar la gesti\u00f3n de la producci\u00f3n con IoT<\/div>\n<div class=\"mod-compoundA011_grid\">\n<div class=\"mod-compoundA011_text\">\n<p>La visualizaci\u00f3n mediante la conexi\u00f3n de la m\u00e1quina de coser y la tecnolog\u00eda inform\u00e1tica permite al cliente analizar, gestionar procesos y acelerar la mejora de la productividad y el trabajo de mantenimiento.<\/p>\n<\/div>\n<\/div>\n<\/div>\n<\/div>\n<\/div>\n","protected":false},"excerpt":{"rendered":"<h1 class=\"product_title entry-title\">Brother S7300A 905<\/h1>\n<p class=\"price\">Tipo de lubricaci\u00f3n m\u00ednima: pesada<\/p>\n<div class=\"woocommerce-product-details__short-description\">\n<p>Una aguja, accionamiento directo, sistema de transporte electr\u00f3nico<\/p>\n<p>cortahilos con cuchilla m\u00f3vil doble<\/p>\n<p>Panel de operaci\u00f3n LCD a color y luz integrada.<\/p>\n<p>Sensor para detecci\u00f3n de espesor \u2013 Puntada ornamental.<\/p>\n<p>Equipado con puerto USB.<\/p>\n<p>La m\u00e1quina se entrega con patas y tablero instalados<\/p>\n<\/div>\n","protected":false},"featured_media":1529,"comment_status":"open","ping_status":"closed","template":"","meta":[],"product_brand":[],"product_cat":[95,24,27],"product_tag":[],"class_list":{"0":"post-1528","1":"product","2":"type-product","3":"status-publish","4":"has-post-thumbnail","6":"product_cat-brother-cortahilos","7":"product_cat-pespunte-recto","8":"product_cat-cortahilos","10":"first","11":"instock","12":"taxable","13":"shipping-taxable","14":"product-type-simple"},"_links":{"self":[{"href":"https:\/\/macozag.com\/index.php?rest_route=\/wp\/v2\/product\/1528","targetHints":{"allow":["GET"]}}],"collection":[{"href":"https:\/\/macozag.com\/index.php?rest_route=\/wp\/v2\/product"}],"about":[{"href":"https:\/\/macozag.com\/index.php?rest_route=\/wp\/v2\/types\/product"}],"replies":[{"embeddable":true,"href":"https:\/\/macozag.com\/index.php?rest_route=%2Fwp%2Fv2%2Fcomments&post=1528"}],"wp:featuredmedia":[{"embeddable":true,"href":"https:\/\/macozag.com\/index.php?rest_route=\/wp\/v2\/media\/1529"}],"wp:attachment":[{"href":"https:\/\/macozag.com\/index.php?rest_route=%2Fwp%2Fv2%2Fmedia&parent=1528"}],"wp:term":[{"taxonomy":"product_brand","embeddable":true,"href":"https:\/\/macozag.com\/index.php?rest_route=%2Fwp%2Fv2%2Fproduct_brand&post=1528"},{"taxonomy":"product_cat","embeddable":true,"href":"https:\/\/macozag.com\/index.php?rest_route=%2Fwp%2Fv2%2Fproduct_cat&post=1528"},{"taxonomy":"product_tag","embeddable":true,"href":"https:\/\/macozag.com\/index.php?rest_route=%2Fwp%2Fv2%2Fproduct_tag&post=1528"}],"curies":[{"name":"wp","href":"https:\/\/api.w.org\/{rel}","templated":true}]}}