{"id":1525,"date":"2025-11-19T18:23:59","date_gmt":"2025-11-19T17:23:59","guid":{"rendered":"http:\/\/macozag.com\/?post_type=product&#038;p=1525"},"modified":"2025-11-19T18:23:59","modified_gmt":"2025-11-19T17:23:59","slug":"s7250a-703","status":"publish","type":"product","link":"https:\/\/macozag.com\/?product=s7250a-703","title":{"rendered":"S7250A-703"},"content":{"rendered":"<h1 class=\"product_title entry-title\">Industrial coser de una aguja S7250A-703 BROTHER<\/h1>\n<p class=\"price\">Materiales medianos<\/p>\n<div class=\"woocommerce-product-details__short-description\">\n<p>Aguja \u00fanica, accionamiento directo, sistema de alimentaci\u00f3n electr\u00f3nico<br \/>\nDIGIFLEX FEED conectado directamente con motor paso a paso,<br \/>\ncortahilos, limpiahilos, remate autom\u00e1tico<br \/>\nDispositivo de sujeci\u00f3n del hilo superior<br \/>\nInterruptor manual adicional<br \/>\nm\u00e1x. velocidad de costura 4000 \u2013 5000 spm<br \/>\nm\u00e1x. largo de puntada 5,0 \u2013 7,0 mm. (predeterminado 5,0 mm)<br \/>\nAltura del prensatelas 6 mm \u2013 Elevador de rodilla 13 mm<br \/>\nCostura limpia, modelo de ahorro de energ\u00eda.<br \/>\nLuz de costura integrada<\/p>\n<p>Reduce al rotura de la aguja, el deslizamiento y frunce de materiales con DFF<br \/>\nEliminaci\u00f3n de manchas de aceite debidas a la adaptaci\u00f3n del tipo de colector de aceite sellado.<br \/>\nMejora la productividad al perfeccionar la gesti\u00f3n de la producci\u00f3n con IoT<br \/>\nLa m\u00e1quina se entrega con patas y tablero instalados<\/p>\n<\/div>\n","protected":false},"excerpt":{"rendered":"<h1 class=\"product_title entry-title\">Industrial coser de una aguja S7250A-703 BROTHER<\/h1>\n<p class=\"price\">Materiales medianos<\/p>\n<div class=\"woocommerce-product-details__short-description\">\n<p>Aguja \u00fanica, accionamiento directo, sistema de alimentaci\u00f3n electr\u00f3nico<br \/>\nDIGIFLEX FEED conectado directamente con motor paso a paso,<br \/>\ncortahilos, limpiahilos, remate autom\u00e1tico<br \/>\nDispositivo de sujeci\u00f3n del hilo superior<br \/>\nInterruptor manual adicional<br \/>\nLa m\u00e1quina se entrega con patas y tablero instalados<\/p>\n<\/div>\n","protected":false},"featured_media":1524,"comment_status":"open","ping_status":"closed","template":"","meta":[],"product_brand":[],"product_cat":[95,27,24],"product_tag":[],"class_list":{"0":"post-1525","1":"product","2":"type-product","3":"status-publish","4":"has-post-thumbnail","6":"product_cat-brother-cortahilos","7":"product_cat-cortahilos","8":"product_cat-pespunte-recto","10":"first","11":"instock","12":"taxable","13":"shipping-taxable","14":"product-type-simple"},"_links":{"self":[{"href":"https:\/\/macozag.com\/index.php?rest_route=\/wp\/v2\/product\/1525","targetHints":{"allow":["GET"]}}],"collection":[{"href":"https:\/\/macozag.com\/index.php?rest_route=\/wp\/v2\/product"}],"about":[{"href":"https:\/\/macozag.com\/index.php?rest_route=\/wp\/v2\/types\/product"}],"replies":[{"embeddable":true,"href":"https:\/\/macozag.com\/index.php?rest_route=%2Fwp%2Fv2%2Fcomments&post=1525"}],"wp:featuredmedia":[{"embeddable":true,"href":"https:\/\/macozag.com\/index.php?rest_route=\/wp\/v2\/media\/1524"}],"wp:attachment":[{"href":"https:\/\/macozag.com\/index.php?rest_route=%2Fwp%2Fv2%2Fmedia&parent=1525"}],"wp:term":[{"taxonomy":"product_brand","embeddable":true,"href":"https:\/\/macozag.com\/index.php?rest_route=%2Fwp%2Fv2%2Fproduct_brand&post=1525"},{"taxonomy":"product_cat","embeddable":true,"href":"https:\/\/macozag.com\/index.php?rest_route=%2Fwp%2Fv2%2Fproduct_cat&post=1525"},{"taxonomy":"product_tag","embeddable":true,"href":"https:\/\/macozag.com\/index.php?rest_route=%2Fwp%2Fv2%2Fproduct_tag&post=1525"}],"curies":[{"name":"wp","href":"https:\/\/api.w.org\/{rel}","templated":true}]}}