{"id":1523,"date":"2025-11-19T18:20:38","date_gmt":"2025-11-19T17:20:38","guid":{"rendered":"http:\/\/macozag.com\/?post_type=product&#038;p=1523"},"modified":"2025-11-19T18:20:38","modified_gmt":"2025-11-19T17:20:38","slug":"s7250a-705p-premium","status":"publish","type":"product","link":"https:\/\/macozag.com\/?product=s7250a-705p-premium","title":{"rendered":"S7250A-705P-PREMIUM"},"content":{"rendered":"<p>Alimentador DigiFlex Control por alimentador electr\u00f3nico directo<br \/>\nAlimentador DigiFlex, por primera vez en el mundo equipada en una S-7300A ay muy valorada en el mercado, sirve para digitalizar el sistema de alimentaci\u00f3n y resolver varios problemas de costura sin necesidad de tener que efectuar reajustes.<br \/>\nOptimizaci\u00f3n de tiempo de alimentaci\u00f3n de la tela al cambiar al movimiento de alimentaci\u00f3n de DFF<br \/>\nEl tejido puede alimentarse en el momento adecuado, de manera que la aguja no se rompe ni siquiera al coser un material grueso.<br \/>\nCambio de control mec\u00e1nico a control de motor de pasos al equipar con DFF<br \/>\nComparado con el control mec\u00e1nico convencional, el control de motor de pasos permite que la costura de retroceso sea m\u00e1s r\u00e1pida y reduce la rotura de la aguja.<br \/>\nEquipado con funci\u00f3n de prevenci\u00f3n de rotura de la aguja durante la costura de retroceso<br \/>\nDetecci\u00f3n de la posici\u00f3n de la aguja y control adecuado del tiempo de alimentaci\u00f3n que previene de una costura de retroceso inadecuada si la aguja se rompe autom\u00e1ticamente.<\/p>\n","protected":false},"excerpt":{"rendered":"<h1 class=\"product_title entry-title\">Brother puntada recta S7250A-705P-PREMIUM<\/h1>\n<p class=\"price\">Materiales resistencia alta Aguja \u00fanica, Direct Drive, Sistema de alimentaci\u00f3n electr\u00f3nico DIGIFLEX FEED directamente conectado con el motor paso a paso, cortahilos, limpiahilos, remate autom\u00e1tico Dispositivo de sujeci\u00f3n del hilo superior<\/p>\n<div class=\"woocommerce-product-details__short-description\">\n<p>Mejora la productividad al perfeccionar la gesti\u00f3n de la producci\u00f3n con IoT<br \/>\nLa m\u00e1quina se entrega con patas y tablero instalados<\/p>\n<\/div>\n","protected":false},"featured_media":1524,"comment_status":"open","ping_status":"closed","template":"","meta":[],"product_brand":[],"product_cat":[95,24,27],"product_tag":[],"class_list":{"0":"post-1523","1":"product","2":"type-product","3":"status-publish","4":"has-post-thumbnail","6":"product_cat-brother-cortahilos","7":"product_cat-pespunte-recto","8":"product_cat-cortahilos","10":"first","11":"instock","12":"taxable","13":"shipping-taxable","14":"product-type-simple"},"_links":{"self":[{"href":"https:\/\/macozag.com\/index.php?rest_route=\/wp\/v2\/product\/1523","targetHints":{"allow":["GET"]}}],"collection":[{"href":"https:\/\/macozag.com\/index.php?rest_route=\/wp\/v2\/product"}],"about":[{"href":"https:\/\/macozag.com\/index.php?rest_route=\/wp\/v2\/types\/product"}],"replies":[{"embeddable":true,"href":"https:\/\/macozag.com\/index.php?rest_route=%2Fwp%2Fv2%2Fcomments&post=1523"}],"wp:featuredmedia":[{"embeddable":true,"href":"https:\/\/macozag.com\/index.php?rest_route=\/wp\/v2\/media\/1524"}],"wp:attachment":[{"href":"https:\/\/macozag.com\/index.php?rest_route=%2Fwp%2Fv2%2Fmedia&parent=1523"}],"wp:term":[{"taxonomy":"product_brand","embeddable":true,"href":"https:\/\/macozag.com\/index.php?rest_route=%2Fwp%2Fv2%2Fproduct_brand&post=1523"},{"taxonomy":"product_cat","embeddable":true,"href":"https:\/\/macozag.com\/index.php?rest_route=%2Fwp%2Fv2%2Fproduct_cat&post=1523"},{"taxonomy":"product_tag","embeddable":true,"href":"https:\/\/macozag.com\/index.php?rest_route=%2Fwp%2Fv2%2Fproduct_tag&post=1523"}],"curies":[{"name":"wp","href":"https:\/\/api.w.org\/{rel}","templated":true}]}}