{"id":1463,"date":"2025-11-16T16:50:07","date_gmt":"2025-11-16T16:50:07","guid":{"rendered":"http:\/\/macozag.com\/?post_type=product&#038;p=1463"},"modified":"2025-11-16T16:50:07","modified_gmt":"2025-11-16T16:50:07","slug":"a9200l-d4s-w-cp","status":"publish","type":"product","link":"https:\/\/macozag.com\/?product=a9200l-d4s-w-cp","title":{"rendered":"A9200L-D4S-W-CP"},"content":{"rendered":"<div class=\"elementor-element elementor-element-405ab78 e-con-full e-flex e-con e-child\" data-id=\"405ab78\" data-element_type=\"container\">\n<div class=\"elementor-element elementor-element-a2fe8c7 elementor-widget elementor-widget-text-editor\" data-id=\"a2fe8c7\" data-element_type=\"widget\" data-widget_type=\"text-editor.default\">\n<div class=\"elementor-widget-container\">\n<p>La\u00a0<strong>ZOJE A9200L-D4S-W-CP<\/strong>\u00a0es una m\u00e1quina electr\u00f3nica autom\u00e1tica de pespunte de una aguja, dise\u00f1ada para trabajar con materiales ligeros y medianos. Incorpora una pantalla t\u00e1ctil intuitiva y est\u00e1 equipada de serie con m\u00faltiples funciones autom\u00e1ticas que optimizan el proceso de costura:<\/p>\n<ul>\n<li><strong>Posicionamiento autom\u00e1tico de la aguja<\/strong><\/li>\n<li><strong>Cortahilos integrado<\/strong>, capaz de cortar hilos inferiores de hasta 3 mm (est\u00e1ndar de 5 mm)<\/li>\n<li><strong>Elevaci\u00f3n electr\u00f3nica del prensatelas<\/strong>, silenciosa y controlada por motor paso a paso, con una altura m\u00e1xima de 13 mm<\/li>\n<li><strong>Transporte inverso programable<\/strong>, con ajuste del tama\u00f1o de la presilla inicial y final<\/li>\n<li><strong>Programaci\u00f3n de puntadas adicionales y secciones de costura<\/strong>, gracias al sistema de transporte de material controlado por motor paso a paso<\/li>\n<li><strong>Control preciso de la puntada inicial<\/strong><\/li>\n<li><strong>Velocidad m\u00e1xima de costura de 5.000 puntadas por minuto (spm)<\/strong><\/li>\n<li><strong>Transporte inferior<\/strong>\u00a0con una longitud m\u00e1xima de puntada de 5 mm<\/li>\n<\/ul>\n<p>Adem\u00e1s, incorpora un\u00a0<strong>sistema de lubricaci\u00f3n cerrado e innovador<\/strong>, dividido en dos secciones: una dedicada al gancho, con detector de nivel de aceite y se\u00f1al sonora de advertencia, y otra para las piezas m\u00f3viles (excepto la barra de aguja, que permanece seca y protegida con recubrimiento de PTFE).<\/p>\n<p>Otras caracter\u00edsticas destacadas incluyen:<\/p>\n<ul>\n<li><strong>Puerto USB integrado<\/strong>\u00a0para carga de dispositivos m\u00f3viles (smartphones y tablets)<\/li>\n<li><strong>L\u00e1mpara LED de bajo consumo<\/strong>, con brillo ajustable en tres niveles para una mejor visibilidad del \u00e1rea de trabajo<\/li>\n<li><strong>Servomotor de CA de bajo consumo<\/strong>, con caja de control, panel de programaci\u00f3n e interruptor de encendido integrados en el cabezal<\/li>\n<\/ul>\n<\/div>\n<\/div>\n<\/div>\n<div class=\"elementor-element elementor-element-0611197 e-con-full e-flex e-con e-child\" data-id=\"0611197\" data-element_type=\"container\">\n<div class=\"elementor-element elementor-element-d3f7ffc elementor-widget elementor-widget-text-editor\" data-id=\"d3f7ffc\" data-element_type=\"widget\" data-widget_type=\"text-editor.default\">\n<div class=\"elementor-widget-container\">\n<p><strong><span dir=\"auto\">Especificaciones t\u00e9cnicas:<\/span><\/strong><\/p>\n<table class=\"tabAtrybuty\">\n<tbody>\n<tr>\n<td class=\"cechyTxt wartoscTlo \"><span dir=\"auto\">Tipo de material de costura<\/span><\/td>\n<td class=\"cechyValue wartoscTlo \"><span dir=\"auto\">ligero, medio<\/span><\/td>\n<\/tr>\n<tr>\n<td class=\"cechyTxt \"><span dir=\"auto\">Tipo de alimentaci\u00f3n<\/span><\/td>\n<td class=\"cechyValue \">arrastre por diente<\/td>\n<\/tr>\n<tr>\n<td class=\"cechyTxt wartoscTlo \"><span dir=\"auto\">Posicionamiento autom\u00e1tico de la aguja<\/span><\/td>\n<td class=\"cechyValue wartoscTlo \"><span dir=\"auto\">S\u00ed<\/span><\/td>\n<\/tr>\n<tr>\n<td class=\"cechyTxt \"><span dir=\"auto\">Recorte autom\u00e1tico de hilo<\/span><\/td>\n<td class=\"cechyValue \"><span dir=\"auto\">S\u00ed<\/span><\/td>\n<\/tr>\n<tr>\n<td class=\"cechyTxt wartoscTlo \"><span dir=\"auto\">Elevador de pie autom\u00e1tico<\/span><\/td>\n<td class=\"cechyValue wartoscTlo \">S\u00ed<\/td>\n<\/tr>\n<tr>\n<td class=\"cechyTxt \"><span dir=\"auto\">presillado autom\u00e1tico<\/span><\/td>\n<td class=\"cechyValue \">S\u00ed<\/td>\n<\/tr>\n<tr>\n<td class=\"cechyTxt wartoscTlo \"><span dir=\"auto\">Autolimpieza<\/span><\/td>\n<td class=\"cechyValue wartoscTlo \"><span dir=\"auto\">No<\/span><\/td>\n<\/tr>\n<tr>\n<td class=\"cechyTxt \"><span dir=\"auto\">Bot\u00f3n de compensaci\u00f3n de puntada<\/span><\/td>\n<td class=\"cechyValue \">S\u00ed<\/td>\n<\/tr>\n<tr>\n<td class=\"cechyTxt wartoscTlo \"><span dir=\"auto\">Tipo de lubricaci\u00f3n<\/span><\/td>\n<td class=\"cechyValue wartoscTlo \"><span dir=\"auto\">circuito central<\/span><\/td>\n<\/tr>\n<tr>\n<td class=\"cechyTxt \"><span dir=\"auto\">Recortadora lateral<\/span><\/td>\n<td class=\"cechyValue \"><span dir=\"auto\">No<\/span><\/td>\n<\/tr>\n<tr>\n<td class=\"cechyTxt wartoscTlo \"><span dir=\"auto\">Iluminaci\u00f3n LED del campo de trabajo<\/span><\/td>\n<td class=\"cechyValue wartoscTlo \"><span dir=\"auto\">S\u00ed<\/span><\/td>\n<\/tr>\n<tr>\n<td class=\"cechyTxt \"><span dir=\"auto\">Longitud m\u00e1xima de puntada<\/span><\/td>\n<td class=\"cechyValue \"><span dir=\"auto\">5,0 mil\u00edmetros<\/span><\/td>\n<\/tr>\n<tr>\n<td class=\"cechyTxt wartoscTlo \"><span dir=\"auto\">Altura de elevaci\u00f3n del prensatelas<\/span><\/td>\n<td class=\"cechyValue wartoscTlo \"><span dir=\"auto\">12 mil\u00edmetros<\/span><\/td>\n<\/tr>\n<tr>\n<td class=\"cechyTxt \"><span dir=\"auto\">Velocidad m\u00e1xima de costura<\/span><\/td>\n<td class=\"cechyValue \"><span dir=\"auto\">5000 ppm<\/span><\/td>\n<\/tr>\n<tr>\n<td class=\"cechyTxt wartoscTlo \"><span dir=\"auto\">Servomotor de CA incorporado<\/span><\/td>\n<td class=\"cechyValue wartoscTlo \"><span dir=\"auto\">S\u00ed<\/span><\/td>\n<\/tr>\n<tr>\n<td class=\"cechyTxt \"><span dir=\"auto\">Sistema de agujas<\/span><\/td>\n<td class=\"cechyValue \"><span dir=\"auto\">16X231<\/span><\/td>\n<\/tr>\n<tr>\n<td class=\"cechyTxt wartoscTlo \"><span dir=\"auto\">Equipo<\/span><\/td>\n<td class=\"cechyValue wartoscTlo \">Tablero y patas<\/td>\n<\/tr>\n<\/tbody>\n<\/table>\n<\/div>\n<\/div>\n<\/div>\n","protected":false},"excerpt":{"rendered":"<h1 class=\"product_title entry-title\">M\u00e1quina puntada recta ZOJE A9200L-D4S-W-CP<\/h1>\n<p>&nbsp;<\/p>\n<div class=\"woocommerce-product-details__short-description\">\n<p class=\"cvGsUA direction-ltr align-start para-style-body\"><span class=\"a_GcMg font-feature-liga-off font-feature-clig-off font-feature-calt-off text-decoration-none text-strikethrough-none\">Maquina de pespunte de puente largo de 30cm, de 1 aguja, garfio standard para g\u00e9neros medios y finos. Longitud m\u00e1xima de puntada 5mm y c\u00e1rter de aceite cerrado.<\/span><\/p>\n<p class=\"cvGsUA direction-ltr align-start para-style-body\"><span class=\"a_GcMg font-feature-liga-off font-feature-clig-off font-feature-calt-off text-decoration-none text-strikethrough-none\">Motor servo incorpordado. cortahilos, remates y longitud de puntada mediante motor paso a paso. Retirahilos por solenoide.<\/span>\u00a0<span class=\"a_GcMg font-feature-liga-off font-feature-clig-off font-feature-calt-off text-decoration-none text-strikethrough-none\">Velocidad m\u00e1xima 4000 ppm. Largo de puntada 5mm y altura del prensatelas 13mm. Posicionamiento de aguja y luz de LEDs<\/span><\/p>\n<\/div>\n","protected":false},"featured_media":1464,"comment_status":"open","ping_status":"closed","template":"","meta":[],"product_brand":[],"product_cat":[90,24],"product_tag":[],"class_list":{"0":"post-1463","1":"product","2":"type-product","3":"status-publish","4":"has-post-thumbnail","6":"product_cat-zoje","7":"product_cat-pespunte-recto","9":"first","10":"instock","11":"taxable","12":"shipping-taxable","13":"product-type-simple"},"_links":{"self":[{"href":"https:\/\/macozag.com\/index.php?rest_route=\/wp\/v2\/product\/1463","targetHints":{"allow":["GET"]}}],"collection":[{"href":"https:\/\/macozag.com\/index.php?rest_route=\/wp\/v2\/product"}],"about":[{"href":"https:\/\/macozag.com\/index.php?rest_route=\/wp\/v2\/types\/product"}],"replies":[{"embeddable":true,"href":"https:\/\/macozag.com\/index.php?rest_route=%2Fwp%2Fv2%2Fcomments&post=1463"}],"wp:featuredmedia":[{"embeddable":true,"href":"https:\/\/macozag.com\/index.php?rest_route=\/wp\/v2\/media\/1464"}],"wp:attachment":[{"href":"https:\/\/macozag.com\/index.php?rest_route=%2Fwp%2Fv2%2Fmedia&parent=1463"}],"wp:term":[{"taxonomy":"product_brand","embeddable":true,"href":"https:\/\/macozag.com\/index.php?rest_route=%2Fwp%2Fv2%2Fproduct_brand&post=1463"},{"taxonomy":"product_cat","embeddable":true,"href":"https:\/\/macozag.com\/index.php?rest_route=%2Fwp%2Fv2%2Fproduct_cat&post=1463"},{"taxonomy":"product_tag","embeddable":true,"href":"https:\/\/macozag.com\/index.php?rest_route=%2Fwp%2Fv2%2Fproduct_tag&post=1463"}],"curies":[{"name":"wp","href":"https:\/\/api.w.org\/{rel}","templated":true}]}}