{"id":1447,"date":"2025-11-14T17:46:15","date_gmt":"2025-11-14T17:46:15","guid":{"rendered":"http:\/\/macozag.com\/?post_type=product&#038;p=1447"},"modified":"2025-11-14T17:46:16","modified_gmt":"2025-11-14T17:46:16","slug":"singer-hd6805c","status":"publish","type":"product","link":"https:\/\/macozag.com\/?product=singer-hd6805c","title":{"rendered":"Singer HD6805C"},"content":{"rendered":"<p>La\u00a0<strong>SINGER HD 6805C<\/strong>\u00a0es una m\u00e1quina de coser de alta resistencia dise\u00f1ada para soportar proyectos de costura intensivos, tanto en el hogar como en talleres peque\u00f1os. Esta m\u00e1quina es parte de la serie Heavy Duty de Singer, lo que significa que est\u00e1 equipada para manejar una amplia gama de telas, desde ligeras hasta gruesas, con facilidad y precisi\u00f3n.<\/p>\n<h3><strong>Caracter\u00edsticas principales:<\/strong><\/h3>\n<ol>\n<li><strong>Potente motor de alta velocidad<\/strong>: La m\u00e1quina cuenta con un motor que ofrece un 60% m\u00e1s de potencia que las m\u00e1quinas est\u00e1ndar, lo que permite coser hasta 1.100 puntadas por minuto, ideal para ahorrar tiempo en proyectos grandes o en la producci\u00f3n de m\u00faltiples piezas.<\/li>\n<li><strong>Pantalla LCD<\/strong>: La interfaz de usuario es moderna y f\u00e1cil de usar, con una pantalla LCD que permite seleccionar y ajustar las puntadas con precisi\u00f3n. Puedes ver y modificar el ancho, largo de puntada y el tipo de puntada de manera sencilla.<\/li>\n<li><strong>Sistema de ojal en un solo paso<\/strong>: Dispone de 9 estilos de ojales completamente autom\u00e1ticos, lo que facilita la creaci\u00f3n de ojales precisos sin la necesidad de ajustes manuales complicados.<\/li>\n<li><strong>Robustez<\/strong>: La SINGER HD 6805C est\u00e1 fabricada con un bastidor interior de metal que le da mayor estabilidad y durabilidad. Esto, combinado con su estructura resistente, asegura que la m\u00e1quina pueda soportar el uso frecuente y el trabajo con telas gruesas como denim, cuero y lona.<\/li>\n<li><strong>Puntadas incorporadas<\/strong>: Ofrece 586 puntadas integradas, entre \u00fatiles, decorativas y de acolchado, brindando una amplia gama de opciones creativas para personalizar tus proyectos.<\/li>\n<li><strong>Ajustes autom\u00e1ticos de tensi\u00f3n<\/strong>: Garantiza puntadas equilibradas y uniformes, ajustando autom\u00e1ticamente la tensi\u00f3n del hilo seg\u00fan el tipo de tejido.<\/li>\n<li><strong>Funci\u00f3n de retroceso<\/strong>: Incluye una funci\u00f3n de retroceso de f\u00e1cil acceso para asegurar las costuras y evitar que se deshagan con el tiempo.<\/li>\n<li><strong>Cortahilos autom\u00e1tico<\/strong>: Facilita el proceso de corte de hilos, eliminando la necesidad de tijeras y ahorrando tiempo durante la costura.<\/li>\n<li><strong>Sistema de bobina de carga superior<\/strong>: Incluye un sistema de bobina f\u00e1cil de cargar que permite monitorizar la cantidad de hilo restante y facilita la inserci\u00f3n de la misma.<\/li>\n<li><strong>Iluminaci\u00f3n LED<\/strong>: Dispone de luces LED brillantes que iluminan el \u00e1rea de trabajo, lo que es ideal para coser con precisi\u00f3n en \u00e1reas de baja visibilidad o con detalles peque\u00f1os.<\/li>\n<\/ol>\n<h3>Accesorios incluidos:<\/h3>\n<ul>\n<li>Prensatelas universales y espec\u00edficos (cremalleras, botones, ojales, bordado, etc.).<\/li>\n<li>Destornillador y cepillo de limpieza.<\/li>\n<li>Agujas y bobinas adicionales.<\/li>\n<li>Gu\u00eda de bordado.<\/li>\n<li>Funda de protecci\u00f3n r\u00edgida para almacenamiento seguro.<\/li>\n<li>Pedal de control de velocidad.<\/li>\n<\/ul>\n","protected":false},"excerpt":{"rendered":"<p>Nuevo serial de Singer HD, la m\u00e1quina de toda la vida pero modernizada, mucho mas c\u00f3moda y sencilla que las anteriores, fuerza y potencia para tejidos gruesos, con m\u00e1s puntadas para que puedas usarla para mas labores lo que siempre has necesitado ahora en las nuevas Singer HD.<\/p>\n","protected":false},"featured_media":1448,"comment_status":"open","ping_status":"closed","template":"","meta":[],"product_brand":[],"product_cat":[94,22],"product_tag":[],"class_list":{"0":"post-1447","1":"product","2":"type-product","3":"status-publish","4":"has-post-thumbnail","6":"product_cat-singer-domesticas","7":"product_cat-domesticas","9":"first","10":"instock","11":"sale","12":"taxable","13":"shipping-taxable","14":"purchasable","15":"product-type-simple"},"_links":{"self":[{"href":"https:\/\/macozag.com\/index.php?rest_route=\/wp\/v2\/product\/1447","targetHints":{"allow":["GET"]}}],"collection":[{"href":"https:\/\/macozag.com\/index.php?rest_route=\/wp\/v2\/product"}],"about":[{"href":"https:\/\/macozag.com\/index.php?rest_route=\/wp\/v2\/types\/product"}],"replies":[{"embeddable":true,"href":"https:\/\/macozag.com\/index.php?rest_route=%2Fwp%2Fv2%2Fcomments&post=1447"}],"wp:featuredmedia":[{"embeddable":true,"href":"https:\/\/macozag.com\/index.php?rest_route=\/wp\/v2\/media\/1448"}],"wp:attachment":[{"href":"https:\/\/macozag.com\/index.php?rest_route=%2Fwp%2Fv2%2Fmedia&parent=1447"}],"wp:term":[{"taxonomy":"product_brand","embeddable":true,"href":"https:\/\/macozag.com\/index.php?rest_route=%2Fwp%2Fv2%2Fproduct_brand&post=1447"},{"taxonomy":"product_cat","embeddable":true,"href":"https:\/\/macozag.com\/index.php?rest_route=%2Fwp%2Fv2%2Fproduct_cat&post=1447"},{"taxonomy":"product_tag","embeddable":true,"href":"https:\/\/macozag.com\/index.php?rest_route=%2Fwp%2Fv2%2Fproduct_tag&post=1447"}],"curies":[{"name":"wp","href":"https:\/\/api.w.org\/{rel}","templated":true}]}}