{"id":1443,"date":"2025-11-14T17:40:40","date_gmt":"2025-11-14T17:40:40","guid":{"rendered":"http:\/\/macozag.com\/?post_type=product&#038;p=1443"},"modified":"2025-11-14T17:40:40","modified_gmt":"2025-11-14T17:40:40","slug":"singer-hd6705c","status":"publish","type":"product","link":"https:\/\/macozag.com\/?product=singer-hd6705c","title":{"rendered":"Singer HD6705C"},"content":{"rendered":"<p>M\u00e1quina resistente\u00a0 electr\u00f3nica. Su estructura interna de metal\u00a0 da una mejor estabilidad.<br \/>\nConsta de un motor de gran potencia que permite obtener resultado profesionales.<br \/>\nLa serie Heavy Duty se caracteriza por trabajar tejidos gruesos.<br \/>\nPantalla LCD Display para visualizar correctamente las puntadas y ajustarlas seg\u00fan las necesidades.<br \/>\nBobina de f\u00e1cil inserci\u00f3n \u201cDrop-in\u201d este sistema incorpora un gancho giratorio de eje vertical de tipo im\u00e1n que garantiza una costura silenciosa y sin que atasque el hilo. La bobina se carga desde la parte superior, adem\u00e1s la cubierta transparente facilita la visualizaci\u00f3n del control del hilo de la bobina.<br \/>\nDientes retr\u00e1ctiles simplemente con bajar la palanca se bajan los dientes para realizar bordado libre y costura de botones.<br \/>\nAr\u00e9a de costura met\u00e1lica para facilitar el deslizamiento de la tela.<br \/>\nSistema Box Fedd de los dientes, con est\u00e1 funci\u00f3n que mueve los dientes de arrastre en un movimiento espacial, asegura un arrastre perfecto de los tejidos y el pi\u00e9 de pr\u00e9nsatelas.<br \/>\nEl Sistema Snap-on facilita cambiar los pr\u00e9nsatelas sin necesidad de utilizar destornilladores.<\/p>\n<p>Diferencias con el modelo anterior HD6605C es el doble de puntadas, incluye bot\u00f3n Start\/Stop y un alfabeto de costura, 1 M\u00f3dulos de memoria, regulador de velocidad<\/p>\n<p>Caracter\u00edsticas:<br \/>\n200 puntadas ( B\u00e1sicas, El\u00e1sticas y decorativas)<br \/>\nIncluye alfabeto<br \/>\n1 M\u00f3dulo de memoria<br \/>\nBot\u00f3n Start\/ Stop<br \/>\nRegulador de velocidad.<br \/>\n6 Ojales autom\u00e1ticos en 1 s\u00f3lo paso<br \/>\n7mm de ancho de puntada<br \/>\n7 dientes de arrastre<br \/>\nDientes retr\u00e1ctiles<br \/>\nDoble altura del pr\u00e9nsatelas<br \/>\nFunci\u00f3n de agujas gemelas<br \/>\n14 posiciones de la aguja<br \/>\nBobina Horizontal<br \/>\nRegulador de tensi\u00f3n de hilo autom\u00e1tico<br \/>\nAjuste de la presi\u00f3n del pr\u00e9nsatelas autom\u00e1tico<br \/>\nEnhebrador autom\u00e1tico<br \/>\nPantalla LCD Display<br \/>\nBot\u00f3n de retroceso<br \/>\nBot\u00f3n elevador de la aguja Arriba\/ Abajo<br \/>\nBobina de f\u00e1cil inserci\u00f3n \u201cDrop-in\u201d<br \/>\nDevanador autom\u00e1tico de la canilla<br \/>\nSistema\u00a0 Box Feed de los dientes<br \/>\nLuz Led<br \/>\nMotor de 90 watios y 1100 puntadas<br \/>\nPeso: 6,5 kg<br \/>\nMedidas: 44cm x 17,5cm x 30 cm<\/p>\n<p>Accesorios incluidos:<\/p>\n<p>Pr\u00e9nsatelas Est\u00e1ndar ( posicionado el la m\u00e1quina) ( T )<br \/>\nPr\u00e9nsatelas para cremalleras ( I )<br \/>\nPr\u00e9nsatelas para ojales ( D)<br \/>\nPr\u00e9nsatelas par puntada invisible ( F )<br \/>\nPr\u00e9nsatelas para realce<br \/>\nPincel de limpieza con abre ojales<br \/>\nPorta carrete peque\u00f1o y grande.<br \/>\nGu\u00eda para costuras<br \/>\n4 bobinas<br \/>\nDestornillador en L<br \/>\nPaquete de agujas<br \/>\nFieltro para el carrete<br \/>\nPorta carrete auxiliar<br \/>\nCable de alimentaci\u00f3n<br \/>\nPedal<br \/>\nManual de instrucciones<br \/>\nCubierta para el polvo<\/p>\n","protected":false},"excerpt":{"rendered":"<p>Nuevo serial de Singer HD, la m\u00e1quina de toda la vida pero modernizada, mucho mas c\u00f3moda y sencilla que las anteriores, fuerza y potencia para tejidos gruesos, con m\u00e1s puntadas para que puedas usarla para mas labores lo que siempre has necesitado ahora en las nuevas Singer HD.<\/p>\n","protected":false},"featured_media":1444,"comment_status":"open","ping_status":"closed","template":"","meta":[],"product_brand":[],"product_cat":[94,22],"product_tag":[],"class_list":{"0":"post-1443","1":"product","2":"type-product","3":"status-publish","4":"has-post-thumbnail","6":"product_cat-singer-domesticas","7":"product_cat-domesticas","9":"first","10":"instock","11":"sale","12":"taxable","13":"shipping-taxable","14":"purchasable","15":"product-type-simple"},"_links":{"self":[{"href":"https:\/\/macozag.com\/index.php?rest_route=\/wp\/v2\/product\/1443","targetHints":{"allow":["GET"]}}],"collection":[{"href":"https:\/\/macozag.com\/index.php?rest_route=\/wp\/v2\/product"}],"about":[{"href":"https:\/\/macozag.com\/index.php?rest_route=\/wp\/v2\/types\/product"}],"replies":[{"embeddable":true,"href":"https:\/\/macozag.com\/index.php?rest_route=%2Fwp%2Fv2%2Fcomments&post=1443"}],"wp:featuredmedia":[{"embeddable":true,"href":"https:\/\/macozag.com\/index.php?rest_route=\/wp\/v2\/media\/1444"}],"wp:attachment":[{"href":"https:\/\/macozag.com\/index.php?rest_route=%2Fwp%2Fv2%2Fmedia&parent=1443"}],"wp:term":[{"taxonomy":"product_brand","embeddable":true,"href":"https:\/\/macozag.com\/index.php?rest_route=%2Fwp%2Fv2%2Fproduct_brand&post=1443"},{"taxonomy":"product_cat","embeddable":true,"href":"https:\/\/macozag.com\/index.php?rest_route=%2Fwp%2Fv2%2Fproduct_cat&post=1443"},{"taxonomy":"product_tag","embeddable":true,"href":"https:\/\/macozag.com\/index.php?rest_route=%2Fwp%2Fv2%2Fproduct_tag&post=1443"}],"curies":[{"name":"wp","href":"https:\/\/api.w.org\/{rel}","templated":true}]}}