{"id":1415,"date":"2025-11-14T16:54:09","date_gmt":"2025-11-14T16:54:09","guid":{"rendered":"http:\/\/macozag.com\/?post_type=product&#038;p=1415"},"modified":"2025-11-14T16:54:10","modified_gmt":"2025-11-14T16:54:10","slug":"singer-heavy-duty-4432","status":"publish","type":"product","link":"https:\/\/macozag.com\/?product=singer-heavy-duty-4432","title":{"rendered":"Singer Heavy Duty 4432"},"content":{"rendered":"<p>M\u00e1quina de coser mec\u00e1nica de brazo libre, f\u00e1cil de manejar con 32 puntadas diferentes, dos mandos selectores, uno de la puntada y otro para el ancho y largo de la puntada, hace los ojales autom\u00e1ticamente, enhebrador autom\u00e1tico, es una m\u00e1quina muy resistente y dura, con una potencia de motor alta para que los tejidos m\u00e1s gruesos se cosan sin ning\u00fan problema en ella.<\/p>\n<h3>Caracter\u00edsticas:<\/h3>\n<ul>\n<li>32 Puntadas<\/li>\n<li>6 Puntadas \u00fatiles<\/li>\n<li>11 puntadas el\u00e1sticas<\/li>\n<li>14 puntadas decorativas<\/li>\n<li>1 ojal a 1 paso.<\/li>\n<li>Motor m\u00e1s potente<\/li>\n<li>Velocidad Max. 1.100 puntadas por minuto.<\/li>\n<li>Regulaci\u00f3n de la presi\u00f3n del pr\u00e9nsatelas.<\/li>\n<li>Placa de refuerzo del \u00e1rea de costura en acero inoxidable.<\/li>\n<li>Estructura interna en metal resistente.<\/li>\n<li>Cose bien tejidos m\u00e1s gruesos c\u00f3mo vaqueros<\/li>\n<li>Potencia del motor: 90W<\/li>\n<li>Dimensiones del producto: 44,8 x 22,4 x 36 cm ; 7 Kg<\/li>\n<\/ul>\n<h3><\/h3>\n<h3>Accesorios incluidos:<\/h3>\n<ul>\n<li>Prensatelas b\u00e1sico<\/li>\n<li>Prensatelas para cierre<\/li>\n<li>Prensatelas para bot\u00f3n<\/li>\n<li>Prensatelas para ojal<\/li>\n<li>4 bobinas<\/li>\n<li>Paquete de agujas<\/li>\n<li>Brocha descosedor.<\/li>\n<li>2 sujetadores de hilo<\/li>\n<li>1 fieltro<\/li>\n<li>Destornillador en \u201cL\u201d<\/li>\n<li>Porta carrete<\/li>\n<li>Gu\u00eda de acolchado.<\/li>\n<\/ul>\n","protected":false},"excerpt":{"rendered":"<p>La\u00a0<strong>Singer Heavy Duty<\/strong>\u00a0es una m\u00e1quina muy resistente, adecuada para aquellas personas que cosen muchas cosas con tejidos gruesos, los cosera igual de bien que los tejidos finos, es muy f\u00e1cil y pr\u00e1ctica de manejar, el enhebrador autom\u00e1tico y el ojal en un solo tiempo nos facilitar\u00e1n la costura haciendo que sea m\u00e1s c\u00f3moda y f\u00e1cil.<\/p>\n","protected":false},"featured_media":1417,"comment_status":"open","ping_status":"closed","template":"","meta":[],"product_brand":[],"product_cat":[94,22],"product_tag":[],"class_list":{"0":"post-1415","1":"product","2":"type-product","3":"status-publish","4":"has-post-thumbnail","6":"product_cat-singer-domesticas","7":"product_cat-domesticas","9":"first","10":"instock","11":"sale","12":"taxable","13":"shipping-taxable","14":"purchasable","15":"product-type-simple"},"_links":{"self":[{"href":"https:\/\/macozag.com\/index.php?rest_route=\/wp\/v2\/product\/1415","targetHints":{"allow":["GET"]}}],"collection":[{"href":"https:\/\/macozag.com\/index.php?rest_route=\/wp\/v2\/product"}],"about":[{"href":"https:\/\/macozag.com\/index.php?rest_route=\/wp\/v2\/types\/product"}],"replies":[{"embeddable":true,"href":"https:\/\/macozag.com\/index.php?rest_route=%2Fwp%2Fv2%2Fcomments&post=1415"}],"wp:featuredmedia":[{"embeddable":true,"href":"https:\/\/macozag.com\/index.php?rest_route=\/wp\/v2\/media\/1417"}],"wp:attachment":[{"href":"https:\/\/macozag.com\/index.php?rest_route=%2Fwp%2Fv2%2Fmedia&parent=1415"}],"wp:term":[{"taxonomy":"product_brand","embeddable":true,"href":"https:\/\/macozag.com\/index.php?rest_route=%2Fwp%2Fv2%2Fproduct_brand&post=1415"},{"taxonomy":"product_cat","embeddable":true,"href":"https:\/\/macozag.com\/index.php?rest_route=%2Fwp%2Fv2%2Fproduct_cat&post=1415"},{"taxonomy":"product_tag","embeddable":true,"href":"https:\/\/macozag.com\/index.php?rest_route=%2Fwp%2Fv2%2Fproduct_tag&post=1415"}],"curies":[{"name":"wp","href":"https:\/\/api.w.org\/{rel}","templated":true}]}}