{"id":1402,"date":"2025-11-14T16:31:50","date_gmt":"2025-11-14T16:31:50","guid":{"rendered":"http:\/\/macozag.com\/?post_type=product&#038;p=1402"},"modified":"2025-11-14T16:31:50","modified_gmt":"2025-11-14T16:31:50","slug":"singer-heavy-duty-4411","status":"publish","type":"product","link":"https:\/\/macozag.com\/?product=singer-heavy-duty-4411","title":{"rendered":"Singer Heavy Duty 4411"},"content":{"rendered":"<p>La Singer 4411 Heavy Duty est\u00e1 construida para resistir. Su dise\u00f1o robusto y sus componentes de alta calidad garantizan a\u00f1os de costura sin problemas. Es la inversi\u00f3n inteligente para cualquier costurero aficionado o profesional.<\/p>\n<p><strong>La Singer 4411 es la elecci\u00f3n de miles de costureros en todo el mundo.<\/strong>\u00a0Su reputaci\u00f3n de durabilidad y rendimiento la avalan. \u00danete a la comunidad de usuarios satisfechos y descubre por qu\u00e9 la 4411 es un cl\u00e1sico.<\/p>\n<p><strong>CARACTER\u00cdSTICAS<\/strong><\/p>\n<ul>\n<li>M\u00e1quina de Coser Mec\u00e1nica<\/li>\n<li>Motor m\u00e1s potente: 90w.<\/li>\n<li>Velocidad M\u00e1xima: 1.100 puntadas por minuto.<\/li>\n<li>Largo de puntada hasta 4 mm<\/li>\n<li>ancho de puntada hasta 6 mm.<\/li>\n<li>Mecanismo reforzado y con carcasa de mayor rigidez.<\/li>\n<li>Placa de refuerzo del \u00e1rea de costura en acero inoxidable.<\/li>\n<li>Estructura interna en metal resistente.<\/li>\n<li>11 tipos de puntada (6 \u00fatiles, 4 decorativas, 1 ojal).<\/li>\n<li>1 Ojal de 4 tiempos.<\/li>\n<li>Regulaci\u00f3n de la presi\u00f3n del pr\u00e9nsatelas.<\/li>\n<li>Doble Altura del pr\u00e9nsatelas.<\/li>\n<li>Brazo Libre.<\/li>\n<li>Tama\u00f1o de la M\u00e1quina: 39,37 x 15,87 x 30,48 cm (Largo x Profundo x Alto)<\/li>\n<li>Peso: 8 kg<\/li>\n<\/ul>\n","protected":false},"excerpt":{"rendered":"<p>In\u00edciese en la costura,con una m\u00e1quina de coser que ofrece una interfaz f\u00e1cil de usar, puntadas clave y funciones b\u00e1sicas de costura, adem\u00e1s de ser robusta y con potencia<\/p>\n","protected":false},"featured_media":1403,"comment_status":"open","ping_status":"closed","template":"","meta":[],"product_brand":[],"product_cat":[94,22],"product_tag":[],"class_list":{"0":"post-1402","1":"product","2":"type-product","3":"status-publish","4":"has-post-thumbnail","6":"product_cat-singer-domesticas","7":"product_cat-domesticas","9":"first","10":"instock","11":"sale","12":"taxable","13":"shipping-taxable","14":"purchasable","15":"product-type-simple"},"_links":{"self":[{"href":"https:\/\/macozag.com\/index.php?rest_route=\/wp\/v2\/product\/1402","targetHints":{"allow":["GET"]}}],"collection":[{"href":"https:\/\/macozag.com\/index.php?rest_route=\/wp\/v2\/product"}],"about":[{"href":"https:\/\/macozag.com\/index.php?rest_route=\/wp\/v2\/types\/product"}],"replies":[{"embeddable":true,"href":"https:\/\/macozag.com\/index.php?rest_route=%2Fwp%2Fv2%2Fcomments&post=1402"}],"wp:featuredmedia":[{"embeddable":true,"href":"https:\/\/macozag.com\/index.php?rest_route=\/wp\/v2\/media\/1403"}],"wp:attachment":[{"href":"https:\/\/macozag.com\/index.php?rest_route=%2Fwp%2Fv2%2Fmedia&parent=1402"}],"wp:term":[{"taxonomy":"product_brand","embeddable":true,"href":"https:\/\/macozag.com\/index.php?rest_route=%2Fwp%2Fv2%2Fproduct_brand&post=1402"},{"taxonomy":"product_cat","embeddable":true,"href":"https:\/\/macozag.com\/index.php?rest_route=%2Fwp%2Fv2%2Fproduct_cat&post=1402"},{"taxonomy":"product_tag","embeddable":true,"href":"https:\/\/macozag.com\/index.php?rest_route=%2Fwp%2Fv2%2Fproduct_tag&post=1402"}],"curies":[{"name":"wp","href":"https:\/\/api.w.org\/{rel}","templated":true}]}}