{"id":1381,"date":"2025-11-13T18:25:17","date_gmt":"2025-11-13T18:25:17","guid":{"rendered":"http:\/\/macozag.com\/?post_type=product&#038;p=1381"},"modified":"2026-01-11T09:59:46","modified_gmt":"2026-01-11T08:59:46","slug":"b08-straight-stitch","status":"publish","type":"product","link":"https:\/\/macozag.com\/?product=b08-straight-stitch","title":{"rendered":"Bernette b08 Straight Stitch"},"content":{"rendered":"<p>La b08 Straight Stitch es una m\u00e1quina potente con una velocidad de 1.600 puntadas por minuto, lo que la convierte en una de las m\u00e1quinas de coser dom\u00e9sticas m\u00e1s r\u00e1pidas del mercado. Equipada con un potente motor de corriente continua, esta m\u00e1quina garantiza un rendimiento eficaz para todos tus proyectos de costura.<\/p>\n<p>El cortah\u00edlos autom\u00e1tico proporciona una comodidad adicional, mientras que la canilla extragrande y el motor de devanado de canillas independiente permiten sesiones de costura m\u00e1s largas sin interrupciones. La robusta carcasa met\u00e1lica de la b08 evita las vibraciones y garantiza as\u00ed una costura impecable: la elecci\u00f3n perfecta.<\/p>\n<p><strong>CARACTER\u00cdSTICAS<\/strong><\/p>\n<ul>\n<li>1.600 puntadas por minuto<\/li>\n<li>Motor potente<\/li>\n<li>Canilla extragrande<\/li>\n<li>Motor de devanado de canilla independiente<\/li>\n<li>Corta-hilos autom\u00e1tico<\/li>\n<li>Mesa de extensi\u00f3n<\/li>\n<\/ul>\n<p><strong>ACCESORIOS<\/strong><\/p>\n<ul>\n<li>Mesa de extensi\u00f3n (60x40cm)<\/li>\n<li>Prensatelas para puntada recta<\/li>\n<li>Placa-aguja de puntada recta est\u00e1ndar<\/li>\n<li>Prensatelas para puntada recta estrecho<\/li>\n<li>Pedal<\/li>\n<li>Palanca Alza-prensatelas de rodilla<\/li>\n<li>Canillas (3 unidades)<\/li>\n<li>Juego de agujas BERNINA Highspeed HLx5<\/li>\n<li>Hilo Mettler, kit de inicio (3 bobinas)<\/li>\n<li>Cable de corriente<\/li>\n<li>Caja de accesorios<\/li>\n<li>Destornillador (grande)<\/li>\n<li>Destornillador (peque\u00f1o)<\/li>\n<li>Cepillo para pelusas<\/li>\n<li>Gu\u00eda para telas<\/li>\n<li>Disco sujeta bobinas (grande)<\/li>\n<li>Base de apoyo para cono<\/li>\n<li>Red para la bobina<\/li>\n<li>Aceite<\/li>\n<\/ul>\n","protected":false},"excerpt":{"rendered":"<h2>A\u00fan m\u00e1s r\u00e1pido<\/h2>\n","protected":false},"featured_media":1382,"comment_status":"open","ping_status":"closed","template":"","meta":[],"product_brand":[],"product_cat":[22,23],"product_tag":[],"class_list":{"0":"post-1381","1":"product","2":"type-product","3":"status-publish","4":"has-post-thumbnail","6":"product_cat-domesticas","7":"product_cat-bernette","9":"first","10":"instock","11":"sale","12":"taxable","13":"shipping-taxable","14":"purchasable","15":"product-type-simple"},"_links":{"self":[{"href":"https:\/\/macozag.com\/index.php?rest_route=\/wp\/v2\/product\/1381","targetHints":{"allow":["GET"]}}],"collection":[{"href":"https:\/\/macozag.com\/index.php?rest_route=\/wp\/v2\/product"}],"about":[{"href":"https:\/\/macozag.com\/index.php?rest_route=\/wp\/v2\/types\/product"}],"replies":[{"embeddable":true,"href":"https:\/\/macozag.com\/index.php?rest_route=%2Fwp%2Fv2%2Fcomments&post=1381"}],"wp:featuredmedia":[{"embeddable":true,"href":"https:\/\/macozag.com\/index.php?rest_route=\/wp\/v2\/media\/1382"}],"wp:attachment":[{"href":"https:\/\/macozag.com\/index.php?rest_route=%2Fwp%2Fv2%2Fmedia&parent=1381"}],"wp:term":[{"taxonomy":"product_brand","embeddable":true,"href":"https:\/\/macozag.com\/index.php?rest_route=%2Fwp%2Fv2%2Fproduct_brand&post=1381"},{"taxonomy":"product_cat","embeddable":true,"href":"https:\/\/macozag.com\/index.php?rest_route=%2Fwp%2Fv2%2Fproduct_cat&post=1381"},{"taxonomy":"product_tag","embeddable":true,"href":"https:\/\/macozag.com\/index.php?rest_route=%2Fwp%2Fv2%2Fproduct_tag&post=1381"}],"curies":[{"name":"wp","href":"https:\/\/api.w.org\/{rel}","templated":true}]}}