{"id":1366,"date":"2025-11-13T17:51:53","date_gmt":"2025-11-13T17:51:53","guid":{"rendered":"http:\/\/macozag.com\/?post_type=product&#038;p=1366"},"modified":"2026-02-14T19:30:32","modified_gmt":"2026-02-14T18:30:32","slug":"b62-recubridora-por-aire","status":"publish","type":"product","link":"https:\/\/macozag.com\/?product=b62-recubridora-por-aire","title":{"rendered":"Bernette b62 (Recubridora por aire)"},"content":{"rendered":"<p>La bernette 62 AIRLOCK es la m\u00e1quina de puntada de cobertura de la serie b60. Gracias al enhebrador autom\u00e1tico por aire, enhebrar el hilo del \u00e1ncora es un juego de ni\u00f1os. La m\u00e1quina cuenta con 4 puntadas de cobertura y 3 de cadeneta, y se puede utilizar para innumerables aplicaciones, con las que se pueden coser a la perfecci\u00f3n diferentes tipos de tejidos, en particular los el\u00e1sticos. El prensatelas se puede bajar y subir temporalmente con el alzaprensatelas de rodilla, lo que deja las dos manos libres para guiar la tela. La mesa extraible y el inserto de puntada de cobertura a juego ampl\u00edan la superficie de costura y proporcionan espacio suficiente para proyectos grandes. Gracias a las cinco luces LED, la gran superficie de trabajo cuenta con una brillante iluminaci\u00f3n.<\/p>\n<div class=\"box box-50\">\n<div class=\"card card-info\">\n<h2>Caracter\u00edsticas<\/h2>\n<table class=\"features\">\n<tbody>\n<tr>\n<th style=\"text-align: center;\" scope=\"row\">N\u00famero de puntadas<\/th>\n<td style=\"text-align: center;\">7<\/td>\n<\/tr>\n<tr>\n<th style=\"text-align: center;\" scope=\"row\">Puntada de cobertura de 4 hiloss<\/th>\n<td style=\"text-align: center;\">SI<\/td>\n<\/tr>\n<tr>\n<th scope=\"row\">Puntada de cobertura de 3 hilos (estrecha\/ancha)<\/th>\n<td style=\"text-align: center;\">SI<\/td>\n<\/tr>\n<tr>\n<th style=\"text-align: center;\" scope=\"row\">Cadeneta de 2 hilos<\/th>\n<td style=\"text-align: center;\">SI<\/td>\n<\/tr>\n<tr>\n<th scope=\"row\">Enhebrador autom\u00e1tico por aire para el hilo del \u00e1ncora<\/th>\n<td style=\"text-align: center;\">SI<\/td>\n<\/tr>\n<tr>\n<th scope=\"row\">Brazo libre<\/th>\n<td style=\"text-align: center;\">SI<\/td>\n<\/tr>\n<tr>\n<th scope=\"row\">Luz de costura<\/th>\n<td style=\"text-align: center;\">5<\/td>\n<\/tr>\n<tr>\n<th scope=\"row\">Alzaprensatelas de rodilla<\/th>\n<td style=\"text-align: center;\">SI<\/td>\n<\/tr>\n<tr>\n<th scope=\"row\">Espacio de costura a la derecha de la aguja<\/th>\n<td>130 mm<\/td>\n<\/tr>\n<tr>\n<th scope=\"row\">Cortahilos<\/th>\n<td>manual<\/td>\n<\/tr>\n<tr>\n<th scope=\"row\">Puntadas de recubrir anchas<\/th>\n<td>de 3 a 7 mm<\/td>\n<\/tr>\n<tr>\n<th scope=\"row\">Velocidad (puntadas\/minuto)<\/th>\n<td style=\"text-align: center;\">1,300<\/td>\n<\/tr>\n<tr>\n<th scope=\"row\">Enhebrador de aguja<\/th>\n<td style=\"text-align: center;\">Manual<\/td>\n<\/tr>\n<tr>\n<th style=\"text-align: center;\" scope=\"row\">Ajuste de presi\u00f3n del prensatelas<\/th>\n<td style=\"text-align: center;\">7 niveles<\/td>\n<\/tr>\n<tr>\n<th style=\"text-align: center;\" scope=\"row\">Puntada de cobertura<\/th>\n<td style=\"text-align: center;\">SI<\/td>\n<\/tr>\n<\/tbody>\n<\/table>\n<\/div>\n<\/div>\n<div class=\"box box-50 \">\n<div class=\"card card-info lightgrey\">\n<h2>Accesorios suministrados:<\/h2>\n<ul>\n<li>Pr\u00e9nsatelas est\u00e1ndar para puntada de cobertura<\/li>\n<li>Mesa extra\u00edble e inserto de puntada de cobertura a juego<\/li>\n<li>Alzaprensatelas de rodilla<\/li>\n<li>Tapa de brazo libre<\/li>\n<li>Soporte de bobina con almohadilla para agujas<\/li>\n<li>Gu\u00eda para hilo decorativo<\/li>\n<li>Herramienta de bloqueo BERNINA CS<\/li>\n<li>Juego de agujas BERNINA<\/li>\n<\/ul>\n<\/div>\n<\/div>\n","protected":false},"excerpt":{"rendered":"<h3>La m\u00e1quina de puntada de cobertura con f\u00e1cil enhebrado por aire<\/h3>\n","protected":false},"featured_media":1367,"comment_status":"open","ping_status":"closed","template":"","meta":[],"product_brand":[],"product_cat":[23],"product_tag":[],"class_list":{"0":"post-1366","1":"product","2":"type-product","3":"status-publish","4":"has-post-thumbnail","6":"product_cat-bernette","8":"first","9":"instock","10":"sale","11":"taxable","12":"shipping-taxable","13":"purchasable","14":"product-type-simple"},"_links":{"self":[{"href":"https:\/\/macozag.com\/index.php?rest_route=\/wp\/v2\/product\/1366","targetHints":{"allow":["GET"]}}],"collection":[{"href":"https:\/\/macozag.com\/index.php?rest_route=\/wp\/v2\/product"}],"about":[{"href":"https:\/\/macozag.com\/index.php?rest_route=\/wp\/v2\/types\/product"}],"replies":[{"embeddable":true,"href":"https:\/\/macozag.com\/index.php?rest_route=%2Fwp%2Fv2%2Fcomments&post=1366"}],"wp:featuredmedia":[{"embeddable":true,"href":"https:\/\/macozag.com\/index.php?rest_route=\/wp\/v2\/media\/1367"}],"wp:attachment":[{"href":"https:\/\/macozag.com\/index.php?rest_route=%2Fwp%2Fv2%2Fmedia&parent=1366"}],"wp:term":[{"taxonomy":"product_brand","embeddable":true,"href":"https:\/\/macozag.com\/index.php?rest_route=%2Fwp%2Fv2%2Fproduct_brand&post=1366"},{"taxonomy":"product_cat","embeddable":true,"href":"https:\/\/macozag.com\/index.php?rest_route=%2Fwp%2Fv2%2Fproduct_cat&post=1366"},{"taxonomy":"product_tag","embeddable":true,"href":"https:\/\/macozag.com\/index.php?rest_route=%2Fwp%2Fv2%2Fproduct_tag&post=1366"}],"curies":[{"name":"wp","href":"https:\/\/api.w.org\/{rel}","templated":true}]}}