{"id":1342,"date":"2025-11-10T17:37:10","date_gmt":"2025-11-10T17:37:10","guid":{"rendered":"http:\/\/macozag.com\/?post_type=product&#038;p=1342"},"modified":"2025-11-10T17:37:11","modified_gmt":"2025-11-10T17:37:11","slug":"a6000p","status":"publish","type":"product","link":"https:\/\/macozag.com\/?product=a6000p","title":{"rendered":"A6000P"},"content":{"rendered":"<div class=\"elementor-element elementor-element-405ab78 e-con-full e-flex e-con e-child\" data-id=\"405ab78\" data-element_type=\"container\">\n<div class=\"elementor-element elementor-element-a2fe8c7 elementor-widget elementor-widget-text-editor\" data-id=\"a2fe8c7\" data-element_type=\"widget\" data-widget_type=\"text-editor.default\">\n<div class=\"elementor-widget-container\">\n<p><strong>M\u00e1quina industrial de \u00faltima tecnolog\u00eda<\/strong><\/p>\n<p>La\u00a0<strong>ZOJE A6000P<\/strong>\u00a0es una m\u00e1quina de coser de alto rendimiento equipada con un servomotor de corriente alterna y un sistema de control integrado en el cabezal, junto con una barra de agujas de accionamiento directo. Su motor de \u00faltima generaci\u00f3n permite un ahorro energ\u00e9tico de hasta el\u00a0<strong>70 %<\/strong>, adem\u00e1s de ofrecer un funcionamiento silencioso.<\/p>\n<p>Gracias a su ventilador de alta eficiencia, se garantiza una \u00f3ptima refrigeraci\u00f3n y una excelente disipaci\u00f3n del calor, incluso durante jornadas prolongadas de trabajo. El moderno panel t\u00e1ctil facilita el ajuste de los par\u00e1metros de costura, brindando una experiencia de uso intuitiva.<\/p>\n<p>Adem\u00e1s, la ZOJE A6000P incorpora\u00a0<strong>iluminaci\u00f3n LED de bajo consumo<\/strong>\u00a0en el \u00e1rea de trabajo, mejorando la visibilidad y reduciendo el consumo energ\u00e9tico.<\/p>\n<\/div>\n<\/div>\n<\/div>\n<div class=\"elementor-element elementor-element-0611197 e-con-full e-flex e-con e-child\" data-id=\"0611197\" data-element_type=\"container\">\n<div class=\"elementor-element elementor-element-d3f7ffc elementor-widget elementor-widget-text-editor\" data-id=\"d3f7ffc\" data-element_type=\"widget\" data-widget_type=\"text-editor.default\">\n<div class=\"elementor-widget-container\">\n<p><strong><span dir=\"auto\">Especificaciones t\u00e9cnicas:<\/span><\/strong><\/p>\n<table class=\"tabAtrybuty\">\n<tbody>\n<tr>\n<td class=\"cechyTxt wartoscTlo \"><span dir=\"auto\">Tipo de material de costura<\/span><\/td>\n<td class=\"cechyValue wartoscTlo \"><span dir=\"auto\">medio, fino<\/span><\/td>\n<\/tr>\n<tr>\n<td class=\"cechyTxt \"><span dir=\"auto\">Tipo de alimentaci\u00f3n<\/span><\/td>\n<td class=\"cechyValue \">arrastre por diente<\/td>\n<\/tr>\n<tr>\n<td class=\"cechyTxt wartoscTlo \"><span dir=\"auto\">Posicionamiento autom\u00e1tico de la aguja<\/span><\/td>\n<td class=\"cechyValue wartoscTlo \"><span dir=\"auto\">S\u00ed<\/span><\/td>\n<\/tr>\n<tr>\n<td class=\"cechyTxt \"><span dir=\"auto\">Recorte autom\u00e1tico de hilo<\/span><\/td>\n<td class=\"cechyValue \"><span dir=\"auto\">S\u00ed<\/span><\/td>\n<\/tr>\n<tr>\n<td class=\"cechyTxt wartoscTlo \"><span dir=\"auto\">Elevador de pie autom\u00e1tico<\/span><\/td>\n<td class=\"cechyValue wartoscTlo \"><span dir=\"auto\">No<\/span><\/td>\n<\/tr>\n<tr>\n<td class=\"cechyTxt \"><span dir=\"auto\">presillado autom\u00e1tico<\/span><\/td>\n<td class=\"cechyValue \"><span dir=\"auto\">No<\/span><\/td>\n<\/tr>\n<tr>\n<td class=\"cechyTxt wartoscTlo \"><span dir=\"auto\">Autolimpieza<\/span><\/td>\n<td class=\"cechyValue wartoscTlo \"><span dir=\"auto\">No<\/span><\/td>\n<\/tr>\n<tr>\n<td class=\"cechyTxt \"><span dir=\"auto\">Bot\u00f3n de compensaci\u00f3n de puntada<\/span><\/td>\n<td class=\"cechyValue \"><span dir=\"auto\">No<\/span><\/td>\n<\/tr>\n<tr>\n<td class=\"cechyTxt wartoscTlo \"><span dir=\"auto\">Tipo de lubricaci\u00f3n<\/span><\/td>\n<td class=\"cechyValue wartoscTlo \"><span dir=\"auto\">circuito central<\/span><\/td>\n<\/tr>\n<tr>\n<td class=\"cechyTxt \"><span dir=\"auto\">Recortadora lateral<\/span><\/td>\n<td class=\"cechyValue \"><span dir=\"auto\">No<\/span><\/td>\n<\/tr>\n<tr>\n<td class=\"cechyTxt wartoscTlo \"><span dir=\"auto\">Iluminaci\u00f3n LED del campo de trabajo<\/span><\/td>\n<td class=\"cechyValue wartoscTlo \"><span dir=\"auto\">S\u00ed<\/span><\/td>\n<\/tr>\n<tr>\n<td class=\"cechyTxt \"><span dir=\"auto\">Longitud m\u00e1xima de puntada<\/span><\/td>\n<td class=\"cechyValue \"><span dir=\"auto\">5,0 mil\u00edmetros<\/span><\/td>\n<\/tr>\n<tr>\n<td class=\"cechyTxt wartoscTlo \"><span dir=\"auto\">Altura de elevaci\u00f3n del prensatelas<\/span><\/td>\n<td class=\"cechyValue wartoscTlo \"><span dir=\"auto\">13 mil\u00edmetros<\/span><\/td>\n<\/tr>\n<tr>\n<td class=\"cechyTxt \"><span dir=\"auto\">Velocidad m\u00e1xima de costura<\/span><\/td>\n<td class=\"cechyValue \"><span dir=\"auto\">5000 ppm<\/span><\/td>\n<\/tr>\n<tr>\n<td class=\"cechyTxt wartoscTlo \"><span dir=\"auto\">Servomotor de CA incorporado<\/span><\/td>\n<td class=\"cechyValue wartoscTlo \"><span dir=\"auto\">S\u00ed<\/span><\/td>\n<\/tr>\n<tr>\n<td class=\"cechyTxt \"><span dir=\"auto\">Sistema de agujas<\/span><\/td>\n<td class=\"cechyValue \"><span dir=\"auto\">135X5<\/span><\/td>\n<\/tr>\n<tr>\n<td class=\"cechyTxt wartoscTlo \"><span dir=\"auto\">Equipo<\/span><\/td>\n<td class=\"cechyValue wartoscTlo \">Tablero y patas<\/td>\n<\/tr>\n<\/tbody>\n<\/table>\n<\/div>\n<\/div>\n<\/div>\n","protected":false},"excerpt":{"rendered":"<h1 class=\"product_title entry-title\">M\u00e1quina puntada recta ZOJE A6000P<\/h1>\n<p class=\"price\">\n<div class=\"woocommerce-product-details__short-description\">\n<p><span class=\"OYPEnA font-feature-liga-off font-feature-clig-off font-feature-calt-off text-decoration-none text-strikethrough-none\">M\u00e1quina de pespunte de 1 aguja garfio peque\u00f1o para g\u00e9neros finos y medios, Longitud de puntada 5mm c\u00e1rter de aceite abierto. Motor servo incorporado en el cabezal, posicionamiento de aguja y luz de LEDs.<\/span><\/p>\n<p>Se entrega con tablero y bancada instalado<\/p>\n<\/div>\n","protected":false},"featured_media":1345,"comment_status":"open","ping_status":"closed","template":"","meta":[],"product_brand":[92],"product_cat":[90,24],"product_tag":[],"class_list":{"0":"post-1342","1":"product","2":"type-product","3":"status-publish","4":"has-post-thumbnail","6":"product_brand-zoje","7":"product_cat-zoje","8":"product_cat-pespunte-recto","10":"first","11":"instock","12":"taxable","13":"shipping-taxable","14":"product-type-simple"},"_links":{"self":[{"href":"https:\/\/macozag.com\/index.php?rest_route=\/wp\/v2\/product\/1342","targetHints":{"allow":["GET"]}}],"collection":[{"href":"https:\/\/macozag.com\/index.php?rest_route=\/wp\/v2\/product"}],"about":[{"href":"https:\/\/macozag.com\/index.php?rest_route=\/wp\/v2\/types\/product"}],"replies":[{"embeddable":true,"href":"https:\/\/macozag.com\/index.php?rest_route=%2Fwp%2Fv2%2Fcomments&post=1342"}],"wp:featuredmedia":[{"embeddable":true,"href":"https:\/\/macozag.com\/index.php?rest_route=\/wp\/v2\/media\/1345"}],"wp:attachment":[{"href":"https:\/\/macozag.com\/index.php?rest_route=%2Fwp%2Fv2%2Fmedia&parent=1342"}],"wp:term":[{"taxonomy":"product_brand","embeddable":true,"href":"https:\/\/macozag.com\/index.php?rest_route=%2Fwp%2Fv2%2Fproduct_brand&post=1342"},{"taxonomy":"product_cat","embeddable":true,"href":"https:\/\/macozag.com\/index.php?rest_route=%2Fwp%2Fv2%2Fproduct_cat&post=1342"},{"taxonomy":"product_tag","embeddable":true,"href":"https:\/\/macozag.com\/index.php?rest_route=%2Fwp%2Fv2%2Fproduct_tag&post=1342"}],"curies":[{"name":"wp","href":"https:\/\/api.w.org\/{rel}","templated":true}]}}