{"id":1291,"date":"2025-10-09T09:16:07","date_gmt":"2025-10-09T09:16:07","guid":{"rendered":"http:\/\/macozag.com\/?post_type=product&#038;p=1291"},"modified":"2025-10-09T09:16:55","modified_gmt":"2025-10-09T09:16:55","slug":"elna-modelo-720pro","status":"publish","type":"product","link":"https:\/\/macozag.com\/?product=elna-modelo-720pro","title":{"rendered":"ELNA Modelo 720PRO"},"content":{"rendered":"<div class=\"descLeft\">\n<p><b><span dir=\"auto\">Caracter\u00edsticas<\/span><\/b><\/p>\n<ul>\n<li><span dir=\"auto\">Tama\u00f1o de la m\u00e1quina 516 x 300 x 220 mm<\/span><\/li>\n<li><span dir=\"auto\">Peso de la m\u00e1quina 11 kg<\/span><\/li>\n<li><span dir=\"auto\">200 puntadas, incluyendo 9 tipos de ojales en un solo paso<\/span><\/li>\n<li><span dir=\"auto\">Sistema cortah\u00edlos accionado por bot\u00f3n<\/span><\/li>\n<li><span dir=\"auto\">Incluye 3 alfabetos con 3 tipolog\u00edas<\/span><\/li>\n<li><span dir=\"auto\">Doble arrastre integrado y ajustable<\/span><\/li>\n<li><span dir=\"auto\">Memoria con un m\u00e1ximo de 50 caracteres, con 20 combinaciones de patrones<\/span><\/li>\n<li><span dir=\"auto\">La longitud m\u00e1xima de puntada es de 5 mm y ancho de zig-zag regulable m\u00e1x. 9mm<\/span><\/li>\n<li><span dir=\"auto\">Control de la tensi\u00f3n del hilo es manual.<\/span><\/li>\n<li><span dir=\"auto\">Garfio horizontal con tapa bobina transparente<\/span><\/li>\n<li><span dir=\"auto\">Base plana<\/span><\/li>\n<li><span dir=\"auto\">Prensatelas f\u00e1cilmente intercambiables sistema Snap on<\/span><\/li>\n<li><span dir=\"auto\">Enhebrador autom\u00e1tico f\u00e1cil y guiado<\/span><\/li>\n<li><span dir=\"auto\">91 posiciones de aguja<\/span><\/li>\n<li><span dir=\"auto\">7 hileras de dientes de arrastre escamoteables<\/span><\/li>\n<li><span dir=\"auto\">Sensor de dientes de arrastre<\/span><\/li>\n<li><span dir=\"auto\">Botones de acceso directo: star-stop, remate condensado, posicionador de aguja arriba y abajo, funci\u00f3n remate inversa, funci\u00f3n cortah\u00edlos autom\u00e1tico programable, devanador de canilla autom\u00e1tico, selecci\u00f3n de puntada con 10 dise\u00f1os, funci\u00f3n FS (puntada personalizada para guardar configuraci\u00f3n<\/span><\/li>\n<li><span dir=\"auto\">Regulador de velocidad<\/span><\/li>\n<li><span dir=\"auto\">Establecer la velocidad al inicio<\/span><\/li>\n<li><span dir=\"auto\">Mensajes de informaci\u00f3n<\/span><\/li>\n<li><span dir=\"auto\">13 idiomas<\/span><\/li>\n<li><span dir=\"auto\">Pantalla LCD tama\u00f1o 78,5&#215;47,5mm<\/span><\/li>\n<li><span dir=\"auto\">Panel de control t\u00e1ctil<\/span><\/li>\n<li><span dir=\"auto\">Devanador de canilla con motor independiente<\/span><\/li>\n<li><span dir=\"auto\">Ajuste de presi\u00f3n de prensatelas de 0 a 3<\/span><\/li>\n<li><span dir=\"auto\">Posici\u00f3n extra elevada de prensatelas manual con dos posiciones de bloqueo<\/span><\/li>\n<li><span dir=\"auto\">Placa aguja y prensatelas de acabado profesional<\/span><\/li>\n<li><span dir=\"auto\">Cambio placa aguja en un solo paso<\/span><\/li>\n<li><span dir=\"auto\">Puerto para pedal cortah\u00edlos<\/span><\/li>\n<li><span dir=\"auto\">Espacio de trabajo 255x120mm<\/span><\/li>\n<li><span dir=\"auto\">Iluminaci\u00f3n por 3 LEDS<\/span><\/li>\n<li><span dir=\"auto\">Incluye tabla de referencias de puntadas en la unidad opcional.<\/span><\/li>\n<li><span dir=\"auto\">Caja para el almacenamiento de los accesorios.<\/span><\/li>\n<li><span dir=\"auto\">Asa para facilitar el transporte.<\/span><\/li>\n<li><span dir=\"auto\">Estructura de aluminio<\/span><\/li>\n<li><span dir=\"auto\">Velocidad de la m\u00e1quina de 1200 ppm<\/span><\/li>\n<\/ul>\n<\/div>\n<div class=\"descRight\">\n<p><b><span dir=\"auto\">Accesorios est\u00e1ndar<\/span><\/b><\/p>\n<ul>\n<li><span dir=\"auto\">Prensatelas est\u00e1ndar<\/span><\/li>\n<li><span dir=\"auto\">Prensatelas sobrehilado<\/span><\/li>\n<li><span dir=\"auto\">Prensatelas de dobladillo enrollado<\/span><\/li>\n<li><span dir=\"auto\">Prensatelas de cremallera<\/span><\/li>\n<li><span dir=\"auto\">Prensatelas decorativas abiertas<\/span><\/li>\n<li><span dir=\"auto\">Prensatelas ojales autom\u00e1tico con placa estabilizadora<\/span><\/li>\n<li><span dir=\"auto\">Prensatelas con borde invisible<\/span><\/li>\n<li><span dir=\"auto\">Prensatelas puntada decorativa<\/span><\/li>\n<li><span dir=\"auto\">Prensatelas de 1\/4 de pulgada<\/span><\/li>\n<li><span dir=\"auto\">Prensatelas zurcir<\/span><\/li>\n<li><span dir=\"auto\">Prensatelas para el acolchado libre convertible con tres prensatelas<\/span><\/li>\n<li><span dir=\"auto\">Prensatelas doble arrastre<\/span><\/li>\n<li><span dir=\"auto\">Prensatelas para botones<\/span><\/li>\n<li><span dir=\"auto\">Placa para coser botones<\/span><\/li>\n<li><span dir=\"auto\">Barra gu\u00eda para acolchado<\/span><\/li>\n<li><span dir=\"auto\">Barra a\u00e9rea para prensatelas doble arrastre AD<\/span><\/li>\n<li><span dir=\"auto\">Prensatelas de acabado profesional HP<\/span><\/li>\n<li><span dir=\"auto\">Placa aguja de puntada recta<\/span><\/li>\n<li><span dir=\"auto\">Kit de 10 unidades de Easy bobbins con caja organizadora<\/span><\/li>\n<li><span dir=\"auto\">Mesa de extensi\u00f3n extra grande incluida (50x30cm)<\/span><\/li>\n<li><span dir=\"auto\">Rodillera ajustable<\/span><\/li>\n<li><span dir=\"auto\">5 canillas<\/span><\/li>\n<li><span dir=\"auto\">Desescosedor<\/span><\/li>\n<li><span dir=\"auto\">Surtido de agujas<\/span><\/li>\n<li><span dir=\"auto\">Dos topes bobina de hilo peque\u00f1o<\/span><\/li>\n<li><span dir=\"auto\">Dos topes bobina de hilo grande<\/span><\/li>\n<li><span dir=\"auto\">Dos topes bobina especial<\/span><\/li>\n<li><span dir=\"auto\">Portabobina con espacio para dos conos<\/span><\/li>\n<li><span dir=\"auto\">2 redes<\/span><\/li>\n<li><span dir=\"auto\">Destornillador<\/span><\/li>\n<li><span dir=\"auto\">L\u00e1piz t\u00e1ctil<\/span><\/li>\n<li><span dir=\"auto\">Pedal grande<\/span><\/li>\n<li><span dir=\"auto\">V\u00eddeo instructivo(elna web)<\/span><\/li>\n<li><span dir=\"auto\">Cubierta de protecci\u00f3n<\/span><\/li>\n<\/ul>\n<\/div>\n","protected":false},"excerpt":{"rendered":"<p>Ofrece una combinaci\u00f3n perfecta de potencia, rendimiento y durabilidad para satisfacer todas tus necesidades. Es la herramienta definitiva para tus trabajos.<\/p>\n","protected":false},"featured_media":1292,"comment_status":"open","ping_status":"closed","template":"","meta":[],"product_brand":[],"product_cat":[82,22],"product_tag":[],"class_list":{"0":"post-1291","1":"product","2":"type-product","3":"status-publish","4":"has-post-thumbnail","6":"product_cat-elna","7":"product_cat-domesticas","9":"first","10":"instock","11":"sale","12":"taxable","13":"shipping-taxable","14":"purchasable","15":"product-type-simple"},"_links":{"self":[{"href":"https:\/\/macozag.com\/index.php?rest_route=\/wp\/v2\/product\/1291","targetHints":{"allow":["GET"]}}],"collection":[{"href":"https:\/\/macozag.com\/index.php?rest_route=\/wp\/v2\/product"}],"about":[{"href":"https:\/\/macozag.com\/index.php?rest_route=\/wp\/v2\/types\/product"}],"replies":[{"embeddable":true,"href":"https:\/\/macozag.com\/index.php?rest_route=%2Fwp%2Fv2%2Fcomments&post=1291"}],"wp:featuredmedia":[{"embeddable":true,"href":"https:\/\/macozag.com\/index.php?rest_route=\/wp\/v2\/media\/1292"}],"wp:attachment":[{"href":"https:\/\/macozag.com\/index.php?rest_route=%2Fwp%2Fv2%2Fmedia&parent=1291"}],"wp:term":[{"taxonomy":"product_brand","embeddable":true,"href":"https:\/\/macozag.com\/index.php?rest_route=%2Fwp%2Fv2%2Fproduct_brand&post=1291"},{"taxonomy":"product_cat","embeddable":true,"href":"https:\/\/macozag.com\/index.php?rest_route=%2Fwp%2Fv2%2Fproduct_cat&post=1291"},{"taxonomy":"product_tag","embeddable":true,"href":"https:\/\/macozag.com\/index.php?rest_route=%2Fwp%2Fv2%2Fproduct_tag&post=1291"}],"curies":[{"name":"wp","href":"https:\/\/api.w.org\/{rel}","templated":true}]}}