{"id":1286,"date":"2025-10-09T09:06:44","date_gmt":"2025-10-09T09:06:44","guid":{"rendered":"http:\/\/macozag.com\/?post_type=product&#038;p=1286"},"modified":"2025-10-09T09:06:45","modified_gmt":"2025-10-09T09:06:45","slug":"elna-modelo-easycover-covermax-recubridora-5-hilos","status":"publish","type":"product","link":"https:\/\/macozag.com\/?product=elna-modelo-easycover-covermax-recubridora-5-hilos","title":{"rendered":"ELNA Modelo EASYCOVER (covermax) recubridora 5 hilos"},"content":{"rendered":"<div class=\"descLeft\"><b><span dir=\"auto\">Caracter\u00edsticas<\/span><\/b><\/p>\n<ul>\n<li><span dir=\"auto\">Tama\u00f1o de la m\u00e1quina 412 x 335 x 245 mm<\/span><\/li>\n<li><span dir=\"auto\">Peso de la m\u00e1quina 8,6 Kg<\/span><\/li>\n<li><span dir=\"auto\">Puntada recubierta superior de 2 o 3 agujas<\/span><\/li>\n<li><span dir=\"auto\">Esparcidor incorporado para la funci\u00f3n puntada recubierta superior<\/span><\/li>\n<li><span dir=\"auto\">Enhebrador incorporado con palanca para selecci\u00f3n de aguja.<\/span><\/li>\n<li><span dir=\"auto\">Brazo libre \/ base plana<\/span><\/li>\n<li><span dir=\"auto\">\u00c1rea de costura extra ancha (143 mm x 100 mm)<\/span><\/li>\n<li><span dir=\"auto\">Gu\u00eda de enhebrado r\u00e1pido por colores<\/span><\/li>\n<li><span dir=\"auto\">Sistema de liberaci\u00f3n f\u00e1cil para el enhebrado del \u00e1ncora<\/span><\/li>\n<li><span dir=\"auto\">Ajuste manual de la tensi\u00f3n del hilo<\/span><\/li>\n<li><span dir=\"auto\">Control de tensi\u00f3n (TLC) para ajuste autom\u00e1tico para tejidos finos o est\u00e1ndar (no disponible para puntada recubierta superior)<\/span><\/li>\n<li><span dir=\"auto\">Palanca para accionar el sistema TLC<\/span><\/li>\n<li><span dir=\"auto\">Dispositivo de liberaci\u00f3n de tensi\u00f3n.<\/span><\/li>\n<li><span dir=\"auto\">Presi\u00f3n de prensatelas ajustable<\/span><\/li>\n<li><span dir=\"auto\">Sistema de cambio de prensatelas snap-on<\/span><\/li>\n<li><span dir=\"auto\">Capacidad de arrastre superior<\/span><\/li>\n<li><span dir=\"auto\">Cortah\u00edlos lateral integrado<\/span><\/li>\n<li><span dir=\"auto\">Cojinete del eje principal<\/span><\/li>\n<li><span dir=\"auto\">2 luces LED + 1 luz frontal retr\u00e1ctil<\/span><\/li>\n<li><span dir=\"auto\">5 portaconos<\/span><\/li>\n<li><span dir=\"auto\">Antena telesc\u00f3pica para hilo<\/span><\/li>\n<li><span dir=\"auto\">Asa de transporte<\/span><\/li>\n<\/ul>\n<p><b><span dir=\"auto\">Caracter\u00edsticas de costura:<\/span><\/b><\/p>\n<ul>\n<li><span dir=\"auto\">7 programas de costura<\/span><\/li>\n<li><span dir=\"auto\">2, 3, 4 o 5 hilos<\/span><\/li>\n<li><span dir=\"auto\">Costura con 1, 2 o 3 agujas<\/span><\/li>\n<li><span dir=\"auto\">Ancho de puntada 3 agujas &#8211; 6 mm<\/span><\/li>\n<li><span dir=\"auto\">Ancho de puntada 2 agujas &#8211; 6 mm (ancha) y 3 mm (estrecha)<\/span><\/li>\n<li><span dir=\"auto\">Longitud de punta ajustable entre 1 y 4<\/span><\/li>\n<li><span dir=\"auto\">Arrastre diferencial de 0,5 a 2,25<\/span><\/li>\n<li><span dir=\"auto\">Velocidad m\u00e1xima: 1000 ppm<\/span><\/li>\n<\/ul>\n<p><b><span dir=\"auto\">Tipos de costuras:<\/span><\/b><span dir=\"auto\">Dos lados<\/span><\/p>\n<ul>\n<li><span dir=\"auto\">Triple recubierta superior &#8211; 3 agujas y 5 hilos<\/span><\/li>\n<li><span dir=\"auto\">Doble recubierta superior ancha (6 mm) &#8211; 2 agujas y 4 hilos<\/span><\/li>\n<li><span dir=\"auto\">Doble recubierta superior estrecha (3 mm) &#8211; 2 agujas y 4 hilos<\/span><\/li>\n<\/ul>\n<p><span dir=\"auto\">Un solo lado<\/span><\/p>\n<ul>\n<li><span dir=\"auto\">Triple recubierta &#8211; 3 agujas y 4 hilos<\/span><\/li>\n<li><span dir=\"auto\">Doble recubierta ancha (6 mm) &#8211; 2 agujas y 3 hilos<\/span><\/li>\n<li><span dir=\"auto\">Doble recubierta estrecha (3 mm) &#8211; 2 agujas y 3 hilos<\/span><\/li>\n<li><span dir=\"auto\">Cadeneta &#8211; 1 aguja y 2 hilos<\/span><\/li>\n<\/ul>\n<\/div>\n<div class=\"descRight\"><b><span dir=\"auto\">Accesorios est\u00e1ndar<\/span><\/b><\/p>\n<ul>\n<li><span dir=\"auto\">Prensatelas transparente<\/span><\/li>\n<li><span dir=\"auto\">Clip de liberaci\u00f3n de tensi\u00f3n<\/span><\/li>\n<li><span dir=\"auto\">Destornillador grande<\/span><\/li>\n<li><span dir=\"auto\">Destornillador peque\u00f1o<\/span><\/li>\n<li><span dir=\"auto\">Pincel de limpieza<\/span><\/li>\n<li><span dir=\"auto\">Juego de agujas<\/span><\/li>\n<li><span dir=\"auto\">Topes de bobina<\/span><\/li>\n<li><span dir=\"auto\">Redes<\/span><\/li>\n<li><span dir=\"auto\">Pinzas<\/span><\/li>\n<li><span dir=\"auto\">Enhebrador de aguja<\/span><\/li>\n<li><span dir=\"auto\">V\u00eddeo de inicio r\u00e1pido disponible online<\/span><\/li>\n<li><span dir=\"auto\">Pedal<\/span><\/li>\n<li><span dir=\"auto\">Funda<\/span><\/li>\n<li><span dir=\"auto\">Caja de accesorios<\/span><\/li>\n<\/ul>\n<\/div>\n","protected":false},"excerpt":{"rendered":"<p>La Elna Covermax es la recubridora que estabas buscando. Combinando hasta 5 hilos y 1, 2 o 3 agujas, la m\u00e1quina ofrece una variedad de puntadas de aspecto profesional y muy vers\u00e1tiles.<\/p>\n","protected":false},"featured_media":1287,"comment_status":"open","ping_status":"closed","template":"","meta":[],"product_brand":[],"product_cat":[82,22],"product_tag":[],"class_list":{"0":"post-1286","1":"product","2":"type-product","3":"status-publish","4":"has-post-thumbnail","6":"product_cat-elna","7":"product_cat-domesticas","9":"first","10":"instock","11":"sale","12":"taxable","13":"shipping-taxable","14":"purchasable","15":"product-type-simple"},"_links":{"self":[{"href":"https:\/\/macozag.com\/index.php?rest_route=\/wp\/v2\/product\/1286","targetHints":{"allow":["GET"]}}],"collection":[{"href":"https:\/\/macozag.com\/index.php?rest_route=\/wp\/v2\/product"}],"about":[{"href":"https:\/\/macozag.com\/index.php?rest_route=\/wp\/v2\/types\/product"}],"replies":[{"embeddable":true,"href":"https:\/\/macozag.com\/index.php?rest_route=%2Fwp%2Fv2%2Fcomments&post=1286"}],"wp:featuredmedia":[{"embeddable":true,"href":"https:\/\/macozag.com\/index.php?rest_route=\/wp\/v2\/media\/1287"}],"wp:attachment":[{"href":"https:\/\/macozag.com\/index.php?rest_route=%2Fwp%2Fv2%2Fmedia&parent=1286"}],"wp:term":[{"taxonomy":"product_brand","embeddable":true,"href":"https:\/\/macozag.com\/index.php?rest_route=%2Fwp%2Fv2%2Fproduct_brand&post=1286"},{"taxonomy":"product_cat","embeddable":true,"href":"https:\/\/macozag.com\/index.php?rest_route=%2Fwp%2Fv2%2Fproduct_cat&post=1286"},{"taxonomy":"product_tag","embeddable":true,"href":"https:\/\/macozag.com\/index.php?rest_route=%2Fwp%2Fv2%2Fproduct_tag&post=1286"}],"curies":[{"name":"wp","href":"https:\/\/api.w.org\/{rel}","templated":true}]}}