{"id":126,"date":"2025-03-02T18:49:27","date_gmt":"2025-03-02T18:49:27","guid":{"rendered":"http:\/\/macozag.com\/?post_type=product&#038;p=126"},"modified":"2025-11-14T10:04:10","modified_gmt":"2025-11-14T10:04:10","slug":"bernette-64-airlock","status":"publish","type":"product","link":"https:\/\/macozag.com\/?product=bernette-64-airlock","title":{"rendered":"Bernette b64 (Remalladora por aire)"},"content":{"rendered":"<p>La m\u00e1quina de overlock con enhebrador por aire para enhebrar las \u00e1ncoras autom\u00e1ticamente. Empezar a coser nunca ha sido tan f\u00e1cil. La b64 AIRLOCK tiene a\u00fan m\u00e1s que ofrecer: el brazo libre facilita la costura de mangas y pu\u00f1os. La gran superficie de trabajo disponible a la derecha de la aguja y la mesa extraible te van a encantar. Las cinco luces LED garantizan que la zona de trabajo est\u00e9 intensamente iluminada. El prensatelas se puede bajar y elevar temporalmente utilizando el sistema de mano libre bernette, de manera que tendr\u00e1s las manos libres para guiar la tela. Con 16 puntadas diferentes entre las que elegir y una velocidad de costura de hasta 1300 puntadas por minuto, \u00a1finalizar\u00e1s tus proyectos en poco tiempo!<\/p>\n<div class=\"box box-50\">\n<div class=\"card card-info\">\n<h2>Caracter\u00edsticas<\/h2>\n<table class=\"features\">\n<tbody>\n<tr>\n<th scope=\"row\">N\u00famero de puntadas<\/th>\n<td style=\"text-align: center;\">16<\/td>\n<\/tr>\n<tr>\n<th style=\"text-align: center;\" scope=\"row\">Puntada de overlock de 2, 3 y 4 hilos<\/th>\n<td style=\"text-align: center;\">SI<\/td>\n<\/tr>\n<tr>\n<th scope=\"row\">Puntada superel\u00e1stica de 3 hilos<\/th>\n<td style=\"text-align: center;\">SI<\/td>\n<\/tr>\n<tr>\n<th scope=\"row\">Costura plana de 2 y 3 hilos<\/th>\n<td style=\"text-align: center;\">SI<\/td>\n<\/tr>\n<tr>\n<th scope=\"row\">Costura estrecha de 3 hilos<\/th>\n<td style=\"text-align: center;\">SI<\/td>\n<\/tr>\n<tr>\n<th scope=\"row\">Dobladillo enrollado de 2 y 3 hilos<\/th>\n<td style=\"text-align: center;\">SI<\/td>\n<\/tr>\n<tr>\n<th scope=\"row\">3-Thread Picotstitch<\/th>\n<td style=\"text-align: center;\">SI<\/td>\n<\/tr>\n<tr>\n<th scope=\"row\">Overlock plegado de 2 hilos<\/th>\n<td style=\"text-align: center;\">SI<\/td>\n<\/tr>\n<tr>\n<th style=\"text-align: center;\" scope=\"row\">Enhebrador autom\u00e1tico por aire para el hilo del \u00e1ncora<\/th>\n<td style=\"text-align: center;\">SI<\/td>\n<\/tr>\n<tr>\n<th scope=\"row\">Control de microenhebrado (mtc)<\/th>\n<td style=\"text-align: center;\">SI<\/td>\n<\/tr>\n<tr>\n<th scope=\"row\">Brazo libre<\/th>\n<td style=\"text-align: center;\">SI<\/td>\n<\/tr>\n<tr>\n<th style=\"text-align: center;\" scope=\"row\">Luz de costura<\/th>\n<td style=\"text-align: center;\">5<\/td>\n<\/tr>\n<tr>\n<th scope=\"row\">Alzaprensatelas de rodilla<\/th>\n<td style=\"text-align: center;\">SI<\/td>\n<\/tr>\n<tr>\n<th scope=\"row\">Espacio de costura a la derecha de la aguja<\/th>\n<td style=\"text-align: center;\">130 mm<\/td>\n<\/tr>\n<tr>\n<th style=\"text-align: center;\" scope=\"row\">Cortahilos<\/th>\n<td style=\"text-align: center;\">manual<\/td>\n<\/tr>\n<tr>\n<th scope=\"row\">Puntadas de recubrir anchas<\/th>\n<td>de 3 a 7 mm<\/td>\n<\/tr>\n<tr>\n<th scope=\"row\">Velocidad (puntadas\/minuto)<\/th>\n<td style=\"text-align: center;\">1,300<\/td>\n<\/tr>\n<tr>\n<th scope=\"row\">Enhebrador de aguja<\/th>\n<td style=\"text-align: center;\">Manual<\/td>\n<\/tr>\n<tr>\n<th scope=\"row\">Puntada de overlock<\/th>\n<td style=\"text-align: center;\">SI<\/td>\n<\/tr>\n<\/tbody>\n<\/table>\n<\/div>\n<\/div>\n<div class=\"box box-50 multi-column\">\n<div class=\"card card-info lightgrey\">\n<h2>Accesorios incluidos<\/h2>\n<ul>\n<li>Prensatelas para puntada overlock est\u00e1ndar<\/li>\n<li>Destornillador<\/li>\n<li>Aceitera<\/li>\n<li>Red para bobinas (4)<\/li>\n<li>Cuchilla superior de repuesto (fija)<\/li>\n<li>Tapa de bobina (4)<\/li>\n<li>Pincel<\/li>\n<li>Juego de agujas BERNINA (ELx705)<\/li>\n<li>Enhebrador\/insertador de aguja<\/li>\n<li>Destornillador Allen (peque\u00f1o)<\/li>\n<li>Pinzas<\/li>\n<li>Convertidor del \u00e1ncora superior (ULC)<\/li>\n<li>Estabilizador de bobinas (4)<\/li>\n<li>Recipiente de residuos<\/li>\n<li>Tapa de brazo libre<\/li>\n<li>Gu\u00eda de hilo decorativo<\/li>\n<li>Alambre de enhebrado<\/li>\n<\/ul>\n<\/div>\n<\/div>\n","protected":false},"excerpt":{"rendered":"<p>La m\u00e1quina de overlock con f\u00e1cil enhebrado por aire<\/p>\n","protected":false},"featured_media":156,"comment_status":"open","ping_status":"closed","template":"","meta":[],"product_brand":[],"product_cat":[23],"product_tag":[],"class_list":{"0":"post-126","1":"product","2":"type-product","3":"status-publish","4":"has-post-thumbnail","6":"product_cat-bernette","8":"first","9":"instock","10":"sale","11":"taxable","12":"shipping-taxable","13":"purchasable","14":"product-type-simple"},"_links":{"self":[{"href":"https:\/\/macozag.com\/index.php?rest_route=\/wp\/v2\/product\/126","targetHints":{"allow":["GET"]}}],"collection":[{"href":"https:\/\/macozag.com\/index.php?rest_route=\/wp\/v2\/product"}],"about":[{"href":"https:\/\/macozag.com\/index.php?rest_route=\/wp\/v2\/types\/product"}],"replies":[{"embeddable":true,"href":"https:\/\/macozag.com\/index.php?rest_route=%2Fwp%2Fv2%2Fcomments&post=126"}],"wp:featuredmedia":[{"embeddable":true,"href":"https:\/\/macozag.com\/index.php?rest_route=\/wp\/v2\/media\/156"}],"wp:attachment":[{"href":"https:\/\/macozag.com\/index.php?rest_route=%2Fwp%2Fv2%2Fmedia&parent=126"}],"wp:term":[{"taxonomy":"product_brand","embeddable":true,"href":"https:\/\/macozag.com\/index.php?rest_route=%2Fwp%2Fv2%2Fproduct_brand&post=126"},{"taxonomy":"product_cat","embeddable":true,"href":"https:\/\/macozag.com\/index.php?rest_route=%2Fwp%2Fv2%2Fproduct_cat&post=126"},{"taxonomy":"product_tag","embeddable":true,"href":"https:\/\/macozag.com\/index.php?rest_route=%2Fwp%2Fv2%2Fproduct_tag&post=126"}],"curies":[{"name":"wp","href":"https:\/\/api.w.org\/{rel}","templated":true}]}}