{"id":1254,"date":"2025-10-09T08:25:34","date_gmt":"2025-10-09T08:25:34","guid":{"rendered":"http:\/\/macozag.com\/?post_type=product&#038;p=1254"},"modified":"2025-10-09T08:25:34","modified_gmt":"2025-10-09T08:25:34","slug":"elna-expressive-modelo-850","status":"publish","type":"product","link":"https:\/\/macozag.com\/?product=elna-expressive-modelo-850","title":{"rendered":"ELNA eXpressive Modelo 850"},"content":{"rendered":"<div class=\"descLeft\"><b><span dir=\"auto\">Caracter\u00edsticas<\/span><\/b><\/p>\n<ul>\n<li><span dir=\"auto\">200 puntadas incluyendo 6 ojales autom\u00e1ticos y alfabeto<\/span><\/li>\n<li><span dir=\"auto\">Ancho de zigzag 9mm de punta<\/span><\/li>\n<li><span dir=\"auto\">172 dise\u00f1os de bordados integrados<\/span><\/li>\n<li><span dir=\"auto\">Espacio de trabajo grande 210x120mm<\/span><\/li>\n<li><span dir=\"auto\">cortahilos automatico y programable<\/span><\/li>\n<li><span dir=\"auto\">Enhebrador de aguja integrado<\/span><\/li>\n<li><span dir=\"auto\">Sensor hilo superior e hilo canilla<\/span><\/li>\n<li><span dir=\"auto\">Control autom\u00e1tico de tensi\u00f3n de hilo.<\/span><\/li>\n<li><span dir=\"auto\">Prensatelas f\u00e1cilmente intercambiables sistema Snap on<\/span><\/li>\n<li><span dir=\"auto\">cortah\u00edlos autom\u00e1tico entre saltos de color durante el bordado<\/span><\/li>\n<li><span dir=\"auto\">Amplias funciones de modificaci\u00f3n del bordado directamente desde la pantalla de la m\u00e1quina t\u00e1ctil LCD HD<\/span><\/li>\n<li><span dir=\"auto\">Almacenamiento de los accesorios exclusivos ELNA<\/span><\/li>\n<li><span dir=\"auto\">Conexi\u00f3n USB y memoria integrada 3MB<\/span><\/li>\n<li><span dir=\"auto\">Unidad de bordado desmontable<\/span><\/li>\n<\/ul>\n<\/div>\n<div class=\"descRight\"><b><span dir=\"auto\">Accesorios est\u00e1ndar<\/span><\/b><\/p>\n<ul>\n<li><span dir=\"auto\">11 prensatelas especiales<\/span><\/li>\n<li><span dir=\"auto\">Prensatelas est\u00e1ndar<\/span><\/li>\n<li><span dir=\"auto\">Prensatelas de dobladillo enrollado<\/span><\/li>\n<li><span dir=\"auto\">Prensatelas de cremallera<\/span><\/li>\n<li><span dir=\"auto\">Prensatelas decorativas<\/span><\/li>\n<li><span dir=\"auto\">Prensatelas con borde invisible<\/span><\/li>\n<li><span dir=\"auto\">Prensatelas sobrehilado<\/span><\/li>\n<li><span dir=\"auto\">Prensatelas de 1\/4 de pulgada<\/span><\/li>\n<li><span dir=\"auto\">Prensatelas de bordado<\/span><\/li>\n<li><span dir=\"auto\">Prensatelas de acolchado libre y zurcir<\/span><\/li>\n<li><span dir=\"auto\">Prensatelas ojales autom\u00e1tico con placa estabilizadora<\/span><\/li>\n<li><span dir=\"auto\">Prensatelas para coser botones<\/span><\/li>\n<li><span dir=\"auto\">Pin para costuras circulares<\/span><\/li>\n<li><span dir=\"auto\">Barra gu\u00eda para acolchado<\/span><\/li>\n<li><span dir=\"auto\">Caja bobina especial bordado<\/span><\/li>\n<li><span dir=\"auto\">8 enganches magn\u00e9ticos para bastidores<\/span><\/li>\n<li><span dir=\"auto\">Bastidor 170x200mm<\/span><\/li>\n<li><span dir=\"auto\">Bastidor 140x140mm<\/span><\/li>\n<li><span dir=\"auto\">5 canillas<\/span><\/li>\n<li><span dir=\"auto\">Surtido de agujas<\/span><\/li>\n<li><span dir=\"auto\">Cepillo limpiador<\/span><\/li>\n<li><span dir=\"auto\">Desescosedor<\/span><\/li>\n<li><span dir=\"auto\">Tijeras de bordado<\/span><\/li>\n<li><span dir=\"auto\">2 topes bobina de hilo peque\u00f1o<\/span><\/li>\n<li><span dir=\"auto\">2 topes bobina de hilo grande<\/span><\/li>\n<li><span dir=\"auto\">2 topes bobina especial<\/span><\/li>\n<li><span dir=\"auto\">Portabobina adicional<\/span><\/li>\n<li><span dir=\"auto\">Destornillador<\/span><\/li>\n<li><span dir=\"auto\">Liquido limpiador caja bobina<\/span><\/li>\n<li><span dir=\"auto\">L\u00e1piz t\u00e1ctil<\/span><\/li>\n<li><span dir=\"auto\">Pedal<\/span><\/li>\n<li><span dir=\"auto\">DVD del software \u00abStitch Composer\u00bb<\/span><\/li>\n<li><span dir=\"auto\">Caja para el brazo de la unidad de bordado.<\/span><\/li>\n<li><span dir=\"auto\">Cubierta de protecci\u00f3n semir\u00edgida<\/span><\/li>\n<\/ul>\n<\/div>\n","protected":false},"excerpt":{"rendered":"<p>Ideal para proyectos de costura, bordado y acolchados de alto nivel. Combinando una gran cantidad de impresionantes funciones, tanto de costura como dise\u00f1os de bordado, te proporcionar\u00e1 una inspiraci\u00f3n infinita para tus proyectos. La transformaci\u00f3n de unidad de costura a unidad de bordado es muy f\u00e1cil, simplemente pulsando un bot\u00f3n.<\/p>\n","protected":false},"featured_media":1255,"comment_status":"open","ping_status":"closed","template":"","meta":[],"product_brand":[],"product_cat":[82,22],"product_tag":[],"class_list":{"0":"post-1254","1":"product","2":"type-product","3":"status-publish","4":"has-post-thumbnail","6":"product_cat-elna","7":"product_cat-domesticas","9":"first","10":"instock","11":"sale","12":"taxable","13":"shipping-taxable","14":"purchasable","15":"product-type-simple"},"_links":{"self":[{"href":"https:\/\/macozag.com\/index.php?rest_route=\/wp\/v2\/product\/1254","targetHints":{"allow":["GET"]}}],"collection":[{"href":"https:\/\/macozag.com\/index.php?rest_route=\/wp\/v2\/product"}],"about":[{"href":"https:\/\/macozag.com\/index.php?rest_route=\/wp\/v2\/types\/product"}],"replies":[{"embeddable":true,"href":"https:\/\/macozag.com\/index.php?rest_route=%2Fwp%2Fv2%2Fcomments&post=1254"}],"wp:featuredmedia":[{"embeddable":true,"href":"https:\/\/macozag.com\/index.php?rest_route=\/wp\/v2\/media\/1255"}],"wp:attachment":[{"href":"https:\/\/macozag.com\/index.php?rest_route=%2Fwp%2Fv2%2Fmedia&parent=1254"}],"wp:term":[{"taxonomy":"product_brand","embeddable":true,"href":"https:\/\/macozag.com\/index.php?rest_route=%2Fwp%2Fv2%2Fproduct_brand&post=1254"},{"taxonomy":"product_cat","embeddable":true,"href":"https:\/\/macozag.com\/index.php?rest_route=%2Fwp%2Fv2%2Fproduct_cat&post=1254"},{"taxonomy":"product_tag","embeddable":true,"href":"https:\/\/macozag.com\/index.php?rest_route=%2Fwp%2Fv2%2Fproduct_tag&post=1254"}],"curies":[{"name":"wp","href":"https:\/\/api.w.org\/{rel}","templated":true}]}}