{"id":125,"date":"2025-03-02T18:49:26","date_gmt":"2025-03-02T18:49:26","guid":{"rendered":"http:\/\/macozag.com\/?post_type=product&#038;p=125"},"modified":"2025-11-14T10:04:51","modified_gmt":"2025-11-14T10:04:51","slug":"bernettefunlock-48","status":"publish","type":"product","link":"https:\/\/macozag.com\/?product=bernettefunlock-48","title":{"rendered":"Bernette b48 (Combo remalladora\/recubridora)"},"content":{"rendered":"<p>La bernette 48 FUNLOCK es el mejor modelo de la serie FUNLOCK, una combinaci\u00f3n de m\u00e1quina overlock y para puntada de cobertura. Cuenta con un total de 23 puntadas: 15 overlock, 3 de cobertura, 4 de combinaci\u00f3n y 1 de cadeneta; de las cuales la puntada overlock tiene una anchura de hasta 7 mm, la de cobertura anchuras que van de 2,8 hasta 5,6 mm y las combinadas una anchura de hasta 10 mm. Las v\u00edas de enhebrado con c\u00f3digo de color permiten un enhebrado m\u00e1s sencillo en la zona de la aguja y su enhebrador manual ayuda a enhebrar las agujas. La lanzadera inferior y la lanzadera para cadeneta llevan un enhebrador autom\u00e1tico. La cuchilla se maneja desde abajo, lo que no solo garantiza un borde limpio de corte, sino tambi\u00e9n un manejo seguro; adem\u00e1s puede ajustarse c\u00f3modamente con una mano. Su brillante luz LED proporciona un espacio de trabajo bien iluminado. La bernette 48 FUNLOCK tiene una velocidad de costura de hasta 1300 puntadas por minuto.<\/p>\n<div class=\"box box-50\">\n<div class=\"card card-info\">\n<h2>Caracter\u00edsticas<\/h2>\n<table class=\"features\">\n<tbody>\n<tr>\n<th style=\"text-align: center;\" scope=\"row\">N\u00famero de puntadas<\/th>\n<td style=\"text-align: center;\">23<\/td>\n<\/tr>\n<tr>\n<th scope=\"row\">Costuras de 2, 3, 4 y 5 hilos<\/th>\n<td style=\"text-align: center;\">SI<\/td>\n<\/tr>\n<tr>\n<th style=\"text-align: center;\" scope=\"row\">Puntada superel\u00e1stica de 3 hilos<\/th>\n<td style=\"text-align: center;\">SI<\/td>\n<\/tr>\n<tr>\n<th scope=\"row\">Costura plana de 2 y 3 hilos<\/th>\n<td style=\"text-align: center;\">SI<\/td>\n<\/tr>\n<tr>\n<th scope=\"row\">Costura estrecha de 3 hilos<\/th>\n<td style=\"text-align: center;\">SI<\/td>\n<\/tr>\n<tr>\n<th style=\"text-align: center;\" scope=\"row\">Dobladillo enrollado de 2 y 3 hilos<\/th>\n<td style=\"text-align: center;\">SI<\/td>\n<\/tr>\n<tr>\n<th style=\"text-align: center;\" scope=\"row\">Overlock plegado de 2 hilos<\/th>\n<td style=\"text-align: center;\">SI<\/td>\n<\/tr>\n<tr>\n<th scope=\"row\">Puntada de cobertura de 4 hilos<\/th>\n<td style=\"text-align: center;\">SI<\/td>\n<\/tr>\n<tr>\n<th scope=\"row\">Puntada de cobertura de 3 hilos (estrecha\/ancha)<\/th>\n<td style=\"text-align: center;\">SI<\/td>\n<\/tr>\n<tr>\n<th scope=\"row\">Cadeneta de 2 hilos<\/th>\n<td style=\"text-align: center;\">SI<\/td>\n<\/tr>\n<tr>\n<th scope=\"row\">Puntada de seguridad de 4 y 5 hilos<\/th>\n<td style=\"text-align: center;\">SI<\/td>\n<\/tr>\n<tr>\n<th scope=\"row\">Recorrido del enhebrado marcado en colores<\/th>\n<td style=\"text-align: center;\">SI<\/td>\n<\/tr>\n<tr>\n<th scope=\"row\">Espacio de costura a la derecha de la aguja<\/th>\n<td style=\"text-align: center;\">87 mm<\/td>\n<\/tr>\n<tr>\n<th scope=\"row\">Puntadas de recubrir anchas<\/th>\n<td>de 3 a 7 mm<\/td>\n<\/tr>\n<tr>\n<th scope=\"row\">Puntadas de recubrir anchas<\/th>\n<td>de 3 a 7 mm<\/td>\n<\/tr>\n<tr>\n<th scope=\"row\">Anchura de la puntada combinada<\/th>\n<td style=\"text-align: center;\">5-10 mm<\/td>\n<\/tr>\n<tr>\n<th scope=\"row\">Velocidad (puntadas\/minuto)<\/th>\n<td style=\"text-align: center;\">1,300<\/td>\n<\/tr>\n<tr>\n<th scope=\"row\">Puntada de cobertura<\/th>\n<td style=\"text-align: center;\">SI<\/td>\n<\/tr>\n<tr>\n<th style=\"text-align: center;\" scope=\"row\">\n<table class=\"features\" style=\"font-weight: 400; text-align: start; height: 27px;\" width=\"314\">\n<tbody>\n<tr>\n<th scope=\"row\">Puntada de overlock<\/th>\n<td><\/td>\n<\/tr>\n<\/tbody>\n<\/table>\n<\/th>\n<td style=\"text-align: center;\">SI<\/td>\n<\/tr>\n<\/tbody>\n<\/table>\n<\/div>\n<\/div>\n<div class=\"box box-50 multi-column\">\n<div class=\"card card-info lightgrey\">\n<h2>Accesorios incluidos<\/h2>\n<ul>\n<li>Standard presser foot Overlock\/Cover<\/li>\n<li>Screw driver (large size)<\/li>\n<li>Oiler<\/li>\n<li>Spool net (5x)<\/li>\n<li>Spare upper knife (stationary)<\/li>\n<li>Spool cap (5x)<\/li>\n<li>Brush<\/li>\n<li>Needle set (ELx705)<\/li>\n<li>Needle Threader \/ inserter<\/li>\n<li>Allen Screw driver (small)<\/li>\n<li>Tweezers<\/li>\n<li>Upper looper converter (ULC)<\/li>\n<li>Spool stabilizer (5x)<\/li>\n<li>Dust cover<\/li>\n<li>Cut-offs Bin<\/li>\n<li>Cover\/Chainstitch Inserter<\/li>\n<\/ul>\n<\/div>\n<\/div>\n","protected":false},"excerpt":{"rendered":"<p>Las m\u00e1quinas para remallar y recubrir de bernette est\u00e1n dise\u00f1adas para coser, remallar, sobrehilar y cortar la tela en un sola operaci\u00f3n. La posibilidad de coser y cortar en un solo paso es el secreto de la calidad de la puntada en una remalladora bernette: todo ello a un precio muy atractivo.<\/p>\n","protected":false},"featured_media":1362,"comment_status":"open","ping_status":"closed","template":"","meta":[],"product_brand":[],"product_cat":[23],"product_tag":[],"class_list":{"0":"post-125","1":"product","2":"type-product","3":"status-publish","4":"has-post-thumbnail","6":"product_cat-bernette","8":"first","9":"instock","10":"sale","11":"taxable","12":"shipping-taxable","13":"purchasable","14":"product-type-simple"},"_links":{"self":[{"href":"https:\/\/macozag.com\/index.php?rest_route=\/wp\/v2\/product\/125","targetHints":{"allow":["GET"]}}],"collection":[{"href":"https:\/\/macozag.com\/index.php?rest_route=\/wp\/v2\/product"}],"about":[{"href":"https:\/\/macozag.com\/index.php?rest_route=\/wp\/v2\/types\/product"}],"replies":[{"embeddable":true,"href":"https:\/\/macozag.com\/index.php?rest_route=%2Fwp%2Fv2%2Fcomments&post=125"}],"wp:featuredmedia":[{"embeddable":true,"href":"https:\/\/macozag.com\/index.php?rest_route=\/wp\/v2\/media\/1362"}],"wp:attachment":[{"href":"https:\/\/macozag.com\/index.php?rest_route=%2Fwp%2Fv2%2Fmedia&parent=125"}],"wp:term":[{"taxonomy":"product_brand","embeddable":true,"href":"https:\/\/macozag.com\/index.php?rest_route=%2Fwp%2Fv2%2Fproduct_brand&post=125"},{"taxonomy":"product_cat","embeddable":true,"href":"https:\/\/macozag.com\/index.php?rest_route=%2Fwp%2Fv2%2Fproduct_cat&post=125"},{"taxonomy":"product_tag","embeddable":true,"href":"https:\/\/macozag.com\/index.php?rest_route=%2Fwp%2Fv2%2Fproduct_tag&post=125"}],"curies":[{"name":"wp","href":"https:\/\/api.w.org\/{rel}","templated":true}]}}