{"id":1247,"date":"2025-10-09T08:20:36","date_gmt":"2025-10-09T08:20:36","guid":{"rendered":"http:\/\/macozag.com\/?post_type=product&#038;p=1247"},"modified":"2025-10-09T08:20:36","modified_gmt":"2025-10-09T08:20:36","slug":"elna-modelo830lce-maquina-de-bordar-con-un-area-de-200x360mm","status":"publish","type":"product","link":"https:\/\/macozag.com\/?product=elna-modelo830lce-maquina-de-bordar-con-un-area-de-200x360mm","title":{"rendered":"ELNA Modelo830LCE m\u00e1quina de bordar con un \u00e1rea de 200x360mm"},"content":{"rendered":"<div class=\"descLeft\"><b><span dir=\"auto\">Caracter\u00edsticas<\/span><\/b><\/p>\n<ul>\n<li><span dir=\"auto\">Tama\u00f1o de la m\u00e1quina 566 x 335 x 532 mm<\/span><\/li>\n<li><span dir=\"auto\">Peso de la m\u00e1quina 11,5 Kg<\/span><\/li>\n<li><span dir=\"auto\">Pantalla t\u00e1ctil para todo color LCD<\/span><\/li>\n<li><span dir=\"auto\">Garfio horizontal con tapa de canilla transparente<\/span><\/li>\n<li><span dir=\"auto\">Enhebrador incorporado sistema superior<\/span><\/li>\n<li><span dir=\"auto\">Cortah\u00edlos autom\u00e1tico accionado por bot\u00f3n<\/span><\/li>\n<li><span dir=\"auto\">Sistema de enhebrado f\u00e1icl y guiado con cortah\u00edlos integrado<\/span><\/li>\n<li><span dir=\"auto\">Sensores de hilo superior y de canilla<\/span><\/li>\n<li><span dir=\"auto\">Control de tensi\u00f3n del hilo autom\u00e1tico<\/span><\/li>\n<li><span dir=\"auto\">Memoria integrada de 4 MB<\/span><\/li>\n<li><span dir=\"auto\">Puerto USB para transferir dise\u00f1os<\/span><\/li>\n<li><span dir=\"auto\">Velocidad de bordado ajustable de 400 a 860 ppm<\/span><\/li>\n<li><span dir=\"auto\">Incluye 180 dise\u00f1os de bordado.<\/span><\/li>\n<li><span dir=\"auto\">2 alfabetos y 3 fuentes<\/span><\/li>\n<li><span dir=\"auto\">Monogramas de 2 o 3 letras<\/span><\/li>\n<li><span dir=\"auto\">\u00c1rea de bordado 200 x 360 mm<\/span><\/li>\n<li><span dir=\"auto\">Cortah\u00edlos autom\u00e1tico entre saltos de color durante el bordado.<\/span><\/li>\n<li><span dir=\"auto\">Retorno del hilo despu\u00e9s de la rotura del hilo<\/span><\/li>\n<li><span dir=\"auto\">Amplias funciones de modificaci\u00f3n del bordado directamente desde la m\u00e1quina<\/span><\/li>\n<li><span dir=\"auto\">Incluye el \u00abEditor de bordado de software\u00bb, un paso m\u00e1s en la comodidad de preajustar tus bordados desde tu PC.<\/span><\/li>\n<\/ul>\n<\/div>\n<div class=\"descRight\"><b><span dir=\"auto\">Accesorios est\u00e1ndar<\/span><\/b><\/p>\n<ul>\n<li><span dir=\"auto\">Prensatelas de bordado P<\/span><\/li>\n<li><span dir=\"auto\">Caja bobina especial bordado<\/span><\/li>\n<li><span dir=\"auto\">8 imanes para bastidores<\/span><\/li>\n<li><span dir=\"auto\">Bastidor 200x360mm<\/span><\/li>\n<li><span dir=\"auto\">Bastidor 200x200mm<\/span><\/li>\n<li><span dir=\"auto\">Bastidor 140x200mm<\/span><\/li>\n<li><span dir=\"auto\">Bastidor 140x140mm<\/span><\/li>\n<li><span dir=\"auto\">5 canillas<\/span><\/li>\n<li><span dir=\"auto\">Surtido de agujas<\/span><\/li>\n<li><span dir=\"auto\">Cepillo limpiador<\/span><\/li>\n<li><span dir=\"auto\">Tijeras de bordado<\/span><\/li>\n<li><span dir=\"auto\">2 topes bobina de hilo peque\u00f1o<\/span><\/li>\n<li><span dir=\"auto\">2 topes bobina de hilo grande<\/span><\/li>\n<li><span dir=\"auto\">2 topes bobina especial<\/span><\/li>\n<li><span dir=\"auto\">Portabobina adicional<\/span><\/li>\n<li><span dir=\"auto\">Destornillador<\/span><\/li>\n<li><span dir=\"auto\">Destornillador especial<\/span><\/li>\n<li><span dir=\"auto\">L\u00e1piz t\u00e1ctil<\/span><\/li>\n<li><span dir=\"auto\">V\u00eddeo de instrucciones (en l\u00ednea)<\/span><\/li>\n<li><span dir=\"auto\">Software de edici\u00f3n de bordado para PC<\/span><\/li>\n<li><span dir=\"auto\">Mesa de extensi\u00f3n extra ancha<\/span><\/li>\n<\/ul>\n<\/div>\n","protected":false},"excerpt":{"rendered":"<p>SOFTWARE DE REGALO. Con la eXpression 830L CE se incluye de regalo el Software eXuberance Junior. Ideal para proyectos de bordado de gran tama\u00f1o. Todas las propiedades t\u00e9cnicas de este modelo mejoran tus capacidades y te brindan una mayor precisi\u00f3n de bordado en tus creaciones.<\/p>\n","protected":false},"featured_media":1248,"comment_status":"open","ping_status":"closed","template":"","meta":[],"product_brand":[],"product_cat":[82,22],"product_tag":[],"class_list":{"0":"post-1247","1":"product","2":"type-product","3":"status-publish","4":"has-post-thumbnail","6":"product_cat-elna","7":"product_cat-domesticas","9":"first","10":"instock","11":"sale","12":"taxable","13":"shipping-taxable","14":"purchasable","15":"product-type-simple"},"_links":{"self":[{"href":"https:\/\/macozag.com\/index.php?rest_route=\/wp\/v2\/product\/1247","targetHints":{"allow":["GET"]}}],"collection":[{"href":"https:\/\/macozag.com\/index.php?rest_route=\/wp\/v2\/product"}],"about":[{"href":"https:\/\/macozag.com\/index.php?rest_route=\/wp\/v2\/types\/product"}],"replies":[{"embeddable":true,"href":"https:\/\/macozag.com\/index.php?rest_route=%2Fwp%2Fv2%2Fcomments&post=1247"}],"wp:featuredmedia":[{"embeddable":true,"href":"https:\/\/macozag.com\/index.php?rest_route=\/wp\/v2\/media\/1248"}],"wp:attachment":[{"href":"https:\/\/macozag.com\/index.php?rest_route=%2Fwp%2Fv2%2Fmedia&parent=1247"}],"wp:term":[{"taxonomy":"product_brand","embeddable":true,"href":"https:\/\/macozag.com\/index.php?rest_route=%2Fwp%2Fv2%2Fproduct_brand&post=1247"},{"taxonomy":"product_cat","embeddable":true,"href":"https:\/\/macozag.com\/index.php?rest_route=%2Fwp%2Fv2%2Fproduct_cat&post=1247"},{"taxonomy":"product_tag","embeddable":true,"href":"https:\/\/macozag.com\/index.php?rest_route=%2Fwp%2Fv2%2Fproduct_tag&post=1247"}],"curies":[{"name":"wp","href":"https:\/\/api.w.org\/{rel}","templated":true}]}}