{"id":123,"date":"2025-03-02T18:49:26","date_gmt":"2025-03-02T18:49:26","guid":{"rendered":"http:\/\/macozag.com\/?post_type=product&#038;p=123"},"modified":"2025-11-14T10:05:53","modified_gmt":"2025-11-14T10:05:53","slug":"bernettefunlock-42","status":"publish","type":"product","link":"https:\/\/macozag.com\/?product=bernettefunlock-42","title":{"rendered":"Bernette b42 (Recubridora)"},"content":{"rendered":"<div class=\"box box-50\">\n<div class=\"card card-info\">\n<h2>Caracter\u00edsticas<\/h2>\n<table class=\"features\">\n<tbody>\n<tr>\n<th style=\"text-align: center;\" scope=\"row\">N\u00famero de puntadas<\/th>\n<td style=\"text-align: center;\">4<\/td>\n<\/tr>\n<tr>\n<th style=\"text-align: center;\" scope=\"row\">Puntada de cobertura de 4 hiloss<\/th>\n<td style=\"text-align: center;\">SI<\/td>\n<\/tr>\n<tr>\n<th scope=\"row\">Puntada de cobertura de 3 hilos (estrecha\/ancha)<\/th>\n<td>\n<p style=\"text-align: center;\">SI<\/p>\n<\/td>\n<\/tr>\n<tr>\n<th style=\"text-align: center;\" scope=\"row\">Cadeneta de 2 hilos<\/th>\n<td style=\"text-align: center;\">SI<\/td>\n<\/tr>\n<tr>\n<th style=\"text-align: center;\" scope=\"row\">Recorrido del enhebrado marcado en colores<\/th>\n<td style=\"text-align: center;\">SI<\/td>\n<\/tr>\n<tr>\n<th style=\"text-align: center;\" scope=\"row\">Espacio de costura a la derecha de la aguja<\/th>\n<td style=\"text-align: center;\">87 mm<\/td>\n<\/tr>\n<tr>\n<th scope=\"row\">Puntadas de recubrir anchas<\/th>\n<td>de 3 a 7 mm<\/td>\n<\/tr>\n<tr>\n<th style=\"text-align: center;\" scope=\"row\">Velocidad (puntadas\/minuto)<\/th>\n<td style=\"text-align: center;\">1,300<\/td>\n<\/tr>\n<tr>\n<th style=\"text-align: center;\" scope=\"row\">Puntada de cobertura<\/th>\n<td style=\"text-align: center;\">SI<\/td>\n<\/tr>\n<\/tbody>\n<\/table>\n<\/div>\n<\/div>\n<div class=\"box box-50 multi-column\">\n<div class=\"card card-info lightgrey\">\n<h2>Accesorios incluidos<\/h2>\n<ul>\n<li>Prensatelas estandar<\/li>\n<li>Destornillador (grande)<\/li>\n<li>Aceite<\/li>\n<li>Red para hilos (4x)<\/li>\n<li>Disco de sujecci\u00f3n (4x)<\/li>\n<li>Pincel<\/li>\n<li>Set de agujas (ELx705)*<\/li>\n<li>Enhebrador de aguja<\/li>\n<li>Destornillador Allen (peque\u00f1o)<\/li>\n<li>Pinzas<\/li>\n<li>Sujeta bobinas (4x)<\/li>\n<li>Funda<\/li>\n<\/ul>\n<\/div>\n<\/div>\n","protected":false},"excerpt":{"rendered":"<p>La bernette 42 FUNLOCK es una m\u00e1quina para coser puntadas de cobertura que cuenta con un total de 3 puntadas de cobertura diferentes, una anchura de 2,8 y 5,6 mm y una puntada de cadeneta. Con ella podr\u00e1s realizar dobladillos, bordes y pu\u00f1os con puntadas profesionales, otorg\u00e1ndole a tu proyecto de costura un aspecto perfecto. Con la bernette 42 FUNLOCK lograr\u00e1s excelentes resultados incluso con telas muy el\u00e1sticas y tejidos de punto. Enhebrar las agujas y pasarlas por el \u00e1ncora es facil\u00edsimo, gracias a su enhebra agujas y al mecanismo enhebrador de \u00e1ncora. Y para que siempre veas bien tu proyecto de costura, la bernette 42 FUNLOCK tambi\u00e9n cuenta con una brillante luz LED.<\/p>\n","protected":false},"featured_media":152,"comment_status":"open","ping_status":"closed","template":"","meta":[],"product_brand":[],"product_cat":[23],"product_tag":[],"class_list":{"0":"post-123","1":"product","2":"type-product","3":"status-publish","4":"has-post-thumbnail","6":"product_cat-bernette","8":"first","9":"instock","10":"sale","11":"taxable","12":"shipping-taxable","13":"purchasable","14":"product-type-simple"},"_links":{"self":[{"href":"https:\/\/macozag.com\/index.php?rest_route=\/wp\/v2\/product\/123","targetHints":{"allow":["GET"]}}],"collection":[{"href":"https:\/\/macozag.com\/index.php?rest_route=\/wp\/v2\/product"}],"about":[{"href":"https:\/\/macozag.com\/index.php?rest_route=\/wp\/v2\/types\/product"}],"replies":[{"embeddable":true,"href":"https:\/\/macozag.com\/index.php?rest_route=%2Fwp%2Fv2%2Fcomments&post=123"}],"wp:featuredmedia":[{"embeddable":true,"href":"https:\/\/macozag.com\/index.php?rest_route=\/wp\/v2\/media\/152"}],"wp:attachment":[{"href":"https:\/\/macozag.com\/index.php?rest_route=%2Fwp%2Fv2%2Fmedia&parent=123"}],"wp:term":[{"taxonomy":"product_brand","embeddable":true,"href":"https:\/\/macozag.com\/index.php?rest_route=%2Fwp%2Fv2%2Fproduct_brand&post=123"},{"taxonomy":"product_cat","embeddable":true,"href":"https:\/\/macozag.com\/index.php?rest_route=%2Fwp%2Fv2%2Fproduct_cat&post=123"},{"taxonomy":"product_tag","embeddable":true,"href":"https:\/\/macozag.com\/index.php?rest_route=%2Fwp%2Fv2%2Fproduct_tag&post=123"}],"curies":[{"name":"wp","href":"https:\/\/api.w.org\/{rel}","templated":true}]}}