{"id":1229,"date":"2025-10-09T07:56:39","date_gmt":"2025-10-09T07:56:39","guid":{"rendered":"http:\/\/macozag.com\/?post_type=product&#038;p=1229"},"modified":"2025-10-09T07:56:39","modified_gmt":"2025-10-09T07:56:39","slug":"elna-modelo-782-ex","status":"publish","type":"product","link":"https:\/\/macozag.com\/?product=elna-modelo-782-ex","title":{"rendered":"ELNA Modelo 782 eX"},"content":{"rendered":"<div class=\"product-bottom\">\n<div class=\"descLeft\"><b><span dir=\"auto\">Caracter\u00edsticas<\/span><\/b><\/p>\n<ul>\n<li><span dir=\"auto\">Tama\u00f1o de la m\u00e1quina 535 x 326 x 243 mm<\/span><\/li>\n<li><span dir=\"auto\">Peso de la m\u00e1quina 13,5 kg<\/span><\/li>\n<li><span dir=\"auto\">Velocidad de costura ajustable hasta 1060ppm.<\/span><\/li>\n<li><span dir=\"auto\">Espacio de costura 280 x 120 mm<\/span><\/li>\n<li><span dir=\"auto\">Brazo libre extralargo (150 mm)<\/span><\/li>\n<li><span dir=\"auto\">Pantalla t\u00e1ctil HD<\/span><\/li>\n<li><span dir=\"auto\">Multiidioma<\/span><\/li>\n<li><span dir=\"auto\">Regulador preciso de puntada ASR con 4 prensatelas<\/span><\/li>\n<li><span dir=\"auto\">Canilla horizontal con tapa transparente<\/span><\/li>\n<li><span dir=\"auto\">Enhebrador incorporado Smart System<\/span><\/li>\n<li><span dir=\"auto\">Colocaci\u00f3n f\u00e1cil y guiada de la canilla con cortah\u00edlos<\/span><\/li>\n<li><span dir=\"auto\">Devanador de canilla con desembrague autom\u00e1tico<\/span><\/li>\n<li><span dir=\"auto\">Sensor de hilo superior y canilla<\/span><\/li>\n<li><span dir=\"auto\">7 hileras de dientes escamoteables<\/span><\/li>\n<li><span dir=\"auto\">Sistema de doble arrastre Dual Feed y Dual Feed Plus para tipo ancho y estrecho<\/span><\/li>\n<li><span dir=\"auto\">Tensor de hilo autom\u00e1tico<\/span><\/li>\n<li><span dir=\"auto\">Ajuste de presi\u00f3n de pr\u00e9nsatelas autom\u00e1tico<\/span><\/li>\n<li><span dir=\"auto\">Sistema de cambio de pr\u00e9nsatelas Clip-on<\/span><\/li>\n<li><span dir=\"auto\">Cambio de placa aguja en un solo paso<\/span><\/li>\n<li><span dir=\"auto\">Placa aguja profesional HP, y pr\u00e9nsatelas HP y HP2 incluidos<\/span><\/li>\n<li><span dir=\"auto\">Diales para el ajuste del ancho y la longitud de puntada<\/span><\/li>\n<li><span dir=\"auto\">Rodillera ajustable<\/span><\/li>\n<li><span dir=\"auto\">Pedal grande<\/span><\/li>\n<li><span dir=\"auto\">Interruptor del cortah\u00edlos incluidos<\/span><\/li>\n<li><span dir=\"auto\">9 LED blancas en 4 lugares y 1 luz retr\u00e1ctil frontal<\/span><\/li>\n<li><span dir=\"auto\">Memoria integrada de 3 MB<\/span><\/li>\n<li><span dir=\"auto\">Conexi\u00f3n USB<\/span><\/li>\n<li><span dir=\"auto\">Almacenaje de accesorios en 3 compartimentos.<\/span><\/li>\n<li><span dir=\"auto\">Panel de puntadas en cubierta superior<\/span><\/li>\n<li><span dir=\"auto\">Ancho m\u00e1ximo de puntada 9 mm<\/span><\/li>\n<li><span dir=\"auto\">Longitud m\u00e1xima de puntada 5 mm<\/span><\/li>\n<li><span dir=\"auto\">400 puntadas<\/span><\/li>\n<li><span dir=\"auto\">11 ojales en un solo paso (10 autom\u00e1ticos y 1 sensor)<\/span><\/li>\n<li><span dir=\"auto\">3 alfabetos y 3 fuentes<\/span><\/li>\n<li><span dir=\"auto\">Letras may\u00fasculas y n\u00fameros disponibles en 9 mm<\/span><\/li>\n<li><span dir=\"auto\">Combinaci\u00f3n de patrones<\/span><\/li>\n<li><span dir=\"auto\">Puntada favorita<\/span><\/li>\n<li><span dir=\"auto\">Funci\u00f3n p\u00edvot<\/span><\/li>\n<li><span dir=\"auto\">Modo flotante<\/span><\/li>\n<li><span dir=\"auto\">Variable en zigzag<\/span><\/li>\n<li><span dir=\"auto\">Biselado de puntadas<\/span><\/li>\n<li><span dir=\"auto\">Funci\u00f3n de costura con regla<\/span><\/li>\n<li><span dir=\"auto\">Software de creaci\u00f3n de puntadas Stitch Composer<\/span><\/li>\n<li><span dir=\"auto\">91 posiciones de aguja<\/span><\/li>\n<li><span dir=\"auto\">Funciones de acceso directo: star-stop, puntada de remate, puntada condensada autom\u00e1tica, aguja arriba &#8211; abajo, elevador autom\u00e1tico de pr\u00e9nsatelas, cortah\u00edlos autom\u00e1tico y programable, regulador de velocidad<\/span><\/li>\n<\/ul>\n<\/div>\n<div class=\"descRight\"><b><span dir=\"auto\">Accesorios est\u00e1ndar<\/span><\/b><\/p>\n<ul>\n<li><span dir=\"auto\">Pr\u00e9nsatelas est\u00e1ndar<\/span><\/li>\n<li><span dir=\"auto\">Pr\u00e9nsatelas de dobladillo enrollado<\/span><\/li>\n<li><span dir=\"auto\">Pr\u00e9nsatelas de cremallera<\/span><\/li>\n<li><span dir=\"auto\">Pr\u00e9nsatelas puntada de realce<\/span><\/li>\n<li><span dir=\"auto\">Pr\u00e9nsatelas puntada de realce abierto<\/span><\/li>\n<li><span dir=\"auto\">Pr\u00e9nsatelas puntada invisible<\/span><\/li>\n<li><span dir=\"auto\">Pr\u00e9nsatelas ojales autom\u00e1tico con placa estabilizadora<\/span><\/li>\n<li><span dir=\"auto\">Pr\u00e9nsatelas sobrehilado<\/span><\/li>\n<li><span dir=\"auto\">Pr\u00e9nsatelas de 1\/4 de pulgada<\/span><\/li>\n<li><span dir=\"auto\">Pr\u00e9nsatelas de 1\/4 de pulgada sin gu\u00eda de acolchado<\/span><\/li>\n<li><span dir=\"auto\">Pr\u00e9nsatelas zurcir cerrado<\/span><\/li>\n<li><span dir=\"auto\">Pr\u00e9nsatelas para el acolchado libre cerrado<\/span><\/li>\n<li><span dir=\"auto\">Pr\u00e9nsatelas para el acolchado libre abierto<\/span><\/li>\n<li><span dir=\"auto\">Pr\u00e9nsatelas para el acolchado libre en zig zag<\/span><\/li>\n<li><span dir=\"auto\">Pr\u00e9nsatelas para el acolchado libre con plantilla<\/span><\/li>\n<li><span dir=\"auto\">Pr\u00e9nsatelas para coser botones<\/span><\/li>\n<li><span dir=\"auto\">Pr\u00e9nsatelas doble arrastre y soporte sistema ancho<\/span><\/li>\n<li><span dir=\"auto\">Pr\u00e9nsatelas doble arrastre y soporte sistema estrecho<\/span><\/li>\n<li><span dir=\"auto\">Pr\u00e9nsatelas para el acabado profesional HP<\/span><\/li>\n<li><span dir=\"auto\">Placa aguja est\u00e1ndar<\/span><\/li>\n<li><span dir=\"auto\">Placa aguja de puntada recta<\/span><\/li>\n<li><span dir=\"auto\">Placa aguja para el acabado profesional HP<\/span><\/li>\n<li><span dir=\"auto\">ASR con 4 pr\u00e9nsatelas: ASR-QC cerrado, ASR-QO abierto, ASR-QV transparente y ASR-QR para plantillas<\/span><\/li>\n<li><span dir=\"auto\">Pin para costuras circular<\/span><\/li>\n<li><span dir=\"auto\">Barra gu\u00eda para acolchado<\/span><\/li>\n<li><span dir=\"auto\">Placa coser botones<\/span><\/li>\n<li><span dir=\"auto\">Canillas<\/span><\/li>\n<li><span dir=\"auto\">Descosedor<\/span><\/li>\n<li><span dir=\"auto\">Surtido de agujas<\/span><\/li>\n<li><span dir=\"auto\">Cepillo limpiador<\/span><\/li>\n<li><span dir=\"auto\">2 topes bobina de hilo peque\u00f1o<\/span><\/li>\n<li><span dir=\"auto\">2 topes bobina de hilo grande<\/span><\/li>\n<li><span dir=\"auto\">2 topes bobina especial<\/span><\/li>\n<li><span dir=\"auto\">Portabobina adicional<\/span><\/li>\n<li><span dir=\"auto\">Destornillador peque\u00f1o<\/span><\/li>\n<li><span dir=\"auto\">Caja de accesorios<\/span><\/li>\n<li><span dir=\"auto\">Mesa de extensi\u00f3n extra grande con gu\u00eda de tela.<\/span><\/li>\n<li><span dir=\"auto\">Pedal grande con interruptor cortah\u00edlos<\/span><\/li>\n<li><span dir=\"auto\">Rodillera<\/span><\/li>\n<li><span dir=\"auto\">L\u00e1piz t\u00e1ctil<\/span><\/li>\n<li><span dir=\"auto\">Funda protectora<\/span><\/li>\n<\/ul>\n<\/div>\n<\/div>\n<div class=\"product-related\">\n<div class=\"product-upsells-wrapper\">\n<div class=\"product-extra-title\">\n<h2><\/h2>\n<\/div>\n<\/div>\n<\/div>\n","protected":false},"excerpt":{"rendered":"<p>Con esta m\u00e1quina de coser y acolchar disfrutar\u00e1s utilizando la amplia gama de fant\u00e1sticas funciones para costura normal, puntadas decorativas y acolchadas. Su sistema exclusivo ASR, junto con una exclusiva combinaci\u00f3n de caracter\u00edsticas, hace que la eXcellence 782 sea la m\u00e1quina de ensue\u00f1o para entusiastas del patchwork y el acolchado.<\/p>\n","protected":false},"featured_media":1230,"comment_status":"open","ping_status":"closed","template":"","meta":[],"product_brand":[],"product_cat":[82,22],"product_tag":[],"class_list":{"0":"post-1229","1":"product","2":"type-product","3":"status-publish","4":"has-post-thumbnail","6":"product_cat-elna","7":"product_cat-domesticas","9":"first","10":"instock","11":"sale","12":"taxable","13":"shipping-taxable","14":"purchasable","15":"product-type-simple"},"_links":{"self":[{"href":"https:\/\/macozag.com\/index.php?rest_route=\/wp\/v2\/product\/1229","targetHints":{"allow":["GET"]}}],"collection":[{"href":"https:\/\/macozag.com\/index.php?rest_route=\/wp\/v2\/product"}],"about":[{"href":"https:\/\/macozag.com\/index.php?rest_route=\/wp\/v2\/types\/product"}],"replies":[{"embeddable":true,"href":"https:\/\/macozag.com\/index.php?rest_route=%2Fwp%2Fv2%2Fcomments&post=1229"}],"wp:featuredmedia":[{"embeddable":true,"href":"https:\/\/macozag.com\/index.php?rest_route=\/wp\/v2\/media\/1230"}],"wp:attachment":[{"href":"https:\/\/macozag.com\/index.php?rest_route=%2Fwp%2Fv2%2Fmedia&parent=1229"}],"wp:term":[{"taxonomy":"product_brand","embeddable":true,"href":"https:\/\/macozag.com\/index.php?rest_route=%2Fwp%2Fv2%2Fproduct_brand&post=1229"},{"taxonomy":"product_cat","embeddable":true,"href":"https:\/\/macozag.com\/index.php?rest_route=%2Fwp%2Fv2%2Fproduct_cat&post=1229"},{"taxonomy":"product_tag","embeddable":true,"href":"https:\/\/macozag.com\/index.php?rest_route=%2Fwp%2Fv2%2Fproduct_tag&post=1229"}],"curies":[{"name":"wp","href":"https:\/\/api.w.org\/{rel}","templated":true}]}}