{"id":1222,"date":"2025-10-09T07:48:42","date_gmt":"2025-10-09T07:48:42","guid":{"rendered":"http:\/\/macozag.com\/?post_type=product&#038;p=1222"},"modified":"2025-10-09T07:48:42","modified_gmt":"2025-10-09T07:48:42","slug":"elna-modelo-710-ex","status":"publish","type":"product","link":"https:\/\/macozag.com\/?product=elna-modelo-710-ex","title":{"rendered":"ELNA Modelo 710 eX"},"content":{"rendered":"<h3><strong><u>Caracter\u00edsticas:<\/u><\/strong><\/h3>\n<ul>\n<li>Tama\u00f1o de la m\u00e1quina:\u00a0Ancho 519 \u00d7 Alto 316 \u00d7 Profundidad 230 mm<\/li>\n<li>Peso de la m\u00e1quina: 12,2 kilogramos<\/li>\n<li>Pantalla LCD t\u00e1ctil (25,5 x 68 mm)<\/li>\n<li>Brazo libre.<\/li>\n<li>170 funciones inclu\u00eddos 10 tipos de ojal en un solo paso y 1 Alfabeto con letras may\u00fasculas\/min\u00fasculas, n\u00fameros\/s\u00edmbolos.<\/li>\n<li>Brazo largo espacio de trabajo XXL (280x120mm)<\/li>\n<li>Sistema cortah\u00edlos accionado por bot\u00f3n y programable<\/li>\n<li>Combinaci\u00f3n hasta 50 funciones.<\/li>\n<li>Funci\u00f3n de memoria temporal.<\/li>\n<li>Funci\u00f3n espejo.<\/li>\n<li>La longitud m\u00e1xima de puntada es de 5mm y ancho de zig-zag regulable max. 9mm<\/li>\n<li>Control de la tensi\u00f3n del hilo semi autom\u00e1tico<\/li>\n<li>Garfio giratorio horizontal con tapa de bobina transparente<\/li>\n<li>Regulador de velocidad hasta un m\u00e1ximo de 1000ppm.<\/li>\n<li>Motor DC arranque y aceleraci\u00f3n m\u00e1s eficiente y un menor consumo (50w).<\/li>\n<li>Doble arrastre integrado y ajustable. (D.F.S)<\/li>\n<li>Presi\u00f3n del prensatelas autom\u00e1tico.<\/li>\n<li>Doble altura de prensatelas hasta un m\u00e1ximo de 9mm.<\/li>\n<li>Enhebrador autom\u00e1tico.<\/li>\n<li>91 posiciones de aguja.<\/li>\n<li>Dientes de 7 hileras para un arrastre perfecto.<\/li>\n<li>Bot\u00f3n Start\/Stop.<\/li>\n<li>Bot\u00f3n de remate.<\/li>\n<li>Bot\u00f3n posicionador de aguja con funci\u00f3n de memoria.<\/li>\n<li>Tecla de selecci\u00f3n directa a 4 funciones.<\/li>\n<li>Bobinador de canilla con cortah\u00edlos autom\u00e1tico.<\/li>\n<li>Elevaci\u00f3n autom\u00e1tica del prensatelas al detectar el tejido.<\/li>\n<li>Placa de agujas extra para coser pespunte recto.<\/li>\n<li>Luz LED en 3 zonas con un total de 5 leds.<\/li>\n<li>Conexi\u00f3n a PC y USB.<\/li>\n<li>Porta conos integrado.<\/li>\n<\/ul>\n<h3><strong><u>Accesorios<\/u><\/strong><\/h3>\n<ul>\n<li>15 prensatelas<\/li>\n<li>2 placas de aguja<\/li>\n<li>Rodillera<\/li>\n<li>Funda de tejido semi r\u00edgida.<\/li>\n<li>3 departamentos para guardar los accesorios&#8230;<\/li>\n<\/ul>\n","protected":false},"excerpt":{"rendered":"<p>La nueva Elna eXcellence 710 ofrece un \u00e1rea de costura muy amplia y una gran variedad de funciones \u00fatiles y caracter\u00edsticas impresionantes. Este modelo est\u00e1 equipado con el sistema de doble arrastre, que mueve la tela uniformemente de arriba a abajo con una precisi\u00f3n asombrosa. Gu\u00eda m\u00faltiples capas en perfecta sincronizaci\u00f3n y permite una combinaci\u00f3n precisa de rayas y patrones como cuadros.<\/p>\n<p>Con esta m\u00e1quina experimentar\u00e1 un confort de costura \u00fanico. Ofrece una asombrosa cantidad de caracter\u00edsticas avanzadas con funciones fant\u00e1sticas para la costura normal y la costura decorativa.<\/p>\n<p>La Elna 710 dispone de 170 tipos de puntadas distintas incluyendo 10 tipos de ojales en un solo paso y 1 alfabeto. Adem\u00e1s dispone de cortahilos accionado mediante un bot\u00f3n o programable, longitud de puntada 5mm y ancho regulable m\u00e1ximo de 9mm, control de tensi\u00f3n de hilo autom\u00e1tico, sistema de doble arrastre, regulador de velocidad hasta 1.000ppm., pantalla de control t\u00e1ctil LCD-HD alta definici\u00f3n (110,90X62,8mm) y elevaci\u00f3n de prensatelas autom\u00e1tico al detectar tejido.<\/p>\n","protected":false},"featured_media":1223,"comment_status":"open","ping_status":"closed","template":"","meta":[],"product_brand":[],"product_cat":[82,22],"product_tag":[],"class_list":{"0":"post-1222","1":"product","2":"type-product","3":"status-publish","4":"has-post-thumbnail","6":"product_cat-elna","7":"product_cat-domesticas","9":"first","10":"instock","11":"sale","12":"taxable","13":"shipping-taxable","14":"purchasable","15":"product-type-simple"},"_links":{"self":[{"href":"https:\/\/macozag.com\/index.php?rest_route=\/wp\/v2\/product\/1222","targetHints":{"allow":["GET"]}}],"collection":[{"href":"https:\/\/macozag.com\/index.php?rest_route=\/wp\/v2\/product"}],"about":[{"href":"https:\/\/macozag.com\/index.php?rest_route=\/wp\/v2\/types\/product"}],"replies":[{"embeddable":true,"href":"https:\/\/macozag.com\/index.php?rest_route=%2Fwp%2Fv2%2Fcomments&post=1222"}],"wp:featuredmedia":[{"embeddable":true,"href":"https:\/\/macozag.com\/index.php?rest_route=\/wp\/v2\/media\/1223"}],"wp:attachment":[{"href":"https:\/\/macozag.com\/index.php?rest_route=%2Fwp%2Fv2%2Fmedia&parent=1222"}],"wp:term":[{"taxonomy":"product_brand","embeddable":true,"href":"https:\/\/macozag.com\/index.php?rest_route=%2Fwp%2Fv2%2Fproduct_brand&post=1222"},{"taxonomy":"product_cat","embeddable":true,"href":"https:\/\/macozag.com\/index.php?rest_route=%2Fwp%2Fv2%2Fproduct_cat&post=1222"},{"taxonomy":"product_tag","embeddable":true,"href":"https:\/\/macozag.com\/index.php?rest_route=%2Fwp%2Fv2%2Fproduct_tag&post=1222"}],"curies":[{"name":"wp","href":"https:\/\/api.w.org\/{rel}","templated":true}]}}