{"id":122,"date":"2025-03-02T18:49:26","date_gmt":"2025-03-02T18:49:26","guid":{"rendered":"http:\/\/macozag.com\/?post_type=product&#038;p=122"},"modified":"2025-11-14T10:06:23","modified_gmt":"2025-11-14T10:06:23","slug":"bernette79","status":"publish","type":"product","link":"https:\/\/macozag.com\/?product=bernette79","title":{"rendered":"Bernette b79 (Coser y Bordar)"},"content":{"rendered":"<p>La b79 es el\u00a0<strong>mejor modelo de toda la serie<\/strong>. Ofrece todo lo que las personas creativas necesitan: esta m\u00e1quina dos en uno combina todas las funciones de\u00a0<strong>costura<\/strong>\u00a0de la b77 con los beneficios de\u00a0<strong>bordado\u00a0<\/strong>de la b70 DECO. Entonces, \u00bfpor qu\u00e9 no a\u00f1ades un toque especial al vestido que te est\u00e1s haciendo adorn\u00e1ndolo con unas delicadas flores bordadas? \u00bfO eres una principiante que va a coser su primera funda de coj\u00edn? Esta m\u00e1quina\u00a0<strong>informatizada con un precio atractivo\u00a0<\/strong>te ofrece todo lo que necesitas. Es\u00a0<strong>f\u00e1cil de usar<\/strong>\u00a0y con una\u00a0<strong>amplia gama de funciones<\/strong>. No hay l\u00edmites para tu creatividad.<\/p>\n<ul>\n<li>Pantalla t\u00e1ctil a color de 5 pulgadas para una navegaci\u00f3n intuitiva<\/li>\n<li>Manejo f\u00e1cil y r\u00e1pido mediante botones multifunci\u00f3n<\/li>\n<li>Amplia superficie de costura y bordado<\/li>\n<li>500 puntadas e infinitas posibilidades gracias al Dise\u00f1ador de puntadas<\/li>\n<li>Arrastre dual para un arrastre del tejido uniforme<\/li>\n<li>Pedal de mando programable con funci\u00f3n kick-back<\/li>\n<li>M\u00f3dulo de bordado con tres bastidores y detecci\u00f3n del bastidor de bordado<\/li>\n<\/ul>\n<div class=\"box box-50\">\n<div class=\"card card-info\">\n<h2>Caracter\u00edsticas<\/h2>\n<table class=\"features\">\n<tbody>\n<tr>\n<th scope=\"row\">Puntadas de utilidad<\/th>\n<td>22<\/td>\n<\/tr>\n<tr>\n<th scope=\"row\">Patrones de puntadas<\/th>\n<td>500<\/td>\n<\/tr>\n<tr>\n<th scope=\"row\">Dise\u00f1os de bordado<\/th>\n<td>208<\/td>\n<\/tr>\n<tr>\n<th scope=\"row\">Brazo libre<\/th>\n<td><\/td>\n<\/tr>\n<tr>\n<th scope=\"row\">Espacio de costura a la derecha de la aguja<\/th>\n<td>230 mm<\/td>\n<\/tr>\n<tr>\n<th scope=\"row\">Superficie de bordado<\/th>\n<td>260 x 160mm<\/td>\n<\/tr>\n<tr>\n<th scope=\"row\">Cortahilos<\/th>\n<td>manual<\/td>\n<\/tr>\n<tr>\n<th scope=\"row\">Cortahilos autom\u00e1tico<\/th>\n<td><\/td>\n<\/tr>\n<tr>\n<th scope=\"row\">Velocidad de bordado (puntadas\/minuto)<\/th>\n<td>850<\/td>\n<\/tr>\n<tr>\n<th scope=\"row\">Velocidad de la costura (puntadas\/minuto)<\/th>\n<td>1000<\/td>\n<\/tr>\n<tr>\n<th scope=\"row\">Anchura de la puntada<\/th>\n<td>7 mm<\/td>\n<\/tr>\n<tr>\n<th scope=\"row\">Ojales (incl. ojetes)<\/th>\n<td>17<\/td>\n<\/tr>\n<tr>\n<th scope=\"row\">Sistema de lanzadera<\/th>\n<td>Drop-in<\/td>\n<\/tr>\n<tr>\n<th scope=\"row\">funci\u00f3n de start\/stop<\/th>\n<td><\/td>\n<\/tr>\n<tr>\n<th scope=\"row\">Stop-aguja arriba\/abajo<\/th>\n<td><\/td>\n<\/tr>\n<tr>\n<th scope=\"row\">Presi\u00f3n del prensatelas ajustable<\/th>\n<td><\/td>\n<\/tr>\n<tr>\n<th scope=\"row\">Arrastre dual de bernette<\/th>\n<td><\/td>\n<\/tr>\n<tr>\n<th scope=\"row\">Dise\u00f1ador de puntada<\/th>\n<td><\/td>\n<\/tr>\n<tr>\n<th scope=\"row\">Tutorial<\/th>\n<td><\/td>\n<\/tr>\n<tr>\n<th scope=\"row\">Asesor creativo<\/th>\n<td><\/td>\n<\/tr>\n<tr>\n<th scope=\"row\">Programmable Securing Function<\/th>\n<td><\/td>\n<\/tr>\n<\/tbody>\n<\/table>\n<\/div>\n<\/div>\n<div class=\"box box-50 multi-column\">\n<div class=\"card card-info lightgrey\">\n<h2>Accesorios suministrados:<\/h2>\n<ul>\n<li>Prensatelas (10x)<\/li>\n<li>Bobinas (3)<\/li>\n<li>Red para la bobina<\/li>\n<li>Juego de agujas (2x)<\/li>\n<li>Pincel y corta-ojales<\/li>\n<li>Arandela gu\u00eda-hilo grande (1x)<\/li>\n<li>Arandela gu\u00eda-hilo mediana<\/li>\n<li>Arandelas gu\u00eda-hilo peque\u00f1as (2x)<\/li>\n<li>Disco de fieltro<\/li>\n<li>Segundo portabobinas<\/li>\n<li>Perno de entrada<\/li>\n<li>Regla de borde<\/li>\n<li>Destornillador<\/li>\n<li>Cubierta antipolvo<\/li>\n<li>Cable de la red el\u00e9ctrica<\/li>\n<li>Pedal de mando<\/li>\n<li>Aceitera<\/li>\n<\/ul>\n<\/div>\n<\/div>\n","protected":false},"excerpt":{"rendered":"<h2>La atractiva m\u00e1quina para coser y bordar<\/h2>\n","protected":false},"featured_media":1323,"comment_status":"open","ping_status":"closed","template":"","meta":[],"product_brand":[],"product_cat":[23],"product_tag":[],"class_list":{"0":"post-122","1":"product","2":"type-product","3":"status-publish","4":"has-post-thumbnail","6":"product_cat-bernette","8":"first","9":"instock","10":"sale","11":"taxable","12":"shipping-taxable","13":"purchasable","14":"product-type-simple"},"_links":{"self":[{"href":"https:\/\/macozag.com\/index.php?rest_route=\/wp\/v2\/product\/122","targetHints":{"allow":["GET"]}}],"collection":[{"href":"https:\/\/macozag.com\/index.php?rest_route=\/wp\/v2\/product"}],"about":[{"href":"https:\/\/macozag.com\/index.php?rest_route=\/wp\/v2\/types\/product"}],"replies":[{"embeddable":true,"href":"https:\/\/macozag.com\/index.php?rest_route=%2Fwp%2Fv2%2Fcomments&post=122"}],"wp:featuredmedia":[{"embeddable":true,"href":"https:\/\/macozag.com\/index.php?rest_route=\/wp\/v2\/media\/1323"}],"wp:attachment":[{"href":"https:\/\/macozag.com\/index.php?rest_route=%2Fwp%2Fv2%2Fmedia&parent=122"}],"wp:term":[{"taxonomy":"product_brand","embeddable":true,"href":"https:\/\/macozag.com\/index.php?rest_route=%2Fwp%2Fv2%2Fproduct_brand&post=122"},{"taxonomy":"product_cat","embeddable":true,"href":"https:\/\/macozag.com\/index.php?rest_route=%2Fwp%2Fv2%2Fproduct_cat&post=122"},{"taxonomy":"product_tag","embeddable":true,"href":"https:\/\/macozag.com\/index.php?rest_route=%2Fwp%2Fv2%2Fproduct_tag&post=122"}],"curies":[{"name":"wp","href":"https:\/\/api.w.org\/{rel}","templated":true}]}}