{"id":115,"date":"2025-03-02T18:49:25","date_gmt":"2025-03-02T18:49:25","guid":{"rendered":"http:\/\/macozag.com\/?post_type=product&#038;p=115"},"modified":"2025-11-14T10:07:03","modified_gmt":"2025-11-14T10:07:03","slug":"bernette77","status":"publish","type":"product","link":"https:\/\/macozag.com\/?product=bernette77","title":{"rendered":"Bernette B77"},"content":{"rendered":"<p>La b77 se centra exclusivamente en\u00a0<strong>costura y acolchado<\/strong>. \u00bfQuieres dar rienda suelta a tu creatividad y coser tu propia ropa, acolchados o accesorios? Adelante, descubre nuevas puntadas y t\u00e9cnicas de costura con esta m\u00e1quina de coser informatizada f\u00e1cil de usar. \u00bfQuieres coser un delicado vestido de chif\u00f3n o un bonito bolso de mano de cuero? No te preocupes, con la b77 puedes trabajar con\u00a0<strong>todo tipo de materiales<\/strong>. Incluso puedes hacer acolchados de varias capas con una\u00a0<strong>calidad de puntada<\/strong>\u00a0impresionante. \u00a1Disfruta de las infinitas posibilidades creativas de la b77 e insp\u00edrate para tu siguiente creaci\u00f3n!<\/p>\n<div class=\"box box-50\">\n<div class=\"card card-info\">\n<h2>Caracter\u00edsticas<\/h2>\n<table class=\"features\">\n<tbody>\n<tr>\n<th style=\"text-align: center;\" scope=\"row\">Puntadas de utilidad<\/th>\n<td style=\"text-align: center;\">22<\/td>\n<\/tr>\n<tr>\n<th style=\"text-align: center;\" scope=\"row\">Patrones de puntadas<\/th>\n<td style=\"text-align: center;\">500<\/td>\n<\/tr>\n<tr>\n<th scope=\"row\">Brazo libre<\/th>\n<td style=\"text-align: center;\">SI<\/td>\n<\/tr>\n<tr>\n<th scope=\"row\">Espacio de costura a la derecha de la aguja<\/th>\n<td>230 mm<\/td>\n<\/tr>\n<tr>\n<th scope=\"row\">Cortahilos<\/th>\n<td>manual<\/td>\n<\/tr>\n<tr>\n<th style=\"text-align: center;\" scope=\"row\">Cortahilos autom\u00e1tico<\/th>\n<td style=\"text-align: center;\">SI<\/td>\n<\/tr>\n<tr>\n<th scope=\"row\">Velocidad de la costura (puntadas\/minuto)<\/th>\n<td>1000<\/td>\n<\/tr>\n<tr>\n<th scope=\"row\">Anchura de la puntada<\/th>\n<td style=\"text-align: center;\">7 mm<\/td>\n<\/tr>\n<tr>\n<th scope=\"row\">Ojales (incl. ojetes)<\/th>\n<td style=\"text-align: center;\">17<\/td>\n<\/tr>\n<tr>\n<th scope=\"row\">Sistema de lanzadera<\/th>\n<td>Drop-in<\/td>\n<\/tr>\n<tr>\n<th style=\"text-align: center;\" scope=\"row\">Funci\u00f3n de start\/stop<\/th>\n<td style=\"text-align: center;\">SI<\/td>\n<\/tr>\n<tr>\n<th style=\"text-align: center;\" scope=\"row\">Stop-aguja arriba\/abajo<\/th>\n<td style=\"text-align: center;\">SI<\/td>\n<\/tr>\n<tr>\n<th style=\"text-align: center;\" scope=\"row\">Presi\u00f3n del prensatelas ajustable<\/th>\n<td style=\"text-align: center;\">SI<\/td>\n<\/tr>\n<tr>\n<th style=\"text-align: center;\" scope=\"row\">Arrastre dual de bernette<\/th>\n<td style=\"text-align: center;\">SI<\/td>\n<\/tr>\n<tr>\n<th scope=\"row\">Asesor creativo<\/th>\n<td style=\"text-align: center;\">SI<\/td>\n<\/tr>\n<tr>\n<th style=\"text-align: center;\" scope=\"row\">Programmable Securing Function<\/th>\n<td style=\"text-align: center;\">SI<\/td>\n<\/tr>\n<\/tbody>\n<\/table>\n<\/div>\n<\/div>\n<div class=\"box box-50 multi-column\">\n<div class=\"card card-info lightgrey\">\n<h2>Accesorios suministrados:<\/h2>\n<ul>\n<li>Canilla (3x)<\/li>\n<li>Red para la bobina<\/li>\n<li>Surtido de agujas<\/li>\n<li>Pincel y corta-ojales<\/li>\n<li>Soporte del portabobinas<\/li>\n<li>Arandela gu\u00eda-hilo mediana<\/li>\n<li>Arandela gu\u00eda-hilo peque\u00f1a (2x)<\/li>\n<li>Cubierta antipolvo<\/li>\n<li>Mesa m\u00f3vil<\/li>\n<li>Disco de fieltro<\/li>\n<li>Segundo portabobinas<\/li>\n<li>Regla de borde<\/li>\n<li>Aceitera<\/li>\n<li>Cable de la red el\u00e9ctrica<\/li>\n<li>Destornillador<\/li>\n<li>Pedal de mando<\/li>\n<li>Alza-prensatelas de rodilla<\/li>\n<\/ul>\n<\/div>\n<\/div>\n","protected":false},"excerpt":{"rendered":"<h2>La m\u00e1quina de coser asequible con infinidad de accesorios<\/h2>\n","protected":false},"featured_media":145,"comment_status":"open","ping_status":"closed","template":"","meta":[],"product_brand":[],"product_cat":[23],"product_tag":[],"class_list":{"0":"post-115","1":"product","2":"type-product","3":"status-publish","4":"has-post-thumbnail","6":"product_cat-bernette","8":"first","9":"instock","10":"sale","11":"taxable","12":"shipping-taxable","13":"purchasable","14":"product-type-simple"},"_links":{"self":[{"href":"https:\/\/macozag.com\/index.php?rest_route=\/wp\/v2\/product\/115","targetHints":{"allow":["GET"]}}],"collection":[{"href":"https:\/\/macozag.com\/index.php?rest_route=\/wp\/v2\/product"}],"about":[{"href":"https:\/\/macozag.com\/index.php?rest_route=\/wp\/v2\/types\/product"}],"replies":[{"embeddable":true,"href":"https:\/\/macozag.com\/index.php?rest_route=%2Fwp%2Fv2%2Fcomments&post=115"}],"wp:featuredmedia":[{"embeddable":true,"href":"https:\/\/macozag.com\/index.php?rest_route=\/wp\/v2\/media\/145"}],"wp:attachment":[{"href":"https:\/\/macozag.com\/index.php?rest_route=%2Fwp%2Fv2%2Fmedia&parent=115"}],"wp:term":[{"taxonomy":"product_brand","embeddable":true,"href":"https:\/\/macozag.com\/index.php?rest_route=%2Fwp%2Fv2%2Fproduct_brand&post=115"},{"taxonomy":"product_cat","embeddable":true,"href":"https:\/\/macozag.com\/index.php?rest_route=%2Fwp%2Fv2%2Fproduct_cat&post=115"},{"taxonomy":"product_tag","embeddable":true,"href":"https:\/\/macozag.com\/index.php?rest_route=%2Fwp%2Fv2%2Fproduct_tag&post=115"}],"curies":[{"name":"wp","href":"https:\/\/api.w.org\/{rel}","templated":true}]}}