{"id":112,"date":"2025-03-02T18:49:24","date_gmt":"2025-03-02T18:49:24","guid":{"rendered":"http:\/\/macozag.com\/?post_type=product&#038;p=112"},"modified":"2025-10-09T11:08:38","modified_gmt":"2025-10-09T11:08:38","slug":"bernette35","status":"publish","type":"product","link":"https:\/\/macozag.com\/?product=bernette35","title":{"rendered":"bernette Modelo 35"},"content":{"rendered":"<div class=\"box box-50\">\n<div class=\"card card-info\">\n<p>La bernette 35 es una m\u00e1quina de coser autom\u00e1tica sin controles computerizados. La anchura, la longitud y el patr\u00f3n de la puntada pueden ajustarse f\u00e1cilmente girando sus tres botones. Tambi\u00e9n puedes ajustar la tensi\u00f3n durante la costura mediante una rueda de f\u00e1cil acceso. La bernette 35 tambi\u00e9n cuenta con una funci\u00f3n autom\u00e1tica de ojales en un paso de f\u00e1cil y r\u00e1pido uso. Con un total de 23 puntadas, incluyendo las de utilidad y decorativas, podr\u00e1s poner en pr\u00e1ctica tus ideas de dise\u00f1o de forma r\u00e1pida, sencilla y con una calidad de puntada excelente.<\/p>\n<ul>\n<li>Ojal autom\u00e1tico<\/li>\n<li>Longitud y anchura de puntada ajustables<\/li>\n<li>Incluye 7 prensatelas (suelas)<\/li>\n<li>Alzaprensatelas de 2 niveles<\/li>\n<li>Con un total de 23 puntadas de utilidad y decorativas<\/li>\n<\/ul>\n<h2>Caracter\u00edsticas<\/h2>\n<table class=\"features\" style=\"height: 304px;\" width=\"477\">\n<tbody>\n<tr>\n<th style=\"text-align: center;\" scope=\"row\">Puntadas de utilidad<\/th>\n<td style=\"text-align: center;\">14<\/td>\n<\/tr>\n<tr>\n<th style=\"text-align: center;\" scope=\"row\">N\u00famero total de muestras de punto<\/th>\n<td style=\"text-align: center;\">23<\/td>\n<\/tr>\n<tr>\n<th scope=\"row\">Brazo libre<\/th>\n<td><\/td>\n<\/tr>\n<tr>\n<th style=\"text-align: center;\" scope=\"row\">Longitud del brazo libre<\/th>\n<td style=\"text-align: center;\">170 mm<\/td>\n<\/tr>\n<tr>\n<th style=\"text-align: center;\" scope=\"row\">Cortahilos<\/th>\n<td style=\"text-align: center;\">manual<\/td>\n<\/tr>\n<tr>\n<th style=\"text-align: center;\" scope=\"row\">Longitud de la puntada<\/th>\n<td style=\"text-align: center;\">4 mm<\/td>\n<\/tr>\n<tr>\n<th style=\"text-align: center;\" scope=\"row\">Anchura de la puntada<\/th>\n<td style=\"text-align: center;\">5 mm<\/td>\n<\/tr>\n<tr>\n<th style=\"text-align: center;\" scope=\"row\">Ojales<\/th>\n<td style=\"text-align: center;\">1<\/td>\n<\/tr>\n<tr>\n<th scope=\"row\">Sistema de sujeci\u00f3n<\/th>\n<td style=\"text-align: center;\">CB<\/td>\n<\/tr>\n<tr>\n<th scope=\"row\">Descenso del arrastre<\/th>\n<td><\/td>\n<\/tr>\n<\/tbody>\n<\/table>\n<\/div>\n<\/div>\n<div class=\"box box-50 multi-column\">\n<div class=\"card card-info lightgrey\">\n<h2>Accesorios incluidos<\/h2>\n<ul>\n<li>Bobinas (4)<\/li>\n<li>Abreojales<\/li>\n<li>Destornillador (grande)<\/li>\n<li>Destornillador (peque\u00f1o)<\/li>\n<li>Juego de agujas<\/li>\n<li>Prensatelas para dobladillo<\/li>\n<li>Prensatelas para cremallera<\/li>\n<li>Prensatelas para sat\u00e9n<\/li>\n<li>Prensatelas para botones<\/li>\n<li>Prensatelas para puntada invisible<\/li>\n<li>Prensatelas para ojales<\/li>\n<\/ul>\n<\/div>\n<\/div>\n","protected":false},"excerpt":{"rendered":"<h2>Esta econ\u00f3mica m\u00e1quina de coser para principiantes incluye 23 puntadas y 7 prensatelas (suelas)<\/h2>\n<p>&nbsp;<\/p>\n","protected":false},"featured_media":1301,"comment_status":"open","ping_status":"closed","template":"","meta":[],"product_brand":[],"product_cat":[23],"product_tag":[],"class_list":{"0":"post-112","1":"product","2":"type-product","3":"status-publish","4":"has-post-thumbnail","6":"product_cat-bernette","8":"first","9":"instock","10":"sale","11":"taxable","12":"shipping-taxable","13":"purchasable","14":"product-type-simple"},"_links":{"self":[{"href":"https:\/\/macozag.com\/index.php?rest_route=\/wp\/v2\/product\/112","targetHints":{"allow":["GET"]}}],"collection":[{"href":"https:\/\/macozag.com\/index.php?rest_route=\/wp\/v2\/product"}],"about":[{"href":"https:\/\/macozag.com\/index.php?rest_route=\/wp\/v2\/types\/product"}],"replies":[{"embeddable":true,"href":"https:\/\/macozag.com\/index.php?rest_route=%2Fwp%2Fv2%2Fcomments&post=112"}],"wp:featuredmedia":[{"embeddable":true,"href":"https:\/\/macozag.com\/index.php?rest_route=\/wp\/v2\/media\/1301"}],"wp:attachment":[{"href":"https:\/\/macozag.com\/index.php?rest_route=%2Fwp%2Fv2%2Fmedia&parent=112"}],"wp:term":[{"taxonomy":"product_brand","embeddable":true,"href":"https:\/\/macozag.com\/index.php?rest_route=%2Fwp%2Fv2%2Fproduct_brand&post=112"},{"taxonomy":"product_cat","embeddable":true,"href":"https:\/\/macozag.com\/index.php?rest_route=%2Fwp%2Fv2%2Fproduct_cat&post=112"},{"taxonomy":"product_tag","embeddable":true,"href":"https:\/\/macozag.com\/index.php?rest_route=%2Fwp%2Fv2%2Fproduct_tag&post=112"}],"curies":[{"name":"wp","href":"https:\/\/api.w.org\/{rel}","templated":true}]}}