{"id":111,"date":"2025-03-02T18:49:24","date_gmt":"2025-03-02T18:49:24","guid":{"rendered":"http:\/\/macozag.com\/?post_type=product&#038;p=111"},"modified":"2025-10-09T11:02:00","modified_gmt":"2025-10-09T11:02:00","slug":"bernette33","status":"publish","type":"product","link":"https:\/\/macozag.com\/?product=bernette33","title":{"rendered":"bernette Modelo 33"},"content":{"rendered":"<div class=\"box box-50\">\n<div class=\"card card-info\">\n<h2>Caracter\u00edsticas<\/h2>\n<table class=\"features\" style=\"height: 292px;\" width=\"464\">\n<tbody>\n<tr>\n<th style=\"text-align: center;\" scope=\"row\"><strong>Puntadas de utilidad<\/strong><\/th>\n<td style=\"text-align: center;\"><strong>14<\/strong><\/td>\n<\/tr>\n<tr>\n<th style=\"text-align: center;\" scope=\"row\"><strong>Stitch patterns<\/strong><\/th>\n<td style=\"text-align: center;\"><strong>15<\/strong><\/td>\n<\/tr>\n<tr>\n<th scope=\"row\"><strong>Brazo libre<\/strong><\/th>\n<td><\/td>\n<\/tr>\n<tr>\n<th scope=\"row\"><strong>Longitud del brazo libre<\/strong><\/th>\n<td style=\"text-align: center;\"><strong>170 mm<\/strong><\/td>\n<\/tr>\n<tr>\n<th style=\"text-align: center;\" scope=\"row\"><strong>Cortahilos<\/strong><\/th>\n<td style=\"text-align: center;\"><strong>manual<\/strong><\/td>\n<\/tr>\n<tr>\n<th style=\"text-align: center;\" scope=\"row\"><strong>Longitud de la puntada<\/strong><\/th>\n<td style=\"text-align: center;\"><strong>4 mm<\/strong><\/td>\n<\/tr>\n<tr>\n<th style=\"text-align: center;\" scope=\"row\"><strong>Anchura de la puntada<\/strong><\/th>\n<td style=\"text-align: center;\"><strong>5 mm<\/strong><\/td>\n<\/tr>\n<tr>\n<th style=\"text-align: center;\" scope=\"row\"><strong>Ojales<\/strong><\/th>\n<td style=\"text-align: center;\"><strong>1<\/strong><\/td>\n<\/tr>\n<tr>\n<th style=\"text-align: center;\" scope=\"row\"><strong>Sistema de sujeci\u00f3n<\/strong><\/th>\n<td style=\"text-align: center;\"><strong>CB<\/strong><\/td>\n<\/tr>\n<tr>\n<th scope=\"row\"><strong>Descenso del arrastre<\/strong><\/th>\n<td><\/td>\n<\/tr>\n<\/tbody>\n<\/table>\n<\/div>\n<\/div>\n<div class=\"box box-50 multi-column\">\n<div class=\"card card-info lightgrey\">\n<h2>Accesorios incluidos<\/h2>\n<ul>\n<li>Bobinas (3)<\/li>\n<li>Abreojales<\/li>\n<li>Prensatelas (prensatelas en zigzag)<\/li>\n<li>Conjunto de agujas<\/li>\n<li>Prensatelas para ojales<\/li>\n<li>Prensatelas para puntada invisible<\/li>\n<li>Prensatelas para cremallera<\/li>\n<li>Prensatelas para botones<\/li>\n<\/ul>\n<\/div>\n<\/div>\n","protected":false},"excerpt":{"rendered":"<p>Una m\u00e1quina de coser para principiantes, compacta y f\u00e1cil de usar. Calidad, precisi\u00f3n y puntadas utilitarias y decorativas para comenzar tu andadura con la costura.<\/p>\n","protected":false},"featured_media":141,"comment_status":"open","ping_status":"closed","template":"","meta":[],"product_brand":[],"product_cat":[22,23],"product_tag":[],"class_list":{"0":"post-111","1":"product","2":"type-product","3":"status-publish","4":"has-post-thumbnail","6":"product_cat-domesticas","7":"product_cat-bernette","9":"first","10":"instock","11":"sale","12":"taxable","13":"shipping-taxable","14":"purchasable","15":"product-type-simple"},"_links":{"self":[{"href":"https:\/\/macozag.com\/index.php?rest_route=\/wp\/v2\/product\/111","targetHints":{"allow":["GET"]}}],"collection":[{"href":"https:\/\/macozag.com\/index.php?rest_route=\/wp\/v2\/product"}],"about":[{"href":"https:\/\/macozag.com\/index.php?rest_route=\/wp\/v2\/types\/product"}],"replies":[{"embeddable":true,"href":"https:\/\/macozag.com\/index.php?rest_route=%2Fwp%2Fv2%2Fcomments&post=111"}],"wp:featuredmedia":[{"embeddable":true,"href":"https:\/\/macozag.com\/index.php?rest_route=\/wp\/v2\/media\/141"}],"wp:attachment":[{"href":"https:\/\/macozag.com\/index.php?rest_route=%2Fwp%2Fv2%2Fmedia&parent=111"}],"wp:term":[{"taxonomy":"product_brand","embeddable":true,"href":"https:\/\/macozag.com\/index.php?rest_route=%2Fwp%2Fv2%2Fproduct_brand&post=111"},{"taxonomy":"product_cat","embeddable":true,"href":"https:\/\/macozag.com\/index.php?rest_route=%2Fwp%2Fv2%2Fproduct_cat&post=111"},{"taxonomy":"product_tag","embeddable":true,"href":"https:\/\/macozag.com\/index.php?rest_route=%2Fwp%2Fv2%2Fproduct_tag&post=111"}],"curies":[{"name":"wp","href":"https:\/\/api.w.org\/{rel}","templated":true}]}}