{"id":110,"date":"2025-03-02T18:49:23","date_gmt":"2025-03-02T18:49:23","guid":{"rendered":"http:\/\/macozag.com\/?post_type=product&#038;p=110"},"modified":"2025-03-02T18:49:30","modified_gmt":"2025-03-02T18:49:30","slug":"siruba-aa6","status":"publish","type":"product","link":"https:\/\/macozag.com\/?product=siruba-aa6","title":{"rendered":"Siruba AA6"},"content":{"rendered":"<p>M\u00e1quina portatil de peso ligero, de f\u00e1cil manejo con cortahilos autom\u00e1tico.Equipado con un dispositivo de engrase para lubricar y prolongar la vida de la m\u00e1quina. Perfecta para cerrar todo tipo de sacos de papel, algod\u00f3n, PP \/ PE y bolsas de polipropileno para la alimentaci\u00f3n de embalaje, semillas, fertilizantes, harina, polvo qu\u00edmico, etc. Disponible con motor de 12v para bater\u00eda. Equipamiento opcional: ribeteador y pedestal de columna<\/p>\n","protected":false},"excerpt":{"rendered":"<p>M\u00e1quina portatil de peso ligero, de f\u00e1cil manejo con cortahilos autom\u00e1tico.<\/p>\n","protected":false},"featured_media":140,"comment_status":"open","ping_status":"closed","template":"","meta":[],"product_brand":[],"product_cat":[21,20],"product_tag":[],"class_list":{"0":"post-110","1":"product","2":"type-product","3":"status-publish","4":"has-post-thumbnail","6":"product_cat-siruba","7":"product_cat-cerrar-sacos","9":"first","10":"instock","11":"taxable","12":"shipping-taxable","13":"product-type-simple"},"_links":{"self":[{"href":"https:\/\/macozag.com\/index.php?rest_route=\/wp\/v2\/product\/110","targetHints":{"allow":["GET"]}}],"collection":[{"href":"https:\/\/macozag.com\/index.php?rest_route=\/wp\/v2\/product"}],"about":[{"href":"https:\/\/macozag.com\/index.php?rest_route=\/wp\/v2\/types\/product"}],"replies":[{"embeddable":true,"href":"https:\/\/macozag.com\/index.php?rest_route=%2Fwp%2Fv2%2Fcomments&post=110"}],"wp:featuredmedia":[{"embeddable":true,"href":"https:\/\/macozag.com\/index.php?rest_route=\/wp\/v2\/media\/140"}],"wp:attachment":[{"href":"https:\/\/macozag.com\/index.php?rest_route=%2Fwp%2Fv2%2Fmedia&parent=110"}],"wp:term":[{"taxonomy":"product_brand","embeddable":true,"href":"https:\/\/macozag.com\/index.php?rest_route=%2Fwp%2Fv2%2Fproduct_brand&post=110"},{"taxonomy":"product_cat","embeddable":true,"href":"https:\/\/macozag.com\/index.php?rest_route=%2Fwp%2Fv2%2Fproduct_cat&post=110"},{"taxonomy":"product_tag","embeddable":true,"href":"https:\/\/macozag.com\/index.php?rest_route=%2Fwp%2Fv2%2Fproduct_tag&post=110"}],"curies":[{"name":"wp","href":"https:\/\/api.w.org\/{rel}","templated":true}]}}