{"id":92,"date":"2025-03-02T16:17:01","date_gmt":"2025-03-02T16:17:01","guid":{"rendered":"http:\/\/macozag.com\/?page_id=92"},"modified":"2025-03-02T16:17:01","modified_gmt":"2025-03-02T16:17:01","slug":"aviso-legal","status":"publish","type":"page","link":"https:\/\/macozag.com\/?page_id=92","title":{"rendered":"AVISO LEGAL"},"content":{"rendered":"\n<h1 class=\"wp-block-heading\">AVISO LEGAL<\/h1>\n\n\n\n<p><strong>CONDICIONES GENERALES DE USO DE LA WEB<\/strong><\/p>\n\n\n\n<p>La Empresa M\u00e1quinas de Coser Zaragoza (en adelante MCZ) le informa de que el acceso y uso de la p\u00e1gina web&nbsp;<a href=\"http:\/\/www.macozag.es\/\">http:\/\/www.macozag.es<\/a>&nbsp;y todos los directorios incluidos bajo la misma (en adelante, conjuntamente denominados como el Portal), as\u00ed como los productos o servicios que a trav\u00e9s de \u00e9l se puedan obtener, est\u00e1n sujetos a los t\u00e9rminos que se detallan en este Aviso Legal, sin perjuicio de que el acceso a alguno de dichos productos o servicios pueda precisar de la aceptaci\u00f3n de unas Condiciones Generales adicionales.Por ello, si las consideraciones detalladas en este Aviso Legal no son de su conformidad, rogamos no haga uso del Portal, ya que cualquier uso que realice del mismo o de los servicios en \u00e9l incluidos implicar\u00e1 la aceptaci\u00f3n de los t\u00e9rminos legales recogidos en este texto.El Portal tiene por objeto promocionar las actividades que realiza y los productos que comercializa MCZ, por lo que la informaci\u00f3n contenida en \u00e9l, salvo manifestaci\u00f3n en contrario, lo es s\u00f3lo a dichos efectos promocionales o, en su caso, una mera invitaci\u00f3n a contratar y en modo alguno constituye una oferta vinculante. Todos los productos y servicios contenidos en el Portal son comercializados o prestados por MCZ de conformidad con la normativa vigente.MCZ se reserva el derecho a realizar cambios en el Portal sin previo aviso, con el objeto de actualizar, corregir, modificar, a\u00f1adir o eliminar los contenidos del Portal o de su dise\u00f1o. Los contenidos del Portal se actualizan peri\u00f3dicamente. Debido a que la actualizaci\u00f3n de la informaci\u00f3n no es inmediata, le sugerimos que compruebe siempre la vigencia y exactitud de la informaci\u00f3n contenida en el Portal.Las condiciones y t\u00e9rminos que se recogen en el presente Aviso pueden variar, por lo que le invitamos a que revise estos t\u00e9rminos cuando visite de nuevo el Portal o solicite un nuevo Producto. Asimismo, el presente Aviso Legal se entender\u00e1 sin perjuicio de cualesquiera otras Condiciones Generales que regulen el acceso a bienes y servicios concretos dentro del Portal.&nbsp;<\/p>\n\n\n\n<p><br><strong>LINKS O HIPERENLACES<\/strong><\/p>\n\n\n\n<p>MCZ le facilita el acceso a otras p\u00e1ginas web que consideramos pueden ser de su inter\u00e9s. El objetivo de dichos enlaces es \u00fanicamente facilitarle la b\u00fasqueda de los recursos que le puedan interesar a trav\u00e9s de Internet. No obstante, dichas p\u00e1ginas no le pertenecen, ni hace una revisi\u00f3n de sus contenidos y, por ello, no puede hacerse responsable de los mismos, del funcionamiento de la p\u00e1gina enlazada o de los posibles da\u00f1os que puedan derivarse del acceso o uso de la misma.No se permitir\u00e1 el enlace de ninguna p\u00e1gina web o de una direcci\u00f3n de correo electr\u00f3nico al Portal, salvo con la autorizaci\u00f3n expresa por escrito de MCZ. Adicionalmente, dichos enlaces deber\u00e1n respetar las siguientes condiciones: (a) \u00fanicamente podr\u00e1n realizarse enlaces con la Home Page o p\u00e1gina principal de esta web; (b) el establecimiento del enlace no supondr\u00e1 ning\u00fan tipo de acuerdo, contrato, patrocinio ni recomendaci\u00f3n por parte de MCZ de la p\u00e1gina que realiza el enlace.En cualquier momento, MCZ podr\u00e1 retirar la autorizaci\u00f3n mencionada en el p\u00e1rrafo anterior, sin necesidad de alegar causa alguna. En tal caso, la p\u00e1gina que haya realizado el enlace deber\u00e1 proceder a su inmediata supresi\u00f3n, tan pronto como reciba la notificaci\u00f3n de la revocaci\u00f3n de la autorizaci\u00f3n por parte de MCZ.&nbsp;<\/p>\n\n\n\n<p><strong>FRAMES<\/strong><\/p>\n\n\n\n<p>MCZ proh\u00edbe expresamente la realizaci\u00f3n de \u00abframings\u00bb o la utilizaci\u00f3n por parte de terceros de cualesquiera otros mecanismos que alteren el dise\u00f1o, configuraci\u00f3n original o contenidos de su Portal.&nbsp;<\/p>\n\n\n\n<p><strong>PUBLICIDAD<\/strong><\/p>\n\n\n\n<p>En el Portal se insertar\u00e1 aquella publicidad de MCZ o de terceras empresas anunciantes que consideremos pueda ser de su inter\u00e9s.Sin perjuicio de lo establecido en la&nbsp;<a href=\"https:\/\/macozag.com\/web1\/legal\/pprivacidad.php\">Pol\u00edtica de Privacidad<\/a>, MCZ se compromete a no facilitar informaci\u00f3n suya a los anunciantes, salvo datos estad\u00edsticos an\u00f3nimos sobre la utilizaci\u00f3n del Portal, con la finalidad de que se pueda mejorar el servicio y ofrecer productos conforme a las expectativas de los Usuarios.No obstante, MCZ le informa de que los anunciantes y proveedores, por medio de cookies, pueden tener la posibilidad de obtener informaci\u00f3n sobre Usted, los usos que hace de los servicios y sus movimientos a trav\u00e9s de la red. Por no tener vinculaci\u00f3n con los usos que de dicha informaci\u00f3n pueda realizar la empresa anunciante, MCZ no se hace responsable de las consecuencias que pudieran derivarse de dichos usos, ni de la recogida de dicha informaci\u00f3n.&nbsp;<\/p>\n\n\n\n<p><strong>PRIVACIDAD<\/strong><\/p>\n\n\n\n<p>MCZ cumple con la Ley Org\u00e1nica 15\/1999, de Protecci\u00f3n de Datos de Car\u00e1cter Personal y con cualquier otra normativa vigente en la materia, y mantiene una&nbsp;<a href=\"https:\/\/macozag.com\/web1\/legal\/pprivacidad.php\">Pol\u00edtica de Privacidad<\/a>&nbsp;sobre los datos personales, en la que se describe, principalmente, el uso que MCZ hace de los datos de car\u00e1cter personal, se informa al Usuario detalladamente de las circunstancias esenciales de dicho uso y de las medidas de seguridad que se aplican a sus datos de car\u00e1cter personal para evitar que terceros no autorizados puedan acceder a ellos.&nbsp;<\/p>\n\n\n\n<p><strong>SEGURIDAD<\/strong><\/p>\n\n\n\n<p>MCZ mantiene en su Portal todos los medios t\u00e9cnicos a su alcance para evitar la p\u00e9rdida, mal uso, alteraci\u00f3n, acceso no autorizado y robo de los datos y la informaci\u00f3n que Usted pueda facilitar a MCZ a trav\u00e9s del mismo, sin perjuicio de que las medidas de seguridad en Internet no sean inexpugnables.&nbsp;<\/p>\n\n\n\n<p><strong>RESPONSABILIDADES DEL USUARIO<\/strong><\/p>\n\n\n\n<p>El Usuario se compromete a utilizar los servicios del Portal de acuerdo con los t\u00e9rminos expresados en el presente Aviso Legal y la mera utilizaci\u00f3n de los mismos implicar\u00e1 la aceptaci\u00f3n de \u00e9ste.El Usuario que act\u00fae contra la imagen, buen nombre o reputaci\u00f3n de MCZ, as\u00ed como quien utilice il\u00edcita o fraudulentamente los dise\u00f1os, logos o contenidos del Portal, ser\u00e1 responsable frente a MCZ de su actuaci\u00f3n.&nbsp;<\/p>\n\n\n\n<p><strong>RESPONSABILIDADES DE MCZ<\/strong><\/p>\n\n\n\n<p>Uso incorrecto del Portal: MCZ ha creado el Portal para la promoci\u00f3n de sus productos y para facilitar el acceso a sus servicios, pero no puede controlar la utilizaci\u00f3n del mismo de forma distinta a la prevista en el presente Aviso Legal; por tanto, el acceso al Portal y el uso correcto de la informaci\u00f3n contenida en el mismo son responsabilidad de quien realiza estas acciones, no siendo responsable MCZ por el uso incorrecto, il\u00edcito o negligente que del mismo pudiere hacer el Usuario.Utilizaci\u00f3n de los contenidos: MCZ facilita todos los contenidos de su Portal de buena fe y realizar\u00e1 sus mejores esfuerzos para que los mismos est\u00e9n permanentemente actualizados y vigentes; no obstante, MCZ no puede asumir responsabilidad alguna respecto al uso o acceso que realicen los Usuarios fuera del \u00e1mbito al que se dirige el Portal, ni de las consecuencias que pudiera acarrear la aplicaci\u00f3n pr\u00e1ctica de las opiniones, recomendaciones o estudios a que se pueda acceder a trav\u00e9s del Portal, cuya responsabilidad final recaer\u00e1 siempre sobre el Usuario. Asimismo, MCZ no va a poder controlar los contenidos que no hayan sido elaborados por ella o por terceros cumpliendo su encargo y, por tanto, no responder\u00e1 en ning\u00fan caso de los da\u00f1os que pudieran causarse por dichos contenidos de terceros.Publicidad: MCZ incluir\u00e1 en el Portal publicidad propia o de terceros para ofrecerle productos o servicios que entienda que pueden ser de su inter\u00e9s. Sin embargo, MCZ no puede controlar la apariencia de dicha publicidad, ni la calidad y adecuaci\u00f3n de dichos productos o servicios y, en consecuencia, MCZ no responder\u00e1 de ning\u00fan da\u00f1o que se pudiera generar al usuario por dichas causas.Virus: MCZ se compromete a aplicar todas las medidas necesarias para intentar garantizar al Usuario la ausencia de virus, gusanos, caballos de Troya y elementos similares en su Portal. No obstante, estas medidas no son infalibles y, por ello, MCZ no puede asegurar totalmente la ausencia de dichos elementos nocivos. En consecuencia, MCZ no ser\u00e1 responsable de los da\u00f1os que los mismos pudieran producir al Usuario.Fallos tecnol\u00f3gicos: MCZ ha concluido todos los contratos necesarios para la continuidad de su Portal y realizar\u00e1 sus mejores esfuerzos para que el mismo no sufra interrupciones, pero no puede garantizar la ausencia de fallos tecnol\u00f3gicos, ni la permanente disponibilidad del Portal y de los productos o servicios contenidos en \u00e9l y, en consecuencia, no asume responsabilidad alguna por los da\u00f1os y perjuicios que puedan generarse por la falta de disponibilidad y por los fallos en el acceso ocasionados por desconexiones, aver\u00edas, sobrecargas o ca\u00eddas de la red no imputables a MCZ.Intercambio de informaci\u00f3n: el Portal puede contener determinadas zonas pensadas para que los distintos Usuarios puedan poner en com\u00fan sus experiencias y para fomentar el intercambio de informaci\u00f3n. Sin embargo, MCZ \u00fanicamente act\u00faa en estos foros como lugar de reuni\u00f3n y no controla las expresiones vertidas en los mismos, por lo que no asume responsabilidad alguna por la veracidad o pertinencia de las manifestaciones efectuadas en ellos por los Usuarios.&nbsp;<\/p>\n\n\n\n<p><strong>DERECHOS DE PROPIEDAD INTELECTUAL Y DE PROPIEDAD INDUSTRIAL<\/strong><\/p>\n\n\n\n<p>Tanto el dise\u00f1o del Portal y sus c\u00f3digos fuente, como los logos, marcas, y dem\u00e1s signos distintivos que aparecen en el mismo, pertenecen a MCZ o entidades colaboradoras y est\u00e1n protegidos por los correspondientes derechos de propiedad intelectual e industrial.Su uso, reproducci\u00f3n, distribuci\u00f3n, comunicaci\u00f3n p\u00fablica, transformaci\u00f3n o cualquier otra actividad similar o an\u00e1loga, queda totalmente prohibida salvo que medie expresa autorizaci\u00f3n por escrito de MCZ.Los contenidos del Portal est\u00e1n igualmente protegidos por derechos de propiedad intelectual de MCZ o de terceros. El uso de los contenidos elaborados por MCZ o por alguna de las entidades de su Grupo ser\u00e1 permitido \u00fanicamente en el \u00e1mbito de una relaci\u00f3n contractual con la misma o con dichas entidades.MCZ declara su respeto a los derechos de propiedad intelectual e industrial de terceros; por ello, si considera que este sitio pudiera estar violando sus derechos, rogamos se ponga en contacto con MCZ en la siguiente direcci\u00f3n de e-mail:&nbsp;<a href=\"mailto:info@macozag.es\">info@macozag.es\/a&gt;.&nbsp;<\/a><\/p>\n\n\n\n<p><strong>LEY APLICABLE Y JURISDICCI\u00d3N<\/strong><\/p>\n\n\n\n<p>La ley aplicable en caso de disputa o conflicto de interpretaci\u00f3n de los t\u00e9rminos que conforman este Aviso Legal, as\u00ed como cualquier cuesti\u00f3n relacionada con los productos o servicios del presente Portal, ser\u00e1 la ley espa\u00f1ola, salvo que las normas de protecci\u00f3n de los consumidores y usuarios establezcan la aplicabilidad de una legislaci\u00f3n diferente.Para la resoluci\u00f3n de cualquier conflicto que pueda surgir con ocasi\u00f3n de la visita al Portal o del uso y adquisici\u00f3n de los productos o servicios que en \u00e9l se puedan ofrecer, MCZ y el Usuario acuerdan someterse a los Jueces y Tribunales de domicilio del Usuario, siempre que el mismo est\u00e9 situado en territorio espa\u00f1ol o a cualquier otro fuero cuya aplicabilidad venga impuesta por las normas de protecci\u00f3n de los consumidores y usuarios.<\/p>\n\n\n\n<p><\/p>\n","protected":false},"excerpt":{"rendered":"<p>AVISO LEGAL CONDICIONES GENERALES DE USO DE LA WEB La Empresa M\u00e1quinas de Coser Zaragoza (en adelante MCZ) le informa de que el acceso y uso de la p\u00e1gina web&nbsp;http:\/\/www.macozag.es&nbsp;y todos los directorios incluidos bajo la misma (en adelante, conjuntamente denominados como el Portal), as\u00ed como los productos o servicios que a trav\u00e9s de \u00e9l [&hellip;]<\/p>\n","protected":false},"author":1,"featured_media":0,"parent":0,"menu_order":0,"comment_status":"closed","ping_status":"closed","template":"","meta":{"footnotes":""},"class_list":["post-92","page","type-page","status-publish","hentry"],"_links":{"self":[{"href":"https:\/\/macozag.com\/index.php?rest_route=\/wp\/v2\/pages\/92","targetHints":{"allow":["GET"]}}],"collection":[{"href":"https:\/\/macozag.com\/index.php?rest_route=\/wp\/v2\/pages"}],"about":[{"href":"https:\/\/macozag.com\/index.php?rest_route=\/wp\/v2\/types\/page"}],"author":[{"embeddable":true,"href":"https:\/\/macozag.com\/index.php?rest_route=\/wp\/v2\/users\/1"}],"replies":[{"embeddable":true,"href":"https:\/\/macozag.com\/index.php?rest_route=%2Fwp%2Fv2%2Fcomments&post=92"}],"version-history":[{"count":1,"href":"https:\/\/macozag.com\/index.php?rest_route=\/wp\/v2\/pages\/92\/revisions"}],"predecessor-version":[{"id":93,"href":"https:\/\/macozag.com\/index.php?rest_route=\/wp\/v2\/pages\/92\/revisions\/93"}],"wp:attachment":[{"href":"https:\/\/macozag.com\/index.php?rest_route=%2Fwp%2Fv2%2Fmedia&parent=92"}],"curies":[{"name":"wp","href":"https:\/\/api.w.org\/{rel}","templated":true}]}}