{"id":89,"date":"2025-03-02T16:14:07","date_gmt":"2025-03-02T16:14:07","guid":{"rendered":"http:\/\/macozag.com\/?page_id=89"},"modified":"2025-03-02T16:14:07","modified_gmt":"2025-03-02T16:14:07","slug":"politica-de-privacidad","status":"publish","type":"page","link":"https:\/\/macozag.com\/?page_id=89","title":{"rendered":"POL\u00cdTICA DE PRIVACIDAD"},"content":{"rendered":"\n<p>El Sitio Web wwww.macozag.es (en adelante, el \u201cSitio Web\u201d) es propiedad de M\u00e1quinas Coser Zaragoza en adelante MCZ).<\/p>\n\n\n\n<p>MCZ le da la bienvenida y le invita a leer atentamente las Condiciones Generales de uso de este Sitio Web que describen los t\u00e9rminos y condiciones que ser\u00e1n aplicables a su navegaci\u00f3n por el mismo, de conformidad con lo estableido en la normativa espa\u00f1ola de aplicaci\u00f3n. Dado que MCZ podr\u00eda modificar en el futuro estas Condiciones de Uso, le recomendamos que las visite peri\u00f3dicamente para estar debidamente informado de los cambios realizados.<br><br>Con el \u00e1nimo de que el Sitio Web se ajuste a los criterios de transparencia, claridad y sencillez, MCZ informa al Usuario que cualquier sugerencia, duda o consulta sobre las Condiciones Generales de Uso ser\u00e1 recibida y solucionada contactando a trav\u00e9s de la direcci\u00f3n de correo electr\u00f3nico info@macozaf.es<br><br>1.&nbsp;&nbsp;&nbsp; MCZ suministra el contenido y los servicios que est\u00e1n disponibles en el S\u00edtio Web, con sujeci\u00f3n a las presentes Condiciones Generales de Uso as\u00ed como la pol\u00edtica sobre tratamiento de datos personales (en adelante Pol\u00edtica de Protecci\u00f3n de Datos\u201d). El acceso a este sitio Web o su utilizaci\u00f3n en cualquier forma le otorga la calificaci\u00f3n de Usuario e implica la aceptaci\u00f3n sin reservas de todas y cada una de las presentes Condiciones de Uso, reserv\u00e1ndose MCZ el derecho a modificarlos en cualquier momento. En consecuencia, ser\u00e1 responsabilidad de todo Usuario la atenta lectura de las Condiciones Generales de Uso vigente en cada una de las ocasiones que acceda a este Sitio Web, por lo que si \u00e9ste no est\u00e1 de acuerdo con cualquiera de los mismos aqu\u00ed dispuestos, deber\u00e1 abstenerse respecto al uso del presente Sitio Web. Asimismo queda advertido de que, en ocasiones se podr\u00e1n establecer condiciones particulares para la utilizaci\u00f3n en este Sitio Web de contenidos y\/o servicios espec\u00edficos, la utilizaci\u00f3n de dichos contenidos o servicios implicar\u00e1 la aceptaci\u00f3n de las condiciones particulares en ellos especificadas.<br><br>2. PRIVACIDAD Y TRATAMIENTO DE DATOS<br>Cuando para el acceso de determinados contenidos o servicios sea necesario facilitar datos de car\u00e1cter personal, los Usuarios garantizar\u00e1n su veracidad, exactitud, autenticidad y vigencia. MCZ dar\u00e1 a dichos datos tratamiento automatizado que corresponda en funci\u00f3n de su naturaleza o finalidad, en los t\u00e9rminos indicados en la Secci\u00f3n de Pol\u00edtica de Protecci\u00f3n de Datos.<\/p>\n\n\n\n<p>3. PROPIEDAD INDUSTRIAL E INTELECTUAL<br>El usuario reconoce y acepta que todos los contenidos que se muestran en el Sitio Web y en especial, dise\u00f1os, textos, im\u00e1genes, logos, iconos, botones, software, nombres comerciales, marcas, o cualesquiera de los signos susceptibles de utilizaci\u00f3n industrial y\/o comercial est\u00e1n sujetos am derechos de propiedad intelectual y todas las marcas, nombres comerciales o signos distintivos, todos los derechos de propiedad intelectual e industrial, sobre los contenidos y\/o cualesquiera otros elementos insertados en la p\u00e1gina, son propiedad exclusiva de MCZ y\/o terceros, quienes tienen el derecho exclusivo de utilizarlos en el tr\u00e1fico econ\u00f3mico. Por todo ello el Usuario se compromete a no reproducir, copiar, distribuir, poner a disposici\u00f3n o cualquier otra forma de comunicar p\u00fablicamente, transformar o modificar tales contenidos manteniendo indemne a MCZ de cualquier reclamaci\u00f3n que se derive del incumplimiento de tales obligaciones. En ning\u00fan caso el acceso al sitio Web implica ning\u00fan tipo de renuncia, transmisi\u00f3n, licencia o cesi\u00f3n total ni parcial de dichos derechos, salvo que se establezca expresamente lo contrario. Las presentes Condiciones Generales de Uso de este sitio Web no confieren a los Usuarios ning\u00fan otro tipo de derecho de utilizaci\u00f3n, explotaci\u00f3n, alteraci\u00f3n, reproducci\u00f3n, distribuci\u00f3n o comunicaci\u00f3n p\u00fablica del Sitio Web y\/o sus contenidos distintos de los aqu\u00ed expresamente previstos. Cualquier otro uso o explotaci\u00f3n de cualquiera de los derechos estar\u00e1 sujeto a la previa y expresa autorizaci\u00f3n espec\u00edficamente otorgada a tal efecto por MCZ o el tercero titular de los derechos afectados<\/p>\n\n\n\n<p><\/p>\n","protected":false},"excerpt":{"rendered":"<p>El Sitio Web wwww.macozag.es (en adelante, el \u201cSitio Web\u201d) es propiedad de M\u00e1quinas Coser Zaragoza en adelante MCZ). MCZ le da la bienvenida y le invita a leer atentamente las Condiciones Generales de uso de este Sitio Web que describen los t\u00e9rminos y condiciones que ser\u00e1n aplicables a su navegaci\u00f3n por el mismo, de conformidad [&hellip;]<\/p>\n","protected":false},"author":1,"featured_media":0,"parent":0,"menu_order":0,"comment_status":"closed","ping_status":"closed","template":"","meta":{"footnotes":""},"class_list":["post-89","page","type-page","status-publish","hentry"],"_links":{"self":[{"href":"https:\/\/macozag.com\/index.php?rest_route=\/wp\/v2\/pages\/89","targetHints":{"allow":["GET"]}}],"collection":[{"href":"https:\/\/macozag.com\/index.php?rest_route=\/wp\/v2\/pages"}],"about":[{"href":"https:\/\/macozag.com\/index.php?rest_route=\/wp\/v2\/types\/page"}],"author":[{"embeddable":true,"href":"https:\/\/macozag.com\/index.php?rest_route=\/wp\/v2\/users\/1"}],"replies":[{"embeddable":true,"href":"https:\/\/macozag.com\/index.php?rest_route=%2Fwp%2Fv2%2Fcomments&post=89"}],"version-history":[{"count":1,"href":"https:\/\/macozag.com\/index.php?rest_route=\/wp\/v2\/pages\/89\/revisions"}],"predecessor-version":[{"id":90,"href":"https:\/\/macozag.com\/index.php?rest_route=\/wp\/v2\/pages\/89\/revisions\/90"}],"wp:attachment":[{"href":"https:\/\/macozag.com\/index.php?rest_route=%2Fwp%2Fv2%2Fmedia&parent=89"}],"curies":[{"name":"wp","href":"https:\/\/api.w.org\/{rel}","templated":true}]}}