{"id":87,"date":"2025-03-02T16:12:41","date_gmt":"2025-03-02T16:12:41","guid":{"rendered":"http:\/\/macozag.com\/?page_id=87"},"modified":"2025-03-02T16:12:41","modified_gmt":"2025-03-02T16:12:41","slug":"politica-de-cookies","status":"publish","type":"page","link":"https:\/\/macozag.com\/?page_id=87","title":{"rendered":"POL\u00cdTICA DE COOKIES"},"content":{"rendered":"\n<h3 class=\"wp-block-heading\">\u00bfQu\u00e9 es una cookie?<\/h3>\n\n\n\n<p>Las cookies son&nbsp; ficheros que se descargan en el terminal (ordenador\/smartphone\/tablet) del usuario al acceder a determinadas p\u00e1ginas web y que se almacenan en la memoria del mismo. Las cookies permiten, entre otras cosas, almacenar y recuperar informaci\u00f3n sobre los h\u00e1bitos de navegaci\u00f3n de un usuario o de su equipo, ver qu\u00e9 p\u00e1ginas se visitan, el tiempo de conexi\u00f3n, analizar el funcionamiento de una p\u00e1gina, si existen problemas t\u00e9cnicos, etc.&nbsp; Dependiendo de la informaci\u00f3n que contengan y la forma en que se utilice el terminal, pueden utilizarse para reconocer al usuario.<\/p>\n\n\n\n<h3 class=\"wp-block-heading\">\u00bfQu\u00e9 tipos de cookies existen?<\/h3>\n\n\n\n<p>Existen varios tipos de cookies en funci\u00f3n de distintos criterios:<\/p>\n\n\n\n<p class=\"has-text-align-left\">En funci\u00f3n de la titularidad:<\/p>\n\n\n\n<ul class=\"wp-block-list\">\n<li>Cookies propias. Son las que pertenecen a M\u00c1QUINAS COSER ZARAGOZA.<\/li>\n\n\n\n<li>Cookies de terceros. Son aquellas cuya titularidad es de un tercero, distinto de M\u00c1QUINAS COSER ZARAGOZA, que ser\u00e1 quien trate la informaci\u00f3n recabada.<\/li>\n<\/ul>\n\n\n\n<p>En funci\u00f3n de su finalidad:<\/p>\n\n\n\n<ul class=\"wp-block-list\">\n<li>Cookies t\u00e9cnicas y\/o de personalizaci\u00f3n. Son aqu\u00e9llas que sirven para mejorar el servicio, localizar incidencias, reconocer al usuario, etc.<\/li>\n\n\n\n<li>Cookies de an\u00e1lisis y\/o de publicidad. Son aqu\u00e9llas que sirven para analizar informaci\u00f3n sobre la navegaci\u00f3n y ofrecer publicidad, sea gen\u00e9rica o personalizada.<\/li>\n<\/ul>\n\n\n\n<h3 class=\"wp-block-heading\">\u00bfPara qu\u00e9 sirve una cookie?<\/h3>\n\n\n\n<p>Las cookies se utilizan para poder ofrecerle servicios y\/o publicidad personalizados, para analizar el funcionamiento del sistema, reconocerle cuando accede como usuario, localizar incidencias y problemas que puedan surgir y solventarlos en el menor plazo posible, as\u00ed como analizar y medir el uso y actividad de la p\u00e1gina web.<\/p>\n\n\n\n<h3 class=\"wp-block-heading\">\u00bfSe necesita mi consentimiento para implantar una cookie?<\/h3>\n\n\n\n<p>No se precisa el consentimiento para la instalaci\u00f3n de cookies t\u00e9cnicas o las que sean estrictamente necesarias para la prestaci\u00f3n de un servicio de la sociedad de la informaci\u00f3n expresamente solicitado por el destinatario.<\/p>\n\n\n\n<p>Para el resto, s\u00ed se precisa del consentimiento del interesado que se puede solicitar por distintas v\u00edas. En el caso de M\u00c1QUINAS COSER ZARAGOZA, se entender\u00e1 otorgado si Vd. sigue utilizando la p\u00e1gina web, sin perjuicio de que en cualquier momento podr\u00e1 revocarlo y desactivar las cookies.<\/p>\n\n\n\n<h3 class=\"wp-block-heading\">\u00bfQu\u00e9 cookies utiliza actualmente M\u00c1QUINAS COSER ZARAGOZA?<\/h3>\n\n\n\n<p>DE AN\u00c1LISIS: Son aqu\u00e9llas que, bien tratadas por nosotros o por terceros, nos permiten cuantificar el n\u00famero de usuarios y as\u00ed realizar la medici\u00f3n y an\u00e1lisis estad\u00edstico de la utilizaci\u00f3n que hacen los usuarios del servicio ofertado. Para ello se analiza su navegaci\u00f3n en nuestra p\u00e1gina web con el fin de mejorar la oferta de productos o servicios que le ofrecemos.<\/p>\n\n\n\n<p>Las cookies de an\u00e1lisis utilizadas por M\u00c1QUINAS COSER ZARAGOZA son las siguientes:<\/p>\n\n\n\n<h4 class=\"wp-block-heading\">\u201c Google cookies \u201c<\/h4>\n\n\n\n<p>La informaci\u00f3n obtenida por la misma es tratada por M\u00c1QUINAS COSER ZARAGOZA y por el tercero Google Ireland Limited<a href=\"http:\/\/www.1and1.es\/deref?link=https%3A%2F%2Fwww.google.es%2Fintl%2Fes%2Fpolicies%2Ftechnologies%2Fcookies%2F&amp;__sign=557950454b5579901820cdb1dc2f2cad&amp;__ts=1411025789029\">&nbsp;https:\/\/www.google.es\/intl\/es\/policies\/technologies\/cookies\/<\/a><\/p>\n\n\n\n<h4 class=\"wp-block-heading\">Las mencionadas empresas nos prestan el servicio de an\u00e1lisis de la audiencia de nuestra p\u00e1gina y pueden utilizar estos datos para mejorar sus propios servicios y para ofrecer servicios a otras empresas.<\/h4>\n\n\n\n<p>Puede conocer estos y otros usos desde los enlaces indicados.<\/p>\n\n\n\n<p>Estas herramientas no obtienen datos de los nombres o apellidos de los usuarios ni de la direcci\u00f3n postal desde donde se conectan. La informaci\u00f3n que obtienen est\u00e1 relacionada con, el n\u00famero de p\u00e1ginas visitadas, el idioma, red social en la que se publican nuestras noticias, la ciudad a la que est\u00e1 asignada la direcci\u00f3n IP desde la que acceden los usuarios, el n\u00famero de usuarios que nos visitan, la frecuencia y reincidencia de las visitas, el tiempo de visita, el navegador que usan, el operador o tipo de terminal desde el que se realiza la visita.<\/p>\n\n\n\n<p>Esta informaci\u00f3n la utilizamos para mejorar nuestra p\u00e1gina, detectar nuevas necesidades y valorar las mejoras a introducir con la finalidad de prestar un mejor servicio a los usuarios que nos visitan.<\/p>\n\n\n\n<h3 class=\"wp-block-heading\">\u00bfC\u00f3mo puedo desactivar las cookies?<\/h3>\n\n\n\n<p>La mayor\u00eda de los navegadores indican c\u00f3mo configurar su navegador para que no acepte cookies, para que le notifique cada vez que reciba una nueva cookie, as\u00ed como para desactivarlas completamente. Para controlar qu\u00e9 uso quiere que se haga de su informaci\u00f3n, puede configurar el navegador de su terminal en la forma que estime m\u00e1s conveniente para Vd.<\/p>\n\n\n\n<p>En todo caso, le hacemos notar que si se desactivan las cookies t\u00e9cnicas y\/o de funcionamiento, la calidad de la p\u00e1gina web puede disminuir o puede que cueste m\u00e1s identificarle.<\/p>\n\n\n\n<p>Le indicamos los siguientes enlaces, donde podr\u00e1 encontrar m\u00e1s informaci\u00f3n sobre los diferentes navegadores:<\/p>\n\n\n\n<p>\u00b7Chrome, &nbsp;<a href=\"http:\/\/www.1and1.es\/deref?link=http%3A%2F%2Fsupport.google.com%2Fchrome%2Fbin%2Fanswer.py%3Fhl%3Des%2526answer%3D95647&amp;__sign=7e64ce402b1cfdcfcaa8635183a92645&amp;__ts=1411025789030\">http:\/\/support.google.com\/chrome\/bin\/answer.py?hl=es&amp;answer=95647<\/a><\/p>\n\n\n\n<p>\u00b7Explorer&nbsp;<a href=\"http:\/\/www.1and1.es\/deref?link=http%3A%2F%2Fwindows.microsoft.com%2Fes-es%2Fwindows7%2Fhow-to-manage-cookies-in-internet-explorer-9&amp;__sign=d63c3baa26c9af068033b224339ecfb1&amp;__ts=1411025789030\">http:\/\/windows.microsoft.com\/es-es\/windows7\/how-to-manage-cookies-in-internet-explorer-9<\/a><\/p>\n\n\n\n<p>\u00b7Firefox&nbsp;<a href=\"http:\/\/www.1and1.es\/deref?link=http%3A%2F%2Fsupport.mozilla.org%2Fes%2Fkb%2Fhabilitar-y-deshabilitar-cookies-que-los-sitios-we&amp;__sign=65f986a3b9f9ef8e98b60623a3d6cb05&amp;__ts=1411025789030\">http:\/\/support.mozilla.org\/es\/kb\/habilitar-y-deshabilitar-cookies-que-los-sitios-we<\/a><\/p>\n\n\n\n<p>\u00b7Safari &nbsp;<a href=\"http:\/\/www.1and1.es\/deref?link=http%3A%2F%2Fsupport.apple.com%2Fkb%2Fph5042&amp;__sign=fda35b1e104748811da1e9b4984d71b0&amp;__ts=1411025789030\">http:\/\/support.apple.com\/kb\/ph5042<\/a><\/p>\n\n\n\n<p><\/p>\n","protected":false},"excerpt":{"rendered":"<p>\u00bfQu\u00e9 es una cookie? Las cookies son&nbsp; ficheros que se descargan en el terminal (ordenador\/smartphone\/tablet) del usuario al acceder a determinadas p\u00e1ginas web y que se almacenan en la memoria del mismo. Las cookies permiten, entre otras cosas, almacenar y recuperar informaci\u00f3n sobre los h\u00e1bitos de navegaci\u00f3n de un usuario o de su equipo, ver [&hellip;]<\/p>\n","protected":false},"author":1,"featured_media":0,"parent":0,"menu_order":0,"comment_status":"closed","ping_status":"closed","template":"","meta":{"footnotes":""},"class_list":["post-87","page","type-page","status-publish","hentry"],"_links":{"self":[{"href":"https:\/\/macozag.com\/index.php?rest_route=\/wp\/v2\/pages\/87","targetHints":{"allow":["GET"]}}],"collection":[{"href":"https:\/\/macozag.com\/index.php?rest_route=\/wp\/v2\/pages"}],"about":[{"href":"https:\/\/macozag.com\/index.php?rest_route=\/wp\/v2\/types\/page"}],"author":[{"embeddable":true,"href":"https:\/\/macozag.com\/index.php?rest_route=\/wp\/v2\/users\/1"}],"replies":[{"embeddable":true,"href":"https:\/\/macozag.com\/index.php?rest_route=%2Fwp%2Fv2%2Fcomments&post=87"}],"version-history":[{"count":1,"href":"https:\/\/macozag.com\/index.php?rest_route=\/wp\/v2\/pages\/87\/revisions"}],"predecessor-version":[{"id":88,"href":"https:\/\/macozag.com\/index.php?rest_route=\/wp\/v2\/pages\/87\/revisions\/88"}],"wp:attachment":[{"href":"https:\/\/macozag.com\/index.php?rest_route=%2Fwp%2Fv2%2Fmedia&parent=87"}],"curies":[{"name":"wp","href":"https:\/\/api.w.org\/{rel}","templated":true}]}}